{"id":2982,"date":"2018-11-14T17:47:11","date_gmt":"2018-11-14T16:47:11","guid":{"rendered":"http:\/\/www.cobe.fr\/?page_id=2982"},"modified":"2026-03-30T18:36:19","modified_gmt":"2026-03-30T16:36:19","slug":"agencia","status":"publish","type":"page","link":"https:\/\/cobe.fr\/pt\/agence\/","title":{"rendered":"A ag\u00eancia"},"content":{"rendered":"<div class=\"wp-block-columns is-layout-flex wp-container-core-columns-is-layout-28f84493 wp-block-columns-is-layout-flex\">\n<div class=\"wp-block-column is-layout-flow wp-block-column-is-layout-flow\">\n<h2 class=\"wp-block-heading has-text-align-center\" style=\"font-size:clamp(14px, 0.875rem + ((1vw - 3.2px) * 0.313), 18px);text-transform:capitalize\"><strong><a href=\"https:\/\/cobe.fr\/pt\/agencia\/cobe-a-paris\/\"><span style=\"text-decoration: underline;\">paris<\/span><\/a><\/strong><\/h2>\n\n\n\n<figure class=\"wp-block-image size-full\"><a href=\"https:\/\/cobe.fr\/pt\/agencia\/cobe-a-paris\/\"><img loading=\"lazy\" decoding=\"async\" width=\"300\" height=\"375\" src=\"https:\/\/cobe.fr\/wp-content\/uploads\/2022\/09\/1_SIEGE-DE-COBE-13230-Copie.jpg\" alt=\"CoBe - Agence Paris\" class=\"wp-image-9887\" srcset=\"https:\/\/cobe.fr\/wp-content\/uploads\/2022\/09\/1_SIEGE-DE-COBE-13230-Copie.jpg 300w, https:\/\/cobe.fr\/wp-content\/uploads\/2022\/09\/1_SIEGE-DE-COBE-13230-Copie-240x300.jpg 240w, https:\/\/cobe.fr\/wp-content\/uploads\/2022\/09\/1_SIEGE-DE-COBE-13230-Copie-10x12.jpg 10w\" sizes=\"auto, (max-width: 300px) 100vw, 300px\" \/><\/a><\/figure>\n<\/div>\n\n\n\n<div class=\"wp-block-column is-layout-flow wp-block-column-is-layout-flow\">\n<h2 class=\"wp-block-heading has-text-align-center\" style=\"font-size:clamp(14px, 0.875rem + ((1vw - 3.2px) * 0.313), 18px);text-transform:capitalize\"><strong><a href=\"https:\/\/cobe.fr\/pt\/agencia\/cobe-a-bordeaux\/\"><span style=\"text-decoration: underline;\">borgonha<\/span><\/a><\/strong><\/h2>\n\n\n\n<figure class=\"wp-block-image size-full\"><a href=\"https:\/\/cobe.fr\/pt\/agencia\/cobe-a-bordeaux\/\"><img loading=\"lazy\" decoding=\"async\" width=\"300\" height=\"375\" src=\"https:\/\/cobe.fr\/wp-content\/uploads\/2023\/03\/MicrosoftTeams-image-31-Copie.jpg\" alt=\"CoBe Bordeaux\" class=\"wp-image-10674\" srcset=\"https:\/\/cobe.fr\/wp-content\/uploads\/2023\/03\/MicrosoftTeams-image-31-Copie.jpg 300w, https:\/\/cobe.fr\/wp-content\/uploads\/2023\/03\/MicrosoftTeams-image-31-Copie-240x300.jpg 240w, https:\/\/cobe.fr\/wp-content\/uploads\/2023\/03\/MicrosoftTeams-image-31-Copie-10x12.jpg 10w\" sizes=\"auto, (max-width: 300px) 100vw, 300px\" \/><\/a><\/figure>\n<\/div>\n\n\n\n<div class=\"wp-block-column is-layout-flow wp-block-column-is-layout-flow\">\n<h2 class=\"wp-block-heading has-text-align-center\" style=\"font-size:clamp(14px, 0.875rem + ((1vw - 3.2px) * 0.313), 18px);text-transform:capitalize\"><strong><a href=\"https:\/\/cobe.fr\/pt\/agencia\/cobe-a-marseille\/\">Marselha<\/a><\/strong><\/h2>\n\n\n\n<figure class=\"wp-block-image size-full\"><a href=\"https:\/\/cobe.fr\/pt\/agencia\/cobe-a-marseille\/\"><img loading=\"lazy\" decoding=\"async\" width=\"300\" height=\"375\" src=\"https:\/\/cobe.fr\/wp-content\/uploads\/2023\/03\/SIEGE-DE-COBE-13345-Copie.jpg\" alt=\"CoBe Marselha\" class=\"wp-image-10672\" srcset=\"https:\/\/cobe.fr\/wp-content\/uploads\/2023\/03\/SIEGE-DE-COBE-13345-Copie.jpg 300w, https:\/\/cobe.fr\/wp-content\/uploads\/2023\/03\/SIEGE-DE-COBE-13345-Copie-240x300.jpg 240w, https:\/\/cobe.fr\/wp-content\/uploads\/2023\/03\/SIEGE-DE-COBE-13345-Copie-10x12.jpg 10w\" sizes=\"auto, (max-width: 300px) 100vw, 300px\" \/><\/a><\/figure>\n<\/div>\n\n\n\n<div class=\"wp-block-column is-layout-flow wp-block-column-is-layout-flow\">\n<h2 class=\"wp-block-heading has-text-align-center\" style=\"font-size:clamp(14px, 0.875rem + ((1vw - 3.2px) * 0.313), 18px);text-transform:capitalize\"><strong><a href=\"https:\/\/cobe.fr\/pt\/agencia\/cobe-a-paris-2\/\">Lorient<\/a><\/strong><\/h2>\n\n\n\n<figure class=\"wp-block-image size-full\"><a href=\"https:\/\/cobe.fr\/pt\/agencia\/cobe-a-paris-2\/\"><img loading=\"lazy\" decoding=\"async\" width=\"300\" height=\"375\" src=\"https:\/\/cobe.fr\/wp-content\/uploads\/2023\/12\/COMPERE-NB.png\" alt=\"CoMPERE, uma filial do grupo CoBe em Quimperl\u00e9\" class=\"wp-image-11467\" srcset=\"https:\/\/cobe.fr\/wp-content\/uploads\/2023\/12\/COMPERE-NB.png 300w, https:\/\/cobe.fr\/wp-content\/uploads\/2023\/12\/COMPERE-NB-240x300.png 240w, https:\/\/cobe.fr\/wp-content\/uploads\/2023\/12\/COMPERE-NB-10x12.png 10w\" sizes=\"auto, (max-width: 300px) 100vw, 300px\" \/><\/a><\/figure>\n<\/div>\n\n\n\n<div class=\"wp-block-column is-layout-flow wp-block-column-is-layout-flow\">\n<h2 class=\"wp-block-heading has-text-align-center\" style=\"font-size:clamp(14px, 0.875rem + ((1vw - 3.2px) * 0.313), 18px);text-transform:capitalize\"><strong><a href=\"https:\/\/cobe.fr\/pt\/agencia\/cobe-a-porto\/\">porto<\/a><\/strong><\/h2>\n\n\n\n<figure class=\"wp-block-image size-full\"><a href=\"https:\/\/cobe.fr\/pt\/agencia\/cobe-a-porto\/\"><img loading=\"lazy\" decoding=\"async\" width=\"300\" height=\"375\" src=\"https:\/\/cobe.fr\/wp-content\/uploads\/2022\/09\/cobe-porto.jpg\" alt=\"Ag\u00eancia CoBe Porto\" class=\"wp-image-9890\" srcset=\"https:\/\/cobe.fr\/wp-content\/uploads\/2022\/09\/cobe-porto.jpg 300w, https:\/\/cobe.fr\/wp-content\/uploads\/2022\/09\/cobe-porto-240x300.jpg 240w, https:\/\/cobe.fr\/wp-content\/uploads\/2022\/09\/cobe-porto-10x12.jpg 10w\" sizes=\"auto, (max-width: 300px) 100vw, 300px\" \/><\/a><\/figure>\n<\/div>\n\n\n\n<div class=\"wp-block-column is-layout-flow wp-block-column-is-layout-flow\">\n<h2 class=\"wp-block-heading has-text-align-center\" style=\"font-size:clamp(14px, 0.875rem + ((1vw - 3.2px) * 0.313), 18px);text-transform:capitalize\"><strong><a href=\"https:\/\/cobe.fr\/pt\/agencia\/cobe-a-lisboa\/\">lisboa<\/a><\/strong><\/h2>\n\n\n\n<figure class=\"wp-block-image size-full\"><a href=\"https:\/\/cobe.fr\/pt\/agencia\/cobe-a-lisboa\/\"><img loading=\"lazy\" decoding=\"async\" width=\"300\" height=\"375\" src=\"https:\/\/cobe.fr\/wp-content\/uploads\/2022\/07\/cobe-lisbonne.jpg\" alt=\"Ag\u00eancia CoBe Lisboa\" class=\"wp-image-8088\" srcset=\"https:\/\/cobe.fr\/wp-content\/uploads\/2022\/07\/cobe-lisbonne.jpg 300w, https:\/\/cobe.fr\/wp-content\/uploads\/2022\/07\/cobe-lisbonne-240x300.jpg 240w, https:\/\/cobe.fr\/wp-content\/uploads\/2022\/07\/cobe-lisbonne-10x12.jpg 10w\" sizes=\"auto, (max-width: 300px) 100vw, 300px\" \/><\/a><\/figure>\n<\/div>\n\n\n\n<div class=\"wp-block-column is-layout-flow wp-block-column-is-layout-flow\">\n<h2 class=\"wp-block-heading has-text-align-center\" style=\"font-size:clamp(14px, 0.875rem + ((1vw - 3.2px) * 0.313), 18px);text-transform:capitalize\"><strong><a href=\"https:\/\/cobe.fr\/pt\/agencia\/cobe-em-valencia\/\">Val\u00eancia<\/a><\/strong><\/h2>\n\n\n\n<figure class=\"wp-block-image size-full\"><a href=\"https:\/\/cobe.fr\/pt\/agencia\/cobe-em-valencia\/\"><img loading=\"lazy\" decoding=\"async\" width=\"300\" height=\"375\" src=\"https:\/\/cobe.fr\/wp-content\/uploads\/2023\/12\/DSF4055BW-Copie.jpg\" alt=\"espiga\" class=\"wp-image-11468\" srcset=\"https:\/\/cobe.fr\/wp-content\/uploads\/2023\/12\/DSF4055BW-Copie.jpg 300w, https:\/\/cobe.fr\/wp-content\/uploads\/2023\/12\/DSF4055BW-Copie-240x300.jpg 240w, https:\/\/cobe.fr\/wp-content\/uploads\/2023\/12\/DSF4055BW-Copie-10x12.jpg 10w\" sizes=\"auto, (max-width: 300px) 100vw, 300px\" \/><\/a><\/figure>\n<\/div>\n<\/div>\n\n\n\n<h2 class=\"wp-block-heading has-text-align-center\"><strong>A hist\u00f3ria da ag\u00eancia<\/strong><\/h2>\n\n\n\n<div style=\"height:42px\" aria-hidden=\"true\" class=\"wp-block-spacer\"><\/div>\n\n\n\n<p class=\"has-text-align-center has-small-font-size\"><strong>Fundada em 2002, a ag\u00eancia CoBe re\u00fane as \u00e1reas de arquitetura, urbanismo, paisagismo, gest\u00e3o de obras e design.<\/strong><\/p>\n\n\n\n<p class=\"has-text-align-center\">Integra nas cria\u00e7\u00f5es que concebe a capacidade de corrigir rupturas, de criar novas liga\u00e7\u00f5es, de olhar para o futuro atrav\u00e9s das suas compet\u00eancias interdisciplinares, com benevol\u00eancia e confian\u00e7a.<\/p>\n\n\n\n<p class=\"has-text-align-center\">Desenhar a cidade significa libertar espa\u00e7o, optimizar a sua utiliza\u00e7\u00e3o, reciclagem e reutiliza\u00e7\u00e3o. Incluimos esta vis\u00e3o em todos os projectos, desde as primeiras ideias, desde os primeiros esbo\u00e7os. A nossa vis\u00e3o pensa na liga\u00e7\u00e3o, considera a paisagem dentro da paisagem, a cidade dentro da cidade.<\/p>\n\n\n\n<p class=\"has-text-align-center has-small-font-size\"><strong>Em Fran\u00e7a, Portugal e Espanha, a CoBe est\u00e1 presente em tantos territ\u00f3rios que rodeiam estas cidades, todos eles com uma hist\u00f3ria, uma cultura singular, uma paisagem, uma pr\u00e1tica de arquitetura e constru\u00e7\u00e3o e um modo de vida pr\u00f3prios dos seus habitantes.<\/strong><\/p>\n\n\n\n<p class=\"has-text-align-center\">O CoBe \u00e9 enriquecido pelo contexto dos seus projectos, partilha as suas experi\u00eancias para enriquecer a sua pr\u00e1tica.  A ag\u00eancia constr\u00f3i a sua metodologia de trabalho com os seus parceiros e clientes a partir deste \u00e2ngulo, o da responsabilidade, da escuta e da co-constru\u00e7\u00e3o.<\/p>\n\n\n\n<p class=\"has-text-align-center\">Este \u00e9 o significado do compromisso dos 80 empregados que comp\u00f5em as equipas multidisciplinares do CoBe. Equilibrar, criar, proteger, enriquecer e projectar elos, criando espa\u00e7os mais coerentes, mais criativos e mais justos para o bem comum.<\/p>\n\n\n\n<div style=\"height:40px\" aria-hidden=\"true\" class=\"wp-block-spacer\"><\/div>","protected":false},"excerpt":{"rendered":"<p>paris bordeaux Marseille Lorient porto lisbonne Valencia L&rsquo;histoire de l&rsquo;agence Fond\u00e9e en 2002, l\u2019agence CoBe regroupe les m\u00e9tiers de l\u2019architecture, de l\u2019urbanisme, du paysage, de la conduite de chantier et du design. Elle int\u00e8gre dans les cr\u00e9ations qu\u2019elle dessine la capacit\u00e9 \u00e0 corriger les ruptures, \u00e0 cr\u00e9er des liens nouveaux, \u00e0 regarder l\u2019avenir par le [&hellip;]<\/p>\n","protected":false},"author":2,"featured_media":0,"parent":0,"menu_order":0,"comment_status":"closed","ping_status":"closed","template":"","meta":{"_seopress_robots_primary_cat":"","_seopress_titles_title":"","_seopress_titles_desc":"Au tout d\u00e9but se produit la rencontre \u00e0 L\u2019\u00c9cole d\u2019Architecture de Belleville et la cr\u00e9ation par les trois premiers associ\u00e9s fondateurs de CoBe en 2002...","_seopress_robots_index":"","_vp_format_video_url":"","_vp_image_focal_point":[],"footnotes":""},"class_list":["post-2982","page","type-page","status-publish","hentry"],"blocksy_meta":{"styles_descriptor":{"styles":{"desktop":"[data-prefix=\"single_page\"] {background-color:var(--theme-palette-color-7);background-image:none;}","tablet":"","mobile":""},"google_fonts":[],"version":6},"background":{"desktop":{"background_type":"color","background_pattern":"type-1","background_image":{"attachment_id":null,"x":0,"y":0},"gradient":"linear-gradient(135deg,rgba(6,147,227,1) 0%,rgb(155,81,224) 100%)","background_repeat":"repeat","background_size":"auto","background_attachment":"scroll","patternColor":{"default":{"color":"#e5e7ea"}},"overlayColor":{"default":{"color":"CT_CSS_SKIP_RULE"}},"backgroundColor":{"default":{"color":"var(--theme-palette-color-7)"}}},"tablet":{"background_type":"color","background_pattern":"type-1","background_image":{"attachment_id":null,"x":0,"y":0},"gradient":"linear-gradient(135deg,rgba(6,147,227,1) 0%,rgb(155,81,224) 100%)","background_repeat":"repeat","background_size":"auto","background_attachment":"scroll","patternColor":{"default":{"color":"#e5e7ea"}},"overlayColor":{"default":{"color":"CT_CSS_SKIP_RULE"}},"backgroundColor":{"default":{"color":"var(--theme-palette-color-7)"}}},"mobile":{"background_type":"color","background_pattern":"type-1","background_image":{"attachment_id":null,"x":0,"y":0},"gradient":"linear-gradient(135deg,rgba(6,147,227,1) 0%,rgb(155,81,224) 100%)","background_repeat":"repeat","background_size":"auto","background_attachment":"scroll","patternColor":{"default":{"color":"#e5e7ea"}},"overlayColor":{"default":{"color":"CT_CSS_SKIP_RULE"}},"backgroundColor":{"default":{"color":"var(--theme-palette-color-7)"}}},"__changed":[]}},"featured_image_src":"","featured_image_src_square":false,"rbea_author_info":{"display_name":"Victorien Diaz","author_link":"https:\/\/cobe.fr\/pt\/author\/victorien\/"},"rbea_excerpt_info":"paris bordeaux Marseille Lorient porto lisbonne Valencia L&rsquo;histoire de l&rsquo;agence Fond\u00e9e en 2002, l\u2019agence CoBe regroupe les m\u00e9tiers de l\u2019architecture, de l\u2019urbanisme, du paysage, de la conduite de chantier et du design. Elle int\u00e8gre dans les cr\u00e9ations qu\u2019elle dessine la capacit\u00e9 \u00e0 corriger les ruptures, \u00e0 cr\u00e9er des liens nouveaux, \u00e0 regarder l\u2019avenir par le [&hellip;]","_links":{"self":[{"href":"https:\/\/cobe.fr\/pt\/wp-json\/wp\/v2\/pages\/2982","targetHints":{"allow":["GET"]}}],"collection":[{"href":"https:\/\/cobe.fr\/pt\/wp-json\/wp\/v2\/pages"}],"about":[{"href":"https:\/\/cobe.fr\/pt\/wp-json\/wp\/v2\/types\/page"}],"author":[{"embeddable":true,"href":"https:\/\/cobe.fr\/pt\/wp-json\/wp\/v2\/users\/2"}],"replies":[{"embeddable":true,"href":"https:\/\/cobe.fr\/pt\/wp-json\/wp\/v2\/comments?post=2982"}],"version-history":[{"count":3,"href":"https:\/\/cobe.fr\/pt\/wp-json\/wp\/v2\/pages\/2982\/revisions"}],"predecessor-version":[{"id":12947,"href":"https:\/\/cobe.fr\/pt\/wp-json\/wp\/v2\/pages\/2982\/revisions\/12947"}],"wp:attachment":[{"href":"https:\/\/cobe.fr\/pt\/wp-json\/wp\/v2\/media?parent=2982"}],"curies":[{"name":"wp","href":"https:\/\/api.w.org\/{rel}","templated":true}]}}