{"id":13021,"date":"2026-01-22T10:32:25","date_gmt":"2026-01-22T09:32:25","guid":{"rendered":"https:\/\/cobe.fr\/?page_id=13021"},"modified":"2026-05-07T17:04:46","modified_gmt":"2026-05-07T15:04:46","slug":"a-propos","status":"publish","type":"page","link":"https:\/\/cobe.fr\/pt\/a-propos\/","title":{"rendered":"Sobre n\u00f3s"},"content":{"rendered":"<div style=\"height:30px\" aria-hidden=\"true\" class=\"wp-block-spacer\"><\/div>\n\n\n\n<p class=\"has-text-align-center has-medium-font-size\"><strong>\u00ab\u00a0<em>Estamos corajosa e cuidadosamente empenhados na transforma\u00e7\u00e3o sustent\u00e1vel das cidades e regi\u00f5es<\/em>.\u00a0\u00bb<\/strong><\/p>\n\n\n\n<p class=\"has-text-align-center\">Em toda a Europa, a ag\u00eancia re\u00fane arquitectos, urbanistas, arquitectos paisagistas, designers e engenheiros em torno de uma \u00fanica convic\u00e7\u00e3o:<br>a coer\u00eancia de um projeto baseia-se no cruzamento de disciplinas e na escuta das partes interessadas.<\/p>\n\n\n\n<p class=\"has-text-align-center\">Esta abordagem permite conceber projectos em que o ambiente urbano, os edif\u00edcios, o solo, a \u00e1gua e os organismos vivos s\u00e3o considerados em conjunto.<br>Cada projeto combina requisitos t\u00e9cnicos, desafios ambientais e aten\u00e7\u00e3o \u00e0 utiliza\u00e7\u00e3o.<\/p>\n\n\n\n<p class=\"has-text-align-center\">A interfuncionalidade estrutura as pr\u00e1ticas da ag\u00eancia. <br>Permite-nos ligar diferentes escalas, do quil\u00f3metro ao mil\u00edmetro, do territ\u00f3rio ao pormenor, e assegurar a continuidade entre a inten\u00e7\u00e3o e a realiza\u00e7\u00e3o.<\/p>\n\n\n\n<p class=\"has-text-align-center\">Desta forma, CoBe afirma a sua capacidade de apoiar a transforma\u00e7\u00e3o das zonas locais atrav\u00e9s do desenvolvimento de projectos coerentes, sustent\u00e1veis e evolutivos.<\/p>\n\n\n\n<div style=\"height:30px\" aria-hidden=\"true\" class=\"wp-block-spacer\"><\/div>\n\n\n\n<div class=\"wp-block-responsive-block-editor-addons-container responsive-block-editor-addons-block-1e731243-b944-4517-9181-7ea26b24a0f6 block-1e731243-b944-4517-9181-7ea26b24a0f6 alignwide responsive-block-editor-addons-is-root-container\">\n<div class=\"wp-block-responsive-block-editor-addons-container responsive-block-editor-addons-block-72ee1492-d596-49db-ae5d-4813161fa68a block-72ee1492-d596-49db-ae5d-4813161fa68a\">\n<h3 class=\"wp-block-heading has-text-align-center\" style=\"font-size:clamp(14px, 0.875rem + ((1vw - 3.2px) * 0.156), 16px);\">Arquitetura e design<\/h3>\n\n\n\n<figure class=\"wp-block-image size-full\"><a href=\"https:\/\/cobe.fr\/pt\/projectos\/#architecture-design-13287\"><img loading=\"lazy\" decoding=\"async\" width=\"300\" height=\"300\" src=\"https:\/\/cobe.fr\/wp-content\/uploads\/2026\/02\/PAU_2023_CoBe.jpg\" alt=\"pau b\u00e2tiement architecture cobe\" class=\"wp-image-13180\" srcset=\"https:\/\/cobe.fr\/wp-content\/uploads\/2026\/02\/PAU_2023_CoBe.jpg 300w, https:\/\/cobe.fr\/wp-content\/uploads\/2026\/02\/PAU_2023_CoBe-150x150.jpg 150w, https:\/\/cobe.fr\/wp-content\/uploads\/2026\/02\/PAU_2023_CoBe-12x12.jpg 12w\" sizes=\"auto, (max-width: 300px) 100vw, 300px\" \/><\/a><\/figure>\n<\/div>\n\n\n\n<div class=\"wp-block-responsive-block-editor-addons-container responsive-block-editor-addons-block-0b7b6930-7bf8-4048-9b3c-ef5daf445546 block-0b7b6930-7bf8-4048-9b3c-ef5daf445546\">\n<h3 class=\"wp-block-heading has-text-align-center\" style=\"font-size:clamp(14px, 0.875rem + ((1vw - 3.2px) * 0.156), 16px);\">Urbanismo e Paisagem<\/h3>\n\n\n\n<figure class=\"wp-block-image size-full\"><a href=\"https:\/\/cobe.fr\/pt\/projectos\/#urbanisme-paysage-13287\"><img loading=\"lazy\" decoding=\"async\" width=\"300\" height=\"300\" src=\"https:\/\/cobe.fr\/wp-content\/uploads\/2026\/02\/epinay-sous-senart-cobe.jpg\" alt=\"epinay sous senart CoBe\" class=\"wp-image-13181\" srcset=\"https:\/\/cobe.fr\/wp-content\/uploads\/2026\/02\/epinay-sous-senart-cobe.jpg 300w, https:\/\/cobe.fr\/wp-content\/uploads\/2026\/02\/epinay-sous-senart-cobe-150x150.jpg 150w, https:\/\/cobe.fr\/wp-content\/uploads\/2026\/02\/epinay-sous-senart-cobe-12x12.jpg 12w\" sizes=\"auto, (max-width: 300px) 100vw, 300px\" \/><\/a><\/figure>\n<\/div>\n\n\n\n<div class=\"wp-block-responsive-block-editor-addons-container responsive-block-editor-addons-block-ee67b323-a7c9-406f-b703-3676fcdd2b5f block-ee67b323-a7c9-406f-b703-3676fcdd2b5f\">\n<h2 class=\"wp-block-heading has-text-align-center\" style=\"font-size:clamp(14px, 0.875rem + ((1vw - 3.2px) * 0.156), 16px);\">Gest\u00e3o de projectos<\/h2>\n\n\n\n<figure class=\"wp-block-image size-full\"><a href=\"https:\/\/cobe.fr\/pt\/projectos\/#maitrise-doeuvre-dexecution-13287\"><img alt=\"agence architecture,Urbanisme et paysage,Ma\u00eetrise d&#039;oeuvre et d&#039;ex\u00e9cution,Agence architecture europ\u00e9enne,architecture France\" loading=\"lazy\" decoding=\"async\" width=\"300\" height=\"300\" src=\"https:\/\/cobe.fr\/wp-content\/uploads\/2026\/02\/chantier-bagneux2.jpg\" class=\"wp-image-13182\" srcset=\"https:\/\/cobe.fr\/wp-content\/uploads\/2026\/02\/chantier-bagneux2.jpg 300w, https:\/\/cobe.fr\/wp-content\/uploads\/2026\/02\/chantier-bagneux2-150x150.jpg 150w, https:\/\/cobe.fr\/wp-content\/uploads\/2026\/02\/chantier-bagneux2-12x12.jpg 12w\" sizes=\"auto, (max-width: 300px) 100vw, 300px\" \/><\/a><\/figure>\n<\/div>\n\n\n\n<div class=\"wp-block-responsive-block-editor-addons-container responsive-block-editor-addons-block-33444506-b0c6-40f4-bea0-8b50b264f87f block-33444506-b0c6-40f4-bea0-8b50b264f87f\">\n<h2 class=\"wp-block-heading has-text-align-center\" style=\"font-size:clamp(14px, 0.875rem + ((1vw - 3.2px) * 0.156), 16px);\">Perspectivas<\/h2>\n\n\n\n<figure class=\"wp-block-image size-full\"><img alt=\"agence architecture,Urbanisme et paysage,Ma\u00eetrise d&#039;oeuvre et d&#039;ex\u00e9cution,Agence architecture europ\u00e9enne,architecture France\" loading=\"lazy\" decoding=\"async\" width=\"300\" height=\"300\" src=\"https:\/\/cobe.fr\/wp-content\/uploads\/2026\/02\/casa-do-mel-1.jpg\" class=\"wp-image-13183\" srcset=\"https:\/\/cobe.fr\/wp-content\/uploads\/2026\/02\/casa-do-mel-1.jpg 300w, https:\/\/cobe.fr\/wp-content\/uploads\/2026\/02\/casa-do-mel-1-150x150.jpg 150w, https:\/\/cobe.fr\/wp-content\/uploads\/2026\/02\/casa-do-mel-1-12x12.jpg 12w\" sizes=\"auto, (max-width: 300px) 100vw, 300px\" \/><\/figure>\n<\/div>\n<\/div>\n\n\n\n<div style=\"height:30px\" aria-hidden=\"true\" class=\"wp-block-spacer\"><\/div>\n\n\n\n<h2 class=\"wp-block-heading has-text-align-center\">Os parceiros<\/h2>\n\n\n\n<div style=\"height:20px\" aria-hidden=\"true\" class=\"wp-block-spacer\"><\/div>\n\n\n\n<div class=\"wp-block-responsive-block-editor-addons-container responsive-block-editor-addons-block-7310c60b-6a38-485f-bdfe-9ff3c924e6a5 block-7310c60b-6a38-485f-bdfe-9ff3c924e6a5 alignfull responsive-block-editor-addons-is-root-container\">\n<div class=\"wp-block-responsive-block-editor-addons-container responsive-block-editor-addons-block-2b932219-e760-4b0e-8f03-61419d88d7e7 block-2b932219-e760-4b0e-8f03-61419d88d7e7\">\n<figure class=\"wp-block-image aligncenter size-full\"><img loading=\"lazy\" decoding=\"async\" width=\"300\" height=\"334\" src=\"https:\/\/cobe.fr\/wp-content\/uploads\/2022\/07\/FTAIL-1.jpg\" alt=\"Fabrice Taillandier CoBe\" class=\"wp-image-8110\" style=\"aspect-ratio:3\/2;object-fit:cover\" srcset=\"https:\/\/cobe.fr\/wp-content\/uploads\/2022\/07\/FTAIL-1.jpg 300w, https:\/\/cobe.fr\/wp-content\/uploads\/2022\/07\/FTAIL-1-269x300.jpg 269w, https:\/\/cobe.fr\/wp-content\/uploads\/2022\/07\/FTAIL-1-11x12.jpg 11w\" sizes=\"auto, (max-width: 300px) 100vw, 300px\" \/><figcaption class=\"wp-element-caption\"><strong>Fabrice TAILLANDIER<\/strong><br>Departamento de Gest\u00e3o de Projectos<\/figcaption><\/figure>\n<\/div>\n\n\n\n<div class=\"wp-block-responsive-block-editor-addons-container responsive-block-editor-addons-block-acff3ad2-d1ea-48a6-a60e-9365e8953853 block-acff3ad2-d1ea-48a6-a60e-9365e8953853\">\n<figure class=\"wp-block-image aligncenter size-full\"><img loading=\"lazy\" decoding=\"async\" width=\"300\" height=\"334\" src=\"https:\/\/cobe.fr\/wp-content\/uploads\/2024\/01\/05-Luc-MONEGER-BD.jpg\" alt=\"CoBe - Luc Mon\u00e9ger paisagista associado - diretor do departamento de urbanismo e paisagem\" class=\"wp-image-11562\" style=\"aspect-ratio:3\/2;object-fit:cover\" srcset=\"https:\/\/cobe.fr\/wp-content\/uploads\/2024\/01\/05-Luc-MONEGER-BD.jpg 300w, https:\/\/cobe.fr\/wp-content\/uploads\/2024\/01\/05-Luc-MONEGER-BD-269x300.jpg 269w, https:\/\/cobe.fr\/wp-content\/uploads\/2024\/01\/05-Luc-MONEGER-BD-11x12.jpg 11w\" sizes=\"auto, (max-width: 300px) 100vw, 300px\" \/><figcaption class=\"wp-element-caption\"><strong>Luc MONEGER<\/strong><br>P\u00f3lo de Urbanismo e Paisagismo<br><em>Fran\u00e7a e Espanha<\/em><\/figcaption><\/figure>\n\n\n\n<figure class=\"wp-block-image size-full\"><img alt=\"agence architecture,Urbanisme et paysage,Ma\u00eetrise d&#039;oeuvre et d&#039;ex\u00e9cution,Agence architecture europ\u00e9enne,architecture France\" loading=\"lazy\" decoding=\"async\" width=\"300\" height=\"334\" src=\"https:\/\/cobe.fr\/wp-content\/uploads\/2026\/05\/Jean-michel.jpg\" class=\"wp-image-13945\" style=\"aspect-ratio:3\/2;object-fit:cover\" srcset=\"https:\/\/cobe.fr\/wp-content\/uploads\/2026\/05\/Jean-michel.jpg 300w, https:\/\/cobe.fr\/wp-content\/uploads\/2026\/05\/Jean-michel-269x300.jpg 269w, https:\/\/cobe.fr\/wp-content\/uploads\/2026\/05\/Jean-michel-11x12.jpg 11w\" sizes=\"auto, (max-width: 300px) 100vw, 300px\" \/><figcaption class=\"wp-element-caption\"><strong>Jean-Michel MARQUES<\/strong><br>Filial do Porto<\/figcaption><\/figure>\n\n\n\n<p class=\"has-small-font-size\"><\/p>\n<\/div>\n\n\n\n<div class=\"wp-block-responsive-block-editor-addons-container responsive-block-editor-addons-block-10049f84-3873-4ff4-be7c-b746a4e92b60 block-10049f84-3873-4ff4-be7c-b746a4e92b60\">\n<figure class=\"wp-block-image size-full\"><img loading=\"lazy\" decoding=\"async\" width=\"300\" height=\"334\" src=\"https:\/\/cobe.fr\/wp-content\/uploads\/2022\/07\/MARTIN-1.jpg\" alt=\"Martin Lemerre CoBe\" class=\"wp-image-8137\" style=\"aspect-ratio:3\/2;object-fit:cover\" srcset=\"https:\/\/cobe.fr\/wp-content\/uploads\/2022\/07\/MARTIN-1.jpg 300w, https:\/\/cobe.fr\/wp-content\/uploads\/2022\/07\/MARTIN-1-269x300.jpg 269w, https:\/\/cobe.fr\/wp-content\/uploads\/2022\/07\/MARTIN-1-11x12.jpg 11w\" sizes=\"auto, (max-width: 300px) 100vw, 300px\" \/><figcaption class=\"wp-element-caption\"><strong>Martin LEMERRE<\/strong><br>P\u00f3lo de Arquitetura<br><em>Fran\u00e7a e Portugal<\/em><\/figcaption><\/figure>\n\n\n\n<figure class=\"wp-block-image size-full\"><img loading=\"lazy\" decoding=\"async\" width=\"300\" height=\"334\" src=\"https:\/\/cobe.fr\/wp-content\/uploads\/2022\/07\/Thierry-RAMOS_CoBe-Porto.jpg\" alt=\"Thierry Ramos, CoBe\" class=\"wp-image-8138\" style=\"aspect-ratio:3\/2;object-fit:cover\" srcset=\"https:\/\/cobe.fr\/wp-content\/uploads\/2022\/07\/Thierry-RAMOS_CoBe-Porto.jpg 300w, https:\/\/cobe.fr\/wp-content\/uploads\/2022\/07\/Thierry-RAMOS_CoBe-Porto-269x300.jpg 269w, https:\/\/cobe.fr\/wp-content\/uploads\/2022\/07\/Thierry-RAMOS_CoBe-Porto-11x12.jpg 11w\" sizes=\"auto, (max-width: 300px) 100vw, 300px\" \/><figcaption class=\"wp-element-caption\"><strong>Thierry RAMOS<\/strong><br>Filial do Porto<\/figcaption><\/figure>\n\n\n\n<p class=\"has-small-font-size\"><\/p>\n<\/div>\n\n\n\n<div class=\"wp-block-responsive-block-editor-addons-container responsive-block-editor-addons-block-2f491442-2747-4a3d-b741-d729bdc63b70 block-2f491442-2747-4a3d-b741-d729bdc63b70\">\n<figure class=\"wp-block-image size-full\"><img loading=\"lazy\" decoding=\"async\" width=\"300\" height=\"334\" src=\"https:\/\/cobe.fr\/wp-content\/uploads\/2022\/07\/RAPH-1.jpg\" alt=\"CoBe Rapha\u00ebl Denis\" class=\"wp-image-8112\" style=\"aspect-ratio:3\/2;object-fit:cover\" srcset=\"https:\/\/cobe.fr\/wp-content\/uploads\/2022\/07\/RAPH-1.jpg 300w, https:\/\/cobe.fr\/wp-content\/uploads\/2022\/07\/RAPH-1-269x300.jpg 269w, https:\/\/cobe.fr\/wp-content\/uploads\/2022\/07\/RAPH-1-11x12.jpg 11w\" sizes=\"auto, (max-width: 300px) 100vw, 300px\" \/><figcaption class=\"wp-element-caption\"><strong>Rapha\u00ebl DENIS<\/strong><br>Presidente SAS Comp\u00e8re<\/figcaption><\/figure>\n<\/div>\n<\/div>\n\n\n\n<div class=\"wp-block-responsive-block-editor-addons-container responsive-block-editor-addons-block-c5269d52-d832-4a6e-a0ed-caeb67e3148b block-c5269d52-d832-4a6e-a0ed-caeb67e3148b alignfull responsive-block-editor-addons-is-root-container\">\n<div class=\"wp-block-responsive-block-editor-addons-container responsive-block-editor-addons-block-393b30dc-ae3e-4f15-a7d8-b9018f5de625 block-393b30dc-ae3e-4f15-a7d8-b9018f5de625\">\n<figure class=\"wp-block-image aligncenter size-full\"><img loading=\"lazy\" decoding=\"async\" width=\"300\" height=\"334\" src=\"https:\/\/cobe.fr\/wp-content\/uploads\/2022\/07\/FTAIL-1.jpg\" alt=\"Fabrice Taillandier CoBe\" class=\"wp-image-8110\" style=\"object-fit:cover\" srcset=\"https:\/\/cobe.fr\/wp-content\/uploads\/2022\/07\/FTAIL-1.jpg 300w, https:\/\/cobe.fr\/wp-content\/uploads\/2022\/07\/FTAIL-1-269x300.jpg 269w, https:\/\/cobe.fr\/wp-content\/uploads\/2022\/07\/FTAIL-1-11x12.jpg 11w\" sizes=\"auto, (max-width: 300px) 100vw, 300px\" \/><figcaption class=\"wp-element-caption\"><strong>Fabrice TAILLANDIER<\/strong><br>Departamento de Gest\u00e3o de Projectos<\/figcaption><\/figure>\n<\/div>\n\n\n\n<div class=\"wp-block-responsive-block-editor-addons-container responsive-block-editor-addons-block-0cafd2e3-480e-4902-872c-7024f1232444 block-0cafd2e3-480e-4902-872c-7024f1232444\">\n<figure class=\"wp-block-image aligncenter size-full\"><img loading=\"lazy\" decoding=\"async\" width=\"300\" height=\"334\" src=\"https:\/\/cobe.fr\/wp-content\/uploads\/2024\/01\/05-Luc-MONEGER-BD.jpg\" alt=\"CoBe - Luc Mon\u00e9ger paisagista associado - diretor do departamento de urbanismo e paisagem\" class=\"wp-image-11562\" srcset=\"https:\/\/cobe.fr\/wp-content\/uploads\/2024\/01\/05-Luc-MONEGER-BD.jpg 300w, https:\/\/cobe.fr\/wp-content\/uploads\/2024\/01\/05-Luc-MONEGER-BD-269x300.jpg 269w, https:\/\/cobe.fr\/wp-content\/uploads\/2024\/01\/05-Luc-MONEGER-BD-11x12.jpg 11w\" sizes=\"auto, (max-width: 300px) 100vw, 300px\" \/><figcaption class=\"wp-element-caption\"><strong>Luc MONEGER<\/strong><br>P\u00f3lo de Urbanismo e Paisagismo<br><em>Fran\u00e7a e Espanha<\/em><\/figcaption><\/figure>\n\n\n\n<p class=\"has-small-font-size\"><\/p>\n<\/div>\n\n\n\n<div class=\"wp-block-responsive-block-editor-addons-container responsive-block-editor-addons-block-c6cdb0dd-2290-47de-9074-aeaffcd3be71 block-c6cdb0dd-2290-47de-9074-aeaffcd3be71\">\n<figure class=\"wp-block-image size-full\"><img loading=\"lazy\" decoding=\"async\" width=\"300\" height=\"334\" src=\"https:\/\/cobe.fr\/wp-content\/uploads\/2022\/07\/MARTIN-1.jpg\" alt=\"Martin Lemerre CoBe\" class=\"wp-image-8137\" srcset=\"https:\/\/cobe.fr\/wp-content\/uploads\/2022\/07\/MARTIN-1.jpg 300w, https:\/\/cobe.fr\/wp-content\/uploads\/2022\/07\/MARTIN-1-269x300.jpg 269w, https:\/\/cobe.fr\/wp-content\/uploads\/2022\/07\/MARTIN-1-11x12.jpg 11w\" sizes=\"auto, (max-width: 300px) 100vw, 300px\" \/><figcaption class=\"wp-element-caption\"><strong>Martin LEMERRE<\/strong><br>P\u00f3lo de Arquitetura<br><em>Fran\u00e7a e Portugal<\/em><\/figcaption><\/figure>\n\n\n\n<p class=\"has-small-font-size\"><\/p>\n<\/div>\n\n\n\n<div class=\"wp-block-responsive-block-editor-addons-container responsive-block-editor-addons-block-f8bd4454-464c-4df6-ae3a-8905675c77ed block-f8bd4454-464c-4df6-ae3a-8905675c77ed\">\n<figure class=\"wp-block-image size-full\"><img loading=\"lazy\" decoding=\"async\" width=\"300\" height=\"334\" src=\"https:\/\/cobe.fr\/wp-content\/uploads\/2022\/07\/RAPH-1.jpg\" alt=\"CoBe Rapha\u00ebl Denis\" class=\"wp-image-8112\" srcset=\"https:\/\/cobe.fr\/wp-content\/uploads\/2022\/07\/RAPH-1.jpg 300w, https:\/\/cobe.fr\/wp-content\/uploads\/2022\/07\/RAPH-1-269x300.jpg 269w, https:\/\/cobe.fr\/wp-content\/uploads\/2022\/07\/RAPH-1-11x12.jpg 11w\" sizes=\"auto, (max-width: 300px) 100vw, 300px\" \/><figcaption class=\"wp-element-caption\"><strong>Rapha\u00ebl DENIS<\/strong><br>Presidente SAS Comp\u00e8re<\/figcaption><\/figure>\n<\/div>\n<\/div>\n\n\n\n<div class=\"wp-block-responsive-block-editor-addons-container responsive-block-editor-addons-block-ddd9c2de-fb2c-47c7-a19a-3c86e69d8af9 block-ddd9c2de-fb2c-47c7-a19a-3c86e69d8af9 alignfull responsive-block-editor-addons-is-root-container\">\n<div class=\"wp-block-responsive-block-editor-addons-container responsive-block-editor-addons-block-2557fd93-1600-41d3-8ace-4fd8039dc31d block-2557fd93-1600-41d3-8ace-4fd8039dc31d\">\n<figure class=\"wp-block-image size-full\"><img decoding=\"async\" src=\"https:\/\/cobe.fr\/wp-content\/uploads\/2022\/07\/Jean-Michel-MARQUES_CoBe-Porto.jpg\" alt=\"Jean-Michel Marques, CoBe, Porto\" class=\"wp-image-8139\"\/><figcaption class=\"wp-element-caption\"><strong>Jean-Michel MARQUES<\/strong><br>Filial do Porto<\/figcaption><\/figure>\n<\/div>\n\n\n\n<div class=\"wp-block-responsive-block-editor-addons-container responsive-block-editor-addons-block-f46dab93-7fd6-479f-a5fa-cb783d5694c8 block-f46dab93-7fd6-479f-a5fa-cb783d5694c8\">\n<figure class=\"wp-block-image size-full\"><img loading=\"lazy\" decoding=\"async\" width=\"300\" height=\"334\" src=\"https:\/\/cobe.fr\/wp-content\/uploads\/2022\/07\/Thierry-RAMOS_CoBe-Porto.jpg\" alt=\"Thierry Ramos, CoBe\" class=\"wp-image-8138\" srcset=\"https:\/\/cobe.fr\/wp-content\/uploads\/2022\/07\/Thierry-RAMOS_CoBe-Porto.jpg 300w, https:\/\/cobe.fr\/wp-content\/uploads\/2022\/07\/Thierry-RAMOS_CoBe-Porto-269x300.jpg 269w, https:\/\/cobe.fr\/wp-content\/uploads\/2022\/07\/Thierry-RAMOS_CoBe-Porto-11x12.jpg 11w\" sizes=\"auto, (max-width: 300px) 100vw, 300px\" \/><figcaption class=\"wp-element-caption\"><strong>Thierry RAMOS<\/strong><br>Filial do Porto<\/figcaption><\/figure>\n<\/div>\n<\/div>\n\n\n\n<div style=\"height:30px\" aria-hidden=\"true\" class=\"wp-block-spacer\"><\/div>\n\n\n\n<h2 class=\"wp-block-heading has-text-align-center\">As equipas<\/h2>\n\n\n\n<div style=\"height:20px\" aria-hidden=\"true\" class=\"wp-block-spacer\"><\/div>\n\n\n\n<div class=\"wp-block-responsive-block-editor-addons-container responsive-block-editor-addons-block-dad36c20-a4b9-436c-8150-b54c2bb7f09d block-dad36c20-a4b9-436c-8150-b54c2bb7f09d alignfull responsive-block-editor-addons-is-root-container\"><div class=\"responsive-block-editor-addons-container-inner-blocks-wrap\">\n<div class=\"wp-block-responsive-block-editor-addons-container responsive-block-editor-addons-block-b3d6f1a1-46fc-4a14-975f-a54447d1276d block-b3d6f1a1-46fc-4a14-975f-a54447d1276d\">\n<p><strong>Arquitetura e design<\/strong><\/p>\n\n\n\n<p class=\"has-text-align-left has-small-font-size\"><br>Martin LEMERRE<br>Agathe CHEVALIER<br>Alexis CHARLOT-ETIENNE<br>Ana FUNDO<br>Allison AUGUSTIN<br>Astrid CHAMPENOIS<br>Beatriz SARAIVA<br>Catia TEIXEIRA<br>Claudie MAHO<br>Clo\u00e9 MARTINE<br>Damien GROLEAU<br>Filipe VIEIRA<br>Gabriella MEDINA<br>Jean-Michel MARQUES<br>Jo\u00e3o-Miguel FELGUEIRAS<br>Jos\u00e9 SANTOS<br>Lauriane TROUSSELLE<br>Livya ROBLES<br>Marilyne BRANGEON<br>Mathieu GALARD<br>Mathieu BERNARDIN<br>Miguel SOUSA<br>Rui PINTO<br>Sara AMORIM<br>Sara AZEVEDO<br>Victoria VERRET<br>Vitor ALMEIDA<br><\/p>\n<\/div>\n\n\n\n<div class=\"wp-block-responsive-block-editor-addons-container responsive-block-editor-addons-block-ca33eb64-5718-43fd-9589-edee4c8a4cb5 block-ca33eb64-5718-43fd-9589-edee4c8a4cb5\">\n<p class=\"has-text-align-left\"><strong>Urbanismo e Paisagem<\/strong><\/p>\n\n\n\n<p class=\"has-text-align-left has-small-font-size\"><br>Luc MONEGER<br>Alice ROLFE<br>\u00c1lvaro FABRA SIMON<br>Aurore DAVID<br>Christopher DOCHE<br>Clarisse CARLIER<br>Denise SAADE<br>Laia SALORT<br>Laure REYDELLET<br>Marianna VETTORETTI<br>Marina RISTO<br>Nina JOLY<br>\u00d3scar SCHLUMBERGER<br>Pauline MECCHI<br>Raquel SANCHEZ<br>Zo\u00e9 FARINI<\/p>\n<\/div>\n\n\n\n<div class=\"wp-block-responsive-block-editor-addons-container responsive-block-editor-addons-block-1a52544e-c8a6-4f3e-a57f-d904ffc95ee6 block-1a52544e-c8a6-4f3e-a57f-d904ffc95ee6\">\n<p class=\"has-text-align-left\"><strong>Projestista<br>Execu\u00e7\u00e3o<\/strong><\/p>\n\n\n\n<p class=\"has-text-align-left has-small-font-size\">Fabrice TAILLANDIER<br>Agathe HEMARD<br>Chirine EL HAMMOUTI<br>Emmanuelle CANUT<br>Fran\u00e7ois ROUSSEAU<br>Mathilde SERIN<br>Yohan BOURDOIS<\/p>\n\n\n\n<p><strong>Desenvolvimento<\/strong><\/p>\n\n\n\n<p class=\"has-text-align-left has-small-font-size\">Rapha\u00ebl DENIS<br>Fabrice TAILLANDIER<br>Luc MONEGER<br>Martin LEMERRE<br>Joaquim FERREIRA<br><\/p>\n<\/div>\n\n\n\n<div class=\"wp-block-responsive-block-editor-addons-container responsive-block-editor-addons-block-f1bc8c51-c61a-49dc-9d66-3e0cc0d1d57e block-f1bc8c51-c61a-49dc-9d66-3e0cc0d1d57e\">\n<p class=\"has-text-align-left\"><strong>Departamento Administrativo e Financeiro<\/strong><\/p>\n\n\n\n<p class=\"has-text-align-left has-small-font-size\">Cyril BOURDIN<br>Faty MBOUP<br>Francisco SUFFO<br>Marie-Alexandra WATTIN<br><\/p>\n\n\n\n<p class=\"has-text-align-left\"><strong>Administra\u00e7\u00e3o<\/strong><\/p>\n\n\n\n<p class=\"has-text-align-left has-small-font-size\">Am\u00e9lie BISCOU<br>Christel LE QUELLEC<br>Perrine WEISBUCH<\/p>\n<\/div>\n<\/div><\/div>\n\n\n\n<div style=\"height:30px\" aria-hidden=\"true\" class=\"wp-block-spacer\"><\/div>\n\n\n\n<h2 class=\"wp-block-heading has-text-align-center\">As oficinas<\/h2>\n\n\n\n<div style=\"height:20px\" aria-hidden=\"true\" class=\"wp-block-spacer\"><\/div>\n\n\n\n<div class=\"wp-block-responsive-block-editor-addons-container responsive-block-editor-addons-block-60efd556-c235-44ee-8a3a-62e83a285641 block-60efd556-c235-44ee-8a3a-62e83a285641 alignfull responsive-block-editor-addons-is-root-container\">\n<div class=\"wp-block-responsive-block-editor-addons-container responsive-block-editor-addons-block-4c2b2192-031f-4515-a3ed-f486f818b10f block-4c2b2192-031f-4515-a3ed-f486f818b10f\">\n<p class=\"has-small-font-size\"><strong>Paris<\/strong><br>30 boulevard Saint-Jacques<br>75014 Paris, Fran\u00e7a<br>Tel: <a href=\"tel:330143663830\">+33 (0) 1 43 66 38 30<\/a><br><a href=\"mailto:contact@cobe.fr\">contact@cobe.fr<\/a><\/p>\n<\/div>\n\n\n\n<div class=\"wp-block-responsive-block-editor-addons-container responsive-block-editor-addons-block-0c16121d-4c98-4780-953b-4e01ee5a2c40 block-0c16121d-4c98-4780-953b-4e01ee5a2c40\">\n<p class=\"has-small-font-size\"><strong>Bordeus<\/strong><br>51 rue de la Compagnie du Midi<br>33800 Bordeaux, Fran\u00e7a<br>Tel: <a href=\"tel:33556243957\" data-type=\"tel\" data-id=\"tel:33556243957\">+33 (0) 5 56 24 39 57<\/a><br><a href=\"mailto:contact@cobe.fr\">contact@cobe.fr<\/a><br><br><br><strong>Gerente de filial<\/strong><br>Agathe CHEVALIER<\/p>\n<\/div>\n\n\n\n<div class=\"wp-block-responsive-block-editor-addons-container responsive-block-editor-addons-block-c66f2d26-b43f-48fb-b341-7b7002befb9f block-c66f2d26-b43f-48fb-b341-7b7002befb9f\">\n<p class=\"has-small-font-size\"><strong>Lorient<\/strong><br>20 bis avenue de la Perri\u00e8re<br>56100 Lorient<br>Tel: <a href=\"tel:33297592788\" data-type=\"tel\" data-id=\"tel:33297592788\">+33 (0) 2 97 59 27 88<\/a><br><a href=\"mailto:contact@architectes-compere.fr\">contact@architectes-compere.fr<\/a><\/p>\n<\/div>\n\n\n\n<div class=\"wp-block-responsive-block-editor-addons-container responsive-block-editor-addons-block-e4df6c49-191a-407a-870b-2668f3e38609 block-e4df6c49-191a-407a-870b-2668f3e38609\">\n<p class=\"has-small-font-size\"><strong>Porto<\/strong><br>Rua Fran\u00e7a J\u00fanior, 168<br>4450-132 Matosinhos, Portugal<br>Tel: <a href=\"tel:351229382608\" data-type=\"tel\" data-id=\"tel:351229382608\">+351 229 382 608<\/a><br><a href=\"mailto:geral@cobe.pt\">geral@cobe.pt<\/a><\/p>\n\n\n\n<p class=\"has-small-font-size\"><strong>Lisboa<\/strong><br>Av. da Liberdade, 9 - 7o<br>1250-139 Lisboa, Portugal<br>Tel: <a href=\"tel:351229382608\">+351 229 382 608<\/a><br><a href=\"mailto:geral@cobe.pt\">geral@cobe.pt<\/a><\/p>\n<\/div>\n\n\n\n<div class=\"wp-block-responsive-block-editor-addons-container responsive-block-editor-addons-block-fc9c1447-64fb-4a11-84af-c919fb671013 block-fc9c1447-64fb-4a11-84af-c919fb671013\">\n<p class=\"has-small-font-size\"><strong>Val\u00eancia<\/strong><br>R C\/ des Cronista Carreres<br>Ciutat Vella, 46003 Val\u00e8ncia, Espanha<br>tel :<a href=\"tel:33780906668\">+33 7 80 90 66 68<\/a><br><a href=\"mailto:contact@cobe.fr\">contact@cobe.fr<\/a> <\/p>\n\n\n\n<p class=\"has-small-font-size\"><strong>Gerente de filial<\/strong><br>Marianna VETTORETTI<\/p>\n<\/div>\n<\/div>\n\n\n\n<p><\/p>","protected":false},"excerpt":{"rendered":"<p>\u00ab\u00a0Nous sommes engag\u00e9s avec audace et attention dans la transformation durable des villes et des territoires.\u00a0\u00bb L\u2019agence r\u00e9unit \u00e0 travers l&rsquo;Europe, architectes, urbanistes, paysagistes, designers et ing\u00e9nieurs autour d\u2019une conviction :la coh\u00e9rence d\u2019un projet repose sur le croisement des disciplines et l\u2019\u00e9coute des acteurs. Cette approche permet de concevoir des projets o\u00f9 l&rsquo;urbain, le b\u00e2ti, [&hellip;]<\/p>\n","protected":false},"author":1,"featured_media":0,"parent":0,"menu_order":0,"comment_status":"closed","ping_status":"closed","template":"","meta":{"_seopress_robots_primary_cat":"","_seopress_titles_title":"L'agence | CoBe, Architecture,Urbanisme & Paysagisme","_seopress_titles_desc":"L\u2019agence CoBe r\u00e9unit \u00e0 travers l'Europe, architectes, urbanistes, paysagistes, designers et ing\u00e9nieurs pour des projets coh\u00e9rents.","_seopress_robots_index":"","_vp_format_video_url":"","_vp_image_focal_point":[],"footnotes":""},"class_list":["post-13021","page","type-page","status-publish","hentry"],"blocksy_meta":{"has_hero_section":"disabled","styles_descriptor":{"styles":{"desktop":"","tablet":"","mobile":""},"google_fonts":[],"version":6}},"featured_image_src":"","featured_image_src_square":false,"rbea_author_info":{"display_name":"cecile.g","author_link":"https:\/\/cobe.fr\/pt\/author\/cecile-g\/"},"rbea_excerpt_info":"\u00ab\u00a0Nous sommes engag\u00e9s avec audace et attention dans la transformation durable des villes et des territoires.\u00a0\u00bb L\u2019agence r\u00e9unit \u00e0 travers l&rsquo;Europe, architectes, urbanistes, paysagistes, designers et ing\u00e9nieurs autour d\u2019une conviction :la coh\u00e9rence d\u2019un projet repose sur le croisement des disciplines et l\u2019\u00e9coute des acteurs. Cette approche permet de concevoir des projets o\u00f9 l&rsquo;urbain, le b\u00e2ti, [&hellip;]","_links":{"self":[{"href":"https:\/\/cobe.fr\/pt\/wp-json\/wp\/v2\/pages\/13021","targetHints":{"allow":["GET"]}}],"collection":[{"href":"https:\/\/cobe.fr\/pt\/wp-json\/wp\/v2\/pages"}],"about":[{"href":"https:\/\/cobe.fr\/pt\/wp-json\/wp\/v2\/types\/page"}],"author":[{"embeddable":true,"href":"https:\/\/cobe.fr\/pt\/wp-json\/wp\/v2\/users\/1"}],"replies":[{"embeddable":true,"href":"https:\/\/cobe.fr\/pt\/wp-json\/wp\/v2\/comments?post=13021"}],"version-history":[{"count":76,"href":"https:\/\/cobe.fr\/pt\/wp-json\/wp\/v2\/pages\/13021\/revisions"}],"predecessor-version":[{"id":13948,"href":"https:\/\/cobe.fr\/pt\/wp-json\/wp\/v2\/pages\/13021\/revisions\/13948"}],"wp:attachment":[{"href":"https:\/\/cobe.fr\/pt\/wp-json\/wp\/v2\/media?parent=13021"}],"curies":[{"name":"wp","href":"https:\/\/api.w.org\/{rel}","templated":true}]}}