{"id":11454,"date":"2020-01-13T11:58:21","date_gmt":"2020-01-13T10:58:21","guid":{"rendered":"https:\/\/cobe.fr\/?page_id=11454"},"modified":"2026-03-30T18:37:58","modified_gmt":"2026-03-30T16:37:58","slug":"cobe-em-lorient","status":"publish","type":"page","link":"https:\/\/cobe.fr\/pt\/agence\/cobe-a-lorient\/","title":{"rendered":"CoBe em Lorient"},"content":{"rendered":"<div class=\"wp-block-responsive-block-editor-addons-advance-columns alignwide block-2b01ac6a-39dd-469a-a79f-4db448213ad9 responsive-block-editor-addons-advanced-column-outer-wrap wide\"><div class=\"responsive-block-editor-addons-advanced-column alignwide\"><div class=\"responsive-columns-wrap responsive-block-editor-addons-block-columns responsive-columns__gap-default responsive-columns__stack-mobile responsive-columns__content-width-custom overlay-type-color linear\"><div class=\"responsive-columns-inner-wrap responsive-columns-columns-1\">\n<div class=\"wp-block-responsive-block-editor-addons-column responsive-block-editor-addons-advanced-column-child block-961ee6cc-c20b-4f79-aff7-221eb310708e\"><div class=\"responsive-column-wrap responsive-block-editor-addons-block-column\"><div class=\"responsive-column-inner-wrap overlay-type-color linear\">\n<h2 class=\"wp-block-heading has-palette-color-8-color has-text-color has-x-large-font-size\"><strong>Lorient<\/strong><\/h2>\n<\/div><\/div><\/div>\n<\/div><\/div><\/div><\/div>\n\n\n\n<p class=\"has-text-align-center\"><\/p>\n\n\n\n<p class=\"has-text-align-center\"><strong><a href=\"https:\/\/architectes-compere.fr\" target=\"_blank\" rel=\"noreferrer noopener\">CoMPERE SAS<\/a>, uma filial do grupo CoBe com sede em Lorient, opera h\u00e1 mais de 30 anos nos sectores da \u00e1gua, das \u00e1guas residuais, da energia, da sa\u00fade e das instala\u00e7\u00f5es p\u00fablicas.<\/strong><\/p>\n\n\n\n<figure class=\"wp-block-image aligncenter size-full is-resized\"><a href=\"https:\/\/architectes-compere.fr\" target=\"_blank\" rel=\"noreferrer noopener\"><img loading=\"lazy\" decoding=\"async\" width=\"800\" height=\"322\" src=\"https:\/\/cobe.fr\/wp-content\/uploads\/2023\/12\/Logo-CoMPERE-WEB-800x322-1.jpg\" alt=\"CoMPERE, uma filial do grupo CoBe em Quimperl\u00e9\" class=\"wp-image-11457\" style=\"width:502px;height:auto\" srcset=\"https:\/\/cobe.fr\/wp-content\/uploads\/2023\/12\/Logo-CoMPERE-WEB-800x322-1.jpg 800w, https:\/\/cobe.fr\/wp-content\/uploads\/2023\/12\/Logo-CoMPERE-WEB-800x322-1-300x121.jpg 300w, https:\/\/cobe.fr\/wp-content\/uploads\/2023\/12\/Logo-CoMPERE-WEB-800x322-1-768x309.jpg 768w, https:\/\/cobe.fr\/wp-content\/uploads\/2023\/12\/Logo-CoMPERE-WEB-800x322-1-18x7.jpg 18w, https:\/\/cobe.fr\/wp-content\/uploads\/2023\/12\/Logo-CoMPERE-WEB-800x322-1-500x201.jpg 500w\" sizes=\"auto, (max-width: 800px) 100vw, 800px\" \/><\/a><\/figure>\n\n\n\n<div class=\"wp-block-responsive-block-editor-addons-advance-columns block-459df68c-88a6-4c54-a521-b1403de5da07 responsive-block-editor-addons-advanced-column-outer-wrap undefined\"><div class=\"responsive-block-editor-addons-advanced-column alignundefined\"><div class=\"responsive-columns-wrap responsive-block-editor-addons-block-columns responsive-columns__gap-wide responsive-columns__stack-mobile responsive-columns__content-width-custom overlay-type-color linear\"><div class=\"responsive-columns-inner-wrap responsive-columns-columns-2\">\n<div class=\"wp-block-responsive-block-editor-addons-column responsive-block-editor-addons-advanced-column-child block-d67dae58-31a4-4110-a1bd-c22bb695d127\"><div class=\"responsive-column-wrap responsive-block-editor-addons-block-column\"><div class=\"responsive-column-inner-wrap overlay-type-color linear\">\n<figure class=\"wp-block-image aligncenter size-full\"><img loading=\"lazy\" decoding=\"async\" width=\"600\" height=\"400\" src=\"https:\/\/cobe.fr\/wp-content\/uploads\/2023\/12\/f773db45-1dc2-4b80-8a61-d03288e6f742_rw_1200.jpg\" alt=\"CoMPERE, uma filial do grupo CoBe em Quimperl\u00e9\" class=\"wp-image-11458\" srcset=\"https:\/\/cobe.fr\/wp-content\/uploads\/2023\/12\/f773db45-1dc2-4b80-8a61-d03288e6f742_rw_1200.jpg 600w, https:\/\/cobe.fr\/wp-content\/uploads\/2023\/12\/f773db45-1dc2-4b80-8a61-d03288e6f742_rw_1200-300x200.jpg 300w, https:\/\/cobe.fr\/wp-content\/uploads\/2023\/12\/f773db45-1dc2-4b80-8a61-d03288e6f742_rw_1200-18x12.jpg 18w, https:\/\/cobe.fr\/wp-content\/uploads\/2023\/12\/f773db45-1dc2-4b80-8a61-d03288e6f742_rw_1200-500x333.jpg 500w\" sizes=\"auto, (max-width: 600px) 100vw, 600px\" \/><\/figure>\n\n\n\n<div style=\"height:5px\" aria-hidden=\"true\" class=\"wp-block-spacer\"><\/div>\n\n\n\n<div style=\"height:15px\" aria-hidden=\"true\" class=\"wp-block-spacer\"><\/div>\n\n\n\n<figure class=\"wp-block-image aligncenter size-full\"><img loading=\"lazy\" decoding=\"async\" width=\"600\" height=\"400\" src=\"https:\/\/cobe.fr\/wp-content\/uploads\/2023\/12\/7fb1784a-7811-493e-bb1f-086a0fbede75_rw_1920.jpg\" alt=\"CoMPERE, uma filial do grupo CoBe em Quimperl\u00e9\" class=\"wp-image-11459\" srcset=\"https:\/\/cobe.fr\/wp-content\/uploads\/2023\/12\/7fb1784a-7811-493e-bb1f-086a0fbede75_rw_1920.jpg 600w, https:\/\/cobe.fr\/wp-content\/uploads\/2023\/12\/7fb1784a-7811-493e-bb1f-086a0fbede75_rw_1920-300x200.jpg 300w, https:\/\/cobe.fr\/wp-content\/uploads\/2023\/12\/7fb1784a-7811-493e-bb1f-086a0fbede75_rw_1920-18x12.jpg 18w, https:\/\/cobe.fr\/wp-content\/uploads\/2023\/12\/7fb1784a-7811-493e-bb1f-086a0fbede75_rw_1920-500x333.jpg 500w\" sizes=\"auto, (max-width: 600px) 100vw, 600px\" \/><\/figure>\n<\/div><\/div><\/div>\n\n\n\n<div class=\"wp-block-responsive-block-editor-addons-column responsive-block-editor-addons-advanced-column-child block-d5fe2e66-dae7-43d6-a9de-47f9a0dd77bd\"><div class=\"responsive-column-wrap responsive-block-editor-addons-block-column\"><div class=\"responsive-column-inner-wrap overlay-type-color linear\">\n<figure class=\"wp-block-image size-full\"><img loading=\"lazy\" decoding=\"async\" width=\"600\" height=\"830\" src=\"https:\/\/cobe.fr\/wp-content\/uploads\/2023\/12\/8109d030-a639-4672-85b6-45550c1b6564_rw_1920.jpg\" alt=\"CoMPERE, uma filial do grupo CoBe em Quimperl\u00e9\" class=\"wp-image-11460\" srcset=\"https:\/\/cobe.fr\/wp-content\/uploads\/2023\/12\/8109d030-a639-4672-85b6-45550c1b6564_rw_1920.jpg 600w, https:\/\/cobe.fr\/wp-content\/uploads\/2023\/12\/8109d030-a639-4672-85b6-45550c1b6564_rw_1920-217x300.jpg 217w, https:\/\/cobe.fr\/wp-content\/uploads\/2023\/12\/8109d030-a639-4672-85b6-45550c1b6564_rw_1920-9x12.jpg 9w, https:\/\/cobe.fr\/wp-content\/uploads\/2023\/12\/8109d030-a639-4672-85b6-45550c1b6564_rw_1920-500x692.jpg 500w\" sizes=\"auto, (max-width: 600px) 100vw, 600px\" \/><\/figure>\n<\/div><\/div><\/div>\n<\/div><\/div><\/div><\/div>\n\n\n\n<h3 class=\"wp-block-heading has-text-align-center\"><strong>Os parceiros<\/strong><\/h3>\n\n\n\n<p class=\"has-text-align-center\">Rapha\u00ebl DENIS - Presidente<br><\/p>\n\n\n\n<h3 class=\"wp-block-heading has-text-align-center\"><strong>A equipa<\/strong><\/h3>\n\n\n\n<p class=\"has-text-align-center\">Baptiste COMPERE - Diretor Geral<br>Damien GROLEAU - Gerente de filial<br>Dominique RIOUAT - Assistente Executiva<br>Elisabeth Maire - Secret\u00e1ria t\u00e9cnica<br>Astrid CHAMPENOIS<br>Marilyne BRANGEON<br>Claudie MAHO<br>Christel LE QUELLEC<\/p>\n\n\n\n<h3 class=\"wp-block-heading has-text-align-center\"><strong>Contacto<\/strong><\/h3>\n\n\n\n<p class=\"has-text-align-center\">20 bis avenue de la Perri\u00e8re<br>56100 Lorient&nbsp;<br>Tel: +33 (0) 2 97 59 27 88<br><a href=\"mailto:contact@architectes-compere.fr\" target=\"_blank\" rel=\"noreferrer noopener\">contact@architectes-compere.fr<\/a><br><a href=\"https:\/\/architectes-compere.fr\" target=\"_blank\" rel=\"noreferrer noopener\">https:\/\/architectes-compere.fr<\/a><\/p>\n\n\n\n<div style=\"height:39px\" aria-hidden=\"true\" class=\"wp-block-spacer\"><\/div>\n\n\n\n<p><\/p>","protected":false},"excerpt":{"rendered":"<p>CoMPERE SAS, filiale du groupe CoBe bas\u00e9e \u00e0 Lorient, exerce depuis plus de 30 ans dans les m\u00e9tiers de l\u2019eau, de l\u2019assainissement, de l\u2019\u00e9nergie, de la sant\u00e9 et des \u00e9quipements publics. Les associ\u00e9s Rapha\u00ebl DENIS &#8211; Pr\u00e9sident L\u2019\u00e9quipe Baptiste COMPERE &#8211; Directeur D\u00e9l\u00e9gu\u00e9Damien GROLEAU &#8211; Directeur d&rsquo;agenceDominique RIOUAT &#8211; Assistante de DirectionElisabeth Maire &#8211; Secr\u00e9taire [&hellip;]<\/p>\n","protected":false},"author":2,"featured_media":0,"parent":2982,"menu_order":0,"comment_status":"closed","ping_status":"closed","template":"","meta":{"_seopress_robots_primary_cat":"","_seopress_titles_title":"","_seopress_titles_desc":"D\u00e9couvrez l'agence CoMPERE, filiale du groupe CoBe bas\u00e9e \u00e0 Lorient","_seopress_robots_index":"","_vp_format_video_url":"","_vp_image_focal_point":[],"footnotes":""},"class_list":["post-11454","page","type-page","status-publish","hentry"],"blocksy_meta":{"styles_descriptor":{"styles":{"desktop":"[data-prefix=\"single_page\"] {background-color:var(--theme-palette-color-7);background-image:none;}","tablet":"","mobile":""},"google_fonts":[],"version":6},"page_title_panel":"","has_hero_section":"disabled","79e8aaa1e32057182a105196919a334d":"","hero_section":"type-1","hero_elements":[{"id":"custom_title","enabled":true,"heading_tag":"h1","title":"In\u00edcio"},{"id":"custom_description","enabled":true,"description_visibility":{"desktop":true,"tablet":true,"mobile":false}},{"id":"custom_meta","enabled":false,"meta_elements":[{"id":"author","enabled":true,"label":"Par","has_author_avatar":"yes","avatar_size":25},{"id":"post_date","enabled":true,"label":"Sur","date_format_source":"default","date_format":"M j, Y"},{"id":"updated_date","enabled":false,"label":"Sur","date_format_source":"default","date_format":"M j, Y"},{"id":"categories","enabled":false,"label":"Dans","style":"simple"},{"id":"comments","enabled":true}],"page_meta_elements":{"joined":true,"articles_count":true,"comments":true}},{"id":"breadcrumbs","enabled":false}],"876ff57455f77188434548156b1ce83c":"","hero_alignment1":"CT_CSS_SKIP_RULE","hero_margin":40,"hero_alignment2":"center","hero_vertical_alignment":"center","e85a61d22634a564c06b11ce0caff68b":"","hero_structure":"narrow","a2493c86b53d71eb930a8eeb971bf6ec":"","page_title_bg_type":"featured_image","custom_hero_background":{"attachment_id":null},"page_title_image_size":"full","parallax":{"desktop":false,"tablet":false,"mobile":false},"f192da96e4adfc923ff100ebc2265114":"","hero_height":"250px","pageTitleFont":{"family":"Default","variation":"Default","size":"30px","line-height":"CT_CSS_SKIP_RULE","letter-spacing":"CT_CSS_SKIP_RULE","text-transform":"CT_CSS_SKIP_RULE","text-decoration":"CT_CSS_SKIP_RULE"},"pageTitleFontColor":{"default":{"color":"CT_CSS_SKIP_RULEDEFAULT"}},"pageMetaFont":{"family":"Default","variation":"n6","size":"12px","line-height":"1.3","letter-spacing":"CT_CSS_SKIP_RULE","text-transform":"uppercase","text-decoration":"CT_CSS_SKIP_RULE"},"pageMetaFontColor":{"default":{"color":"CT_CSS_SKIP_RULEDEFAULT"},"hover":{"color":"CT_CSS_SKIP_RULEDEFAULT"}},"page_meta_button_type_font_colors":{"default":{"color":"CT_CSS_SKIP_RULEDEFAULT"},"hover":{"color":"CT_CSS_SKIP_RULEDEFAULT"}},"page_meta_button_type_background_colors":{"default":{"color":"CT_CSS_SKIP_RULEDEFAULT"},"hover":{"color":"CT_CSS_SKIP_RULEDEFAULT"}},"pageExcerptFont":{"family":"Default","variation":"Default","size":"CT_CSS_SKIP_RULE","line-height":"CT_CSS_SKIP_RULE","letter-spacing":"CT_CSS_SKIP_RULE","text-transform":"CT_CSS_SKIP_RULE","text-decoration":"CT_CSS_SKIP_RULE"},"pageExcerptColor":{"default":{"color":"CT_CSS_SKIP_RULEDEFAULT"}},"breadcrumbsFont":{"family":"Default","variation":"Default","size":"CT_CSS_SKIP_RULE","line-height":"CT_CSS_SKIP_RULE","letter-spacing":"CT_CSS_SKIP_RULE","text-transform":"CT_CSS_SKIP_RULE","text-decoration":"CT_CSS_SKIP_RULE"},"breadcrumbsFontColor":{"default":{"color":"CT_CSS_SKIP_RULEDEFAULT"},"initial":{"color":"CT_CSS_SKIP_RULEDEFAULT"},"hover":{"color":"CT_CSS_SKIP_RULEDEFAULT"}},"acf_field_hero_elements":"","typography":{"family":"Default","variation":"Default","size":"CT_CSS_SKIP_RULE","line-height":"CT_CSS_SKIP_RULE","letter-spacing":"CT_CSS_SKIP_RULE","text-transform":"CT_CSS_SKIP_RULE","text-decoration":"CT_CSS_SKIP_RULE"},"color":{"default":{"color":"CT_CSS_SKIP_RULEDEFAULT"},"hover":{"color":"CT_CSS_SKIP_RULEDEFAULT"}},"metabox_field_hero_elements":"","toolset_field_hero_elements":"","jetengine_field_hero_elements":"","custom_field_hero_elements":"","pageTitleOverlay":{"background_type":"color","background_pattern":"type-1","background_image":{"attachment_id":null,"x":0,"y":0},"gradient":"linear-gradient(135deg,rgba(6,147,227,1) 0%,rgb(155,81,224) 100%)","background_repeat":"repeat","background_size":"auto","background_attachment":"scroll","patternColor":{"default":{"color":"#e5e7ea"}},"overlayColor":{"default":{"color":"CT_CSS_SKIP_RULE"}},"backgroundColor":{"default":{"color":"CT_CSS_SKIP_RULE"}}},"pageTitleBackground":{"background_type":"color","background_pattern":"type-1","background_image":{"attachment_id":null,"x":0,"y":0},"gradient":"linear-gradient(135deg,rgba(6,147,227,1) 0%,rgb(155,81,224) 100%)","background_repeat":"repeat","background_size":"auto","background_attachment":"scroll","patternColor":{"default":{"color":"#e5e7ea"}},"overlayColor":{"default":{"color":"CT_CSS_SKIP_RULE"}},"backgroundColor":{"default":{"color":"var(--theme-palette-color-6)"}}},"pageTitlePadding":{"top":"50px","bottom":"50px","left":"auto","right":"auto","linked":true},"cc12da3a2dacfbce5b6cd59ca6c6f969":"","page_structure_type":"type-4","8742f030629b8284bc5af70f3be32eb9":"","content_style_source":"inherit","content_style":"wide","vertical_spacing_source":"inherit","content_area_spacing":"both","background":{"desktop":{"background_type":"color","background_pattern":"type-1","background_image":{"attachment_id":null,"x":0,"y":0},"gradient":"linear-gradient(135deg,rgba(6,147,227,1) 0%,rgb(155,81,224) 100%)","background_repeat":"repeat","background_size":"auto","background_attachment":"scroll","patternColor":{"default":{"color":"#e5e7ea"}},"overlayColor":{"default":{"color":"CT_CSS_SKIP_RULE"}},"backgroundColor":{"default":{"color":"var(--theme-palette-color-7)"}}},"tablet":{"background_type":"color","background_pattern":"type-1","background_image":{"attachment_id":null,"x":0,"y":0},"gradient":"linear-gradient(135deg,rgba(6,147,227,1) 0%,rgb(155,81,224) 100%)","background_repeat":"repeat","background_size":"auto","background_attachment":"scroll","patternColor":{"default":{"color":"#e5e7ea"}},"overlayColor":{"default":{"color":"CT_CSS_SKIP_RULE"}},"backgroundColor":{"default":{"color":"var(--theme-palette-color-7)"}}},"mobile":{"background_type":"color","background_pattern":"type-1","background_image":{"attachment_id":null,"x":0,"y":0},"gradient":"linear-gradient(135deg,rgba(6,147,227,1) 0%,rgb(155,81,224) 100%)","background_repeat":"repeat","background_size":"auto","background_attachment":"scroll","patternColor":{"default":{"color":"#e5e7ea"}},"overlayColor":{"default":{"color":"CT_CSS_SKIP_RULE"}},"backgroundColor":{"default":{"color":"var(--theme-palette-color-7)"}}},"__changed":[]},"content_background":{"background_type":"color","background_pattern":"type-1","background_image":{"attachment_id":null,"x":0,"y":0},"gradient":"linear-gradient(135deg,rgba(6,147,227,1) 0%,rgb(155,81,224) 100%)","background_repeat":"repeat","background_size":"auto","background_attachment":"scroll","patternColor":{"default":{"color":"#e5e7ea"}},"overlayColor":{"default":{"color":"CT_CSS_SKIP_RULE"}},"backgroundColor":{"default":{"color":"var(--theme-palette-color-8)"}}},"content_boxed_shadow":{"inherit":false,"blur":18,"spread":-6,"v_offset":12,"h_offset":0,"inset":false,"enable":true,"color":{"color":"rgba(34, 56, 101, 0.04)"}},"content_boxed_border":{"width":1,"style":"none","color":{"color":"rgba(44,62,80,0.2)"}},"content_boxed_radius":{"top":"3px","bottom":"3px","left":"3px","right":"3px","linked":true},"boxed_content_spacing":{"desktop":{"top":"40px","bottom":"40px","left":"40px","right":"40px","linked":true},"tablet":{"top":"35px","bottom":"35px","left":"35px","right":"35px","linked":true},"mobile":{"top":"20px","bottom":"20px","left":"20px","right":"20px","linked":true}},"2ff284d74e0f36c6770315e7b35c5235":"","disable_featured_image":"no","disable_share_box":"no","disable_header":"no","disable_footer":"no","5f297c3f366471d32b80e4c2ce97f7a6":"","8086d7569ce891cad525adc618292d0f":"","2a6923b35c9313d369220b14339212c1":"","30f015e84e29d28e1376f45d7071b178":"","caa2744602d50e2a19086db7d1b08b8e":"","3934679e47c311113038aee275f7bb9f":"","696aff01fc2df1f8f96b901b04dfa2fb":"","ac4a261e475e32c4776f757a99d1e76b":""},"featured_image_src":"","featured_image_src_square":false,"rbea_author_info":{"display_name":"Victorien Diaz","author_link":"https:\/\/cobe.fr\/pt\/author\/victorien\/"},"rbea_excerpt_info":"CoMPERE SAS, filiale du groupe CoBe bas\u00e9e \u00e0 Lorient, exerce depuis plus de 30 ans dans les m\u00e9tiers de l\u2019eau, de l\u2019assainissement, de l\u2019\u00e9nergie, de la sant\u00e9 et des \u00e9quipements publics. Les associ\u00e9s Rapha\u00ebl DENIS &#8211; Pr\u00e9sident L\u2019\u00e9quipe Baptiste COMPERE &#8211; Directeur D\u00e9l\u00e9gu\u00e9Damien GROLEAU &#8211; Directeur d&rsquo;agenceDominique RIOUAT &#8211; Assistante de DirectionElisabeth Maire &#8211; Secr\u00e9taire [&hellip;]","_links":{"self":[{"href":"https:\/\/cobe.fr\/pt\/wp-json\/wp\/v2\/pages\/11454","targetHints":{"allow":["GET"]}}],"collection":[{"href":"https:\/\/cobe.fr\/pt\/wp-json\/wp\/v2\/pages"}],"about":[{"href":"https:\/\/cobe.fr\/pt\/wp-json\/wp\/v2\/types\/page"}],"author":[{"embeddable":true,"href":"https:\/\/cobe.fr\/pt\/wp-json\/wp\/v2\/users\/2"}],"replies":[{"embeddable":true,"href":"https:\/\/cobe.fr\/pt\/wp-json\/wp\/v2\/comments?post=11454"}],"version-history":[{"count":8,"href":"https:\/\/cobe.fr\/pt\/wp-json\/wp\/v2\/pages\/11454\/revisions"}],"predecessor-version":[{"id":13553,"href":"https:\/\/cobe.fr\/pt\/wp-json\/wp\/v2\/pages\/11454\/revisions\/13553"}],"up":[{"embeddable":true,"href":"https:\/\/cobe.fr\/pt\/wp-json\/wp\/v2\/pages\/2982"}],"wp:attachment":[{"href":"https:\/\/cobe.fr\/pt\/wp-json\/wp\/v2\/media?parent=11454"}],"curies":[{"name":"wp","href":"https:\/\/api.w.org\/{rel}","templated":true}]}}