{"id":7257,"date":"2020-10-26T12:05:56","date_gmt":"2020-10-26T11:05:56","guid":{"rendered":"https:\/\/www.vie-digitale.com\/cobe\/?page_id=2"},"modified":"2022-08-02T11:23:42","modified_gmt":"2022-08-02T09:23:42","slug":"pagina-de-ejemplo","status":"publish","type":"page","link":"https:\/\/cobe.fr\/es\/page-d-exemple\/","title":{"rendered":"P\u00e1gina de ejemplo"},"content":{"rendered":"<p>Esta es una p\u00e1gina de ejemplo. Es diferente de una entrada de blog porque permanecer\u00e1 en el mismo lugar y aparecer\u00e1 en la navegaci\u00f3n de su sitio (en la mayor\u00eda de los temas). La mayor\u00eda de la gente empieza con una p\u00e1gina \"Acerca de\" que les presenta a los visitantes del sitio. Podr\u00eda ser algo parecido a esto:<\/p>\n\n\n\n<blockquote class=\"wp-block-quote is-layout-flow wp-block-quote-is-layout-flow\"><p>\u00a1Hola ! Soy un mec\u00e1nico que quiere ser actor, y este es mi sitio web. Vivo en Burdeos, tengo un perro estupendo que se llama Russell y me encanta el vodka (as\u00ed como que me sorprenda la lluvia repentina durante largos paseos por la playa al atardecer).<\/p><\/blockquote>\n\n\n\n<p>...o algo as\u00ed:<\/p>\n\n\n\n<blockquote class=\"wp-block-quote is-layout-flow wp-block-quote-is-layout-flow\"><p>123 Machin Truc se fund\u00f3 en 1971 y, desde entonces, no ha dejado de ofrecer al p\u00fablico artilugios de calidad. Situada en Saint-Remy-en-Bouzemont-Saint-Genest-et-Isson, 123 Machin Truc da empleo a 2.000 personas y fabrica todo tipo de cosas chulas para la comunidad de Bouzemont.<\/p><\/blockquote>\n\n\n\n<p>Como nuevo usuario de WordPress, debe ir a <a href=\"https:\/\/www.vie-digitale.com\/cobe\/wp-admin\/\">tu panel de control<\/a> para eliminar esta p\u00e1gina y crear nuevas p\u00e1ginas para su contenido. \u00a1Divi\u00e9rtete!<\/p>","protected":false},"excerpt":{"rendered":"<p>Ceci est une page d\u2019exemple. C\u2019est diff\u00e9rent d\u2019un article de blog parce qu\u2019elle restera au m\u00eame endroit et appara\u00eetra dans la navigation de votre site (dans la plupart des th\u00e8mes). La plupart des gens commencent par une page \u00ab\u00a0\u00c0 propos\u00a0\u00bb qui les pr\u00e9sente aux visiteurs du site. Cela pourrait ressembler \u00e0 quelque chose comme cela\u00a0: [&hellip;]<\/p>\n","protected":false},"author":2,"featured_media":0,"parent":0,"menu_order":0,"comment_status":"closed","ping_status":"open","template":"","meta":{"_seopress_robots_primary_cat":"","_seopress_titles_title":"","_seopress_titles_desc":"","_seopress_robots_index":"","_vp_format_video_url":"","_vp_image_focal_point":[],"footnotes":""},"class_list":["post-7257","page","type-page","status-publish","hentry"],"blocksy_meta":{"styles_descriptor":{"styles":{"desktop":"","tablet":"","mobile":""},"google_fonts":[],"version":6}},"featured_image_src":"","featured_image_src_square":false,"rbea_author_info":{"display_name":"Victorien Diaz","author_link":"https:\/\/cobe.fr\/es\/author\/victorien\/"},"rbea_excerpt_info":"Ceci est une page d\u2019exemple. C\u2019est diff\u00e9rent d\u2019un article de blog parce qu\u2019elle restera au m\u00eame endroit et appara\u00eetra dans la navigation de votre site (dans la plupart des th\u00e8mes). La plupart des gens commencent par une page \u00ab\u00a0\u00c0 propos\u00a0\u00bb qui les pr\u00e9sente aux visiteurs du site. Cela pourrait ressembler \u00e0 quelque chose comme cela\u00a0: [&hellip;]","_links":{"self":[{"href":"https:\/\/cobe.fr\/es\/wp-json\/wp\/v2\/pages\/7257","targetHints":{"allow":["GET"]}}],"collection":[{"href":"https:\/\/cobe.fr\/es\/wp-json\/wp\/v2\/pages"}],"about":[{"href":"https:\/\/cobe.fr\/es\/wp-json\/wp\/v2\/types\/page"}],"author":[{"embeddable":true,"href":"https:\/\/cobe.fr\/es\/wp-json\/wp\/v2\/users\/2"}],"replies":[{"embeddable":true,"href":"https:\/\/cobe.fr\/es\/wp-json\/wp\/v2\/comments?post=7257"}],"version-history":[{"count":0,"href":"https:\/\/cobe.fr\/es\/wp-json\/wp\/v2\/pages\/7257\/revisions"}],"wp:attachment":[{"href":"https:\/\/cobe.fr\/es\/wp-json\/wp\/v2\/media?parent=7257"}],"curies":[{"name":"wp","href":"https:\/\/api.w.org\/{rel}","templated":true}]}}