{"id":6664,"date":"2021-12-09T12:41:10","date_gmt":"2021-12-09T11:41:10","guid":{"rendered":"https:\/\/www.vie-digitale.com\/cobe\/?page_id=6664"},"modified":"2026-03-30T18:39:43","modified_gmt":"2026-03-30T16:39:43","slug":"cobe-a-lisbonne","status":"publish","type":"page","link":"https:\/\/cobe.fr\/es\/agence\/cobe-a-lisbonne\/","title":{"rendered":"CoBe en Lisboa"},"content":{"rendered":"<div class=\"wp-block-responsive-block-editor-addons-advance-columns alignwide block-001c43a0-34c8-40ec-a83f-0dbc5137e1a5 responsive-block-editor-addons-advanced-column-outer-wrap wide\"><div class=\"responsive-block-editor-addons-advanced-column alignwide\"><div class=\"responsive-columns-wrap responsive-block-editor-addons-block-columns responsive-columns__gap-default responsive-columns__stack-mobile responsive-columns__content-width-custom overlay-type-color linear\"><div class=\"responsive-columns-inner-wrap responsive-columns-columns-1\">\n<div class=\"wp-block-responsive-block-editor-addons-column responsive-block-editor-addons-advanced-column-child block-6425bf36-dc70-4eec-a8fc-3e642b6db598\"><div class=\"responsive-column-wrap responsive-block-editor-addons-block-column\"><div class=\"responsive-column-inner-wrap overlay-type-color linear\">\n<h2 class=\"wp-block-heading has-palette-color-8-color has-text-color\"><strong>Lisboa<\/strong><\/h2>\n<\/div><\/div><\/div>\n<\/div><\/div><\/div><\/div>\n\n\n\n<figure class=\"wp-block-image alignwide size-full\"><img loading=\"lazy\" decoding=\"async\" width=\"1100\" height=\"763\" src=\"https:\/\/cobe.fr\/wp-content\/uploads\/2022\/07\/Agence-CoBe_Lisbonne.jpg\" alt=\"Fachada de la agencia CoBe, Lisboa, Portugal\" class=\"wp-image-8143\" srcset=\"https:\/\/cobe.fr\/wp-content\/uploads\/2022\/07\/Agence-CoBe_Lisbonne.jpg 1100w, https:\/\/cobe.fr\/wp-content\/uploads\/2022\/07\/Agence-CoBe_Lisbonne-300x208.jpg 300w, https:\/\/cobe.fr\/wp-content\/uploads\/2022\/07\/Agence-CoBe_Lisbonne-1024x710.jpg 1024w, https:\/\/cobe.fr\/wp-content\/uploads\/2022\/07\/Agence-CoBe_Lisbonne-768x533.jpg 768w, https:\/\/cobe.fr\/wp-content\/uploads\/2022\/07\/Agence-CoBe_Lisbonne-18x12.jpg 18w\" sizes=\"auto, (max-width: 1100px) 100vw, 1100px\" \/><\/figure>\n\n\n\n<div class=\"wp-block-responsive-block-editor-addons-advance-columns alignwide block-a0b53faf-a852-4cfc-b92e-ae93b3cb874f responsive-block-editor-addons-advanced-column-outer-wrap wide\"><div class=\"responsive-block-editor-addons-advanced-column alignwide\"><div class=\"responsive-columns-wrap responsive-block-editor-addons-block-columns responsive-columns__gap-wide responsive-columns__stack-mobile responsive-columns__content-width-custom overlay-type-color linear\"><div class=\"responsive-columns-inner-wrap responsive-columns-columns-2\">\n<div class=\"wp-block-responsive-block-editor-addons-column responsive-block-editor-addons-advanced-column-child block-2c2f72a8-6f18-4cec-8880-3e3ff78942c0\"><div class=\"responsive-column-wrap responsive-block-editor-addons-block-column\"><div class=\"responsive-column-inner-wrap overlay-type-color linear\">\n<figure class=\"wp-block-image alignleft size-full\"><img alt=\"\" loading=\"lazy\" decoding=\"async\" width=\"540\" height=\"720\" src=\"https:\/\/cobe.fr\/wp-content\/uploads\/2022\/07\/CoBe_Lisbonne-architecture.jpg\" class=\"wp-image-8145\" srcset=\"https:\/\/cobe.fr\/wp-content\/uploads\/2022\/07\/CoBe_Lisbonne-architecture.jpg 540w, https:\/\/cobe.fr\/wp-content\/uploads\/2022\/07\/CoBe_Lisbonne-architecture-225x300.jpg 225w, https:\/\/cobe.fr\/wp-content\/uploads\/2022\/07\/CoBe_Lisbonne-architecture-9x12.jpg 9w\" sizes=\"auto, (max-width: 540px) 100vw, 540px\" \/><\/figure>\n<\/div><\/div><\/div>\n\n\n\n<div class=\"wp-block-responsive-block-editor-addons-column responsive-block-editor-addons-advanced-column-child block-47bd15b7-c370-4797-be77-9fe2b1b551e6\"><div class=\"responsive-column-wrap responsive-block-editor-addons-block-column\"><div class=\"responsive-column-inner-wrap overlay-type-color linear\">\n<figure class=\"wp-block-image alignright size-full\"><img loading=\"lazy\" decoding=\"async\" width=\"540\" height=\"350\" src=\"https:\/\/cobe.fr\/wp-content\/uploads\/2022\/07\/CoBe_Lisbonne-arquitetura.jpg\" alt=\"CoBe, Lisboa\" class=\"wp-image-8146\" srcset=\"https:\/\/cobe.fr\/wp-content\/uploads\/2022\/07\/CoBe_Lisbonne-arquitetura.jpg 540w, https:\/\/cobe.fr\/wp-content\/uploads\/2022\/07\/CoBe_Lisbonne-arquitetura-300x194.jpg 300w, https:\/\/cobe.fr\/wp-content\/uploads\/2022\/07\/CoBe_Lisbonne-arquitetura-18x12.jpg 18w\" sizes=\"auto, (max-width: 540px) 100vw, 540px\" \/><\/figure>\n\n\n\n<figure class=\"wp-block-image alignright size-full\"><img loading=\"lazy\" decoding=\"async\" width=\"540\" height=\"350\" src=\"https:\/\/cobe.fr\/wp-content\/uploads\/2022\/07\/CoBe_Lisboa.jpg\" alt=\"CoBe, Lisboa\" class=\"wp-image-8147\" srcset=\"https:\/\/cobe.fr\/wp-content\/uploads\/2022\/07\/CoBe_Lisboa.jpg 540w, https:\/\/cobe.fr\/wp-content\/uploads\/2022\/07\/CoBe_Lisboa-300x194.jpg 300w, https:\/\/cobe.fr\/wp-content\/uploads\/2022\/07\/CoBe_Lisboa-18x12.jpg 18w\" sizes=\"auto, (max-width: 540px) 100vw, 540px\" \/><\/figure>\n<\/div><\/div><\/div>\n<\/div><\/div><\/div><\/div>\n\n\n\n<div style=\"height:40px\" aria-hidden=\"true\" class=\"wp-block-spacer\"><\/div>\n\n\n\n<p class=\"has-text-align-center has-small-font-size\">CoBe se estableci\u00f3 en Portugal en 2017. El traslado fue la culminaci\u00f3n de una colaboraci\u00f3n con arquitectos franco-portugueses que comenz\u00f3 en 2009.&nbsp;<\/p>\n\n\n\n<p class=\"has-text-align-center has-small-font-size\">Desde entonces, la agencia, con sede en Oporto, se ha integrado en el contexto local, desarrollando numerosos v\u00ednculos con entidades y socios portugueses, as\u00ed como con organismos franceses representativos: autoridades locales, servicios t\u00e9cnicos, empresas de consultor\u00eda, la C\u00e1mara de Comercio, la embajada, etc.<\/p>\n\n\n\n<p class=\"has-text-align-center has-small-font-size\">Los 25 arquitectos, grafistas y dise\u00f1adores, en su mayor\u00eda franc\u00f3fonos, colaboran con los equipos de CoBe en Francia. Esta organizaci\u00f3n, que se inscribe en una cultura de empresa abierta al mundo, aporta tambi\u00e9n una capacidad real de intervenci\u00f3n en la Pen\u00ednsula Ib\u00e9rica.<\/p>\n\n\n\n<p class=\"has-text-align-center has-small-font-size\">Desde 2021, paralelamente al enfoque regional en Francia, se ha creado una sucursal en Lisboa para responder mejor a las necesidades de los clientes y contratistas del sur de Portugal.<\/p>\n\n\n\n<p class=\"has-text-align-center has-small-font-size\">En la actualidad, la agencia participa en programas que gozan de gran popularidad entre los inversores locales y extranjeros en Portugal y Espa\u00f1a, a trav\u00e9s del dise\u00f1o de viviendas familiares, para estudiantes y mayores, hoteles, oficinas y acondicionamiento de interiores.<\/p>\n\n\n\n<p class=\"has-text-align-center has-small-font-size\">En este contexto, seguimos especialmente comprometidos con los problemas sociales espec\u00edficos de la pen\u00ednsula, como la escasez de viviendas accesibles a los m\u00e1s vulnerables y la necesidad de responder al envejecimiento de la poblaci\u00f3n.&nbsp;<\/p>\n\n\n\n<h3 class=\"wp-block-heading has-text-align-center has-large-font-size\"><strong>El equipo<\/strong><\/h3>\n\n\n\n<p class=\"has-text-align-center has-white-background-color has-background has-small-font-size\">Sara AZEVEDO<br>Joana FONSECA<br><\/p>\n\n\n\n<h3 class=\"wp-block-heading has-text-align-center has-large-font-size\"><strong>P\u00f3ngase en contacto con<\/strong><\/h3>\n\n\n\n<p class=\"has-text-align-center\">Av. da Liberdade, 9 - 7\u00ba (Avenida de la Libertad)<br>1250-139 Lisboa, Portugal<br>Tel : +351 229 382 608<br>geral@cobe.pt<\/p>\n\n\n\n<div style=\"height:40px\" aria-hidden=\"true\" class=\"wp-block-spacer\"><\/div>","protected":false},"excerpt":{"rendered":"<p>L&rsquo;agence CoBe s&rsquo;est implant\u00e9e au Portugal en 2017. Cette installation est venue concr\u00e9tiser une collaboration engag\u00e9e d\u00e8s 2009 avec des architectes franco-portugais.&nbsp; L\u2019agence localis\u00e9e \u00e0 Porto s\u2019est inscrite depuis dans le contexte local en d\u00e9veloppant de nombreux liens avec les entit\u00e9s et partenaires portugais comme avec les instances fran\u00e7aises repr\u00e9sentatives : Municipalit\u00e9s, services techniques, bureaux [&hellip;]<\/p>\n","protected":false},"author":2,"featured_media":5254,"parent":2982,"menu_order":0,"comment_status":"closed","ping_status":"closed","template":"","meta":{"_seopress_robots_primary_cat":"","_seopress_titles_title":"","_seopress_titles_desc":"","_seopress_robots_index":"","_vp_format_video_url":"","_vp_image_focal_point":[],"footnotes":""},"class_list":["post-6664","page","type-page","status-publish","has-post-thumbnail","hentry"],"blocksy_meta":{"styles_descriptor":{"styles":{"desktop":"[data-prefix=\"single_page\"] {background-color:#FAFBFC;background-image:none;} [data-prefix=\"single_page\"] [class*=\"ct-container\"] > article[class*=\"post\"] {--has-boxed:var(--true);--has-wide:var(--false);background-color:var(--has-background, var(--theme-palette-color-8));--theme-boxed-content-border-radius:3px;--theme-boxed-content-spacing:40px;--theme-boxed-content-box-shadow:0px 12px 18px -6px rgba(34, 56, 101, 0.04);}","tablet":"[data-prefix=\"single_page\"] [class*=\"ct-container\"] > article[class*=\"post\"] {--theme-boxed-content-spacing:35px;}","mobile":"[data-prefix=\"single_page\"] [class*=\"ct-container\"] > article[class*=\"post\"] {--theme-boxed-content-spacing:20px;}"},"google_fonts":[],"version":6},"page_title_panel":"","has_hero_section":"disabled","3603377b7a5056b69e397767d777b7d2":"","hero_section":"type-1","hero_elements":[{"id":"custom_title","enabled":true,"heading_tag":"h1","title":"Inicio"},{"id":"custom_description","enabled":true,"description_visibility":{"desktop":true,"tablet":true,"mobile":false}},{"id":"custom_meta","enabled":false,"meta_elements":[{"id":"author","enabled":true,"label":"Par","has_author_avatar":"yes","avatar_size":25},{"id":"post_date","enabled":true,"label":"Sur","date_format_source":"default","date_format":"M j, Y"},{"id":"updated_date","enabled":false,"label":"Sur","date_format_source":"default","date_format":"M j, Y"},{"id":"categories","enabled":false,"label":"Dans","style":"simple"},{"id":"comments","enabled":true}],"page_meta_elements":{"joined":true,"articles_count":true,"comments":true}},{"id":"breadcrumbs","enabled":false}],"3d1bb648e836a88467019c7939150b5e":"","hero_alignment1":"CT_CSS_SKIP_RULE","hero_margin":40,"hero_alignment2":"center","hero_vertical_alignment":"center","98d4b7e8c1c4520cc802e14b6f83f2d2":"","hero_structure":"narrow","c700b2239d9868891b1b5e9be961e383":"","page_title_bg_type":"featured_image","custom_hero_background":{"attachment_id":null},"page_title_image_size":"full","parallax":{"desktop":false,"tablet":false,"mobile":false},"3add645947b7b6764ab668770a5ab9ae":"","hero_height":"250px","pageTitleFont":{"family":"Default","variation":"Default","size":"30px","line-height":"CT_CSS_SKIP_RULE","letter-spacing":"CT_CSS_SKIP_RULE","text-transform":"CT_CSS_SKIP_RULE","text-decoration":"CT_CSS_SKIP_RULE"},"pageTitleFontColor":{"default":{"color":"CT_CSS_SKIP_RULEDEFAULT"}},"pageMetaFont":{"family":"Default","variation":"n6","size":"12px","line-height":"1.3","letter-spacing":"CT_CSS_SKIP_RULE","text-transform":"uppercase","text-decoration":"CT_CSS_SKIP_RULE"},"pageMetaFontColor":{"default":{"color":"CT_CSS_SKIP_RULEDEFAULT"},"hover":{"color":"CT_CSS_SKIP_RULEDEFAULT"}},"page_meta_button_type_font_colors":{"default":{"color":"CT_CSS_SKIP_RULEDEFAULT"},"hover":{"color":"CT_CSS_SKIP_RULEDEFAULT"}},"page_meta_button_type_background_colors":{"default":{"color":"CT_CSS_SKIP_RULEDEFAULT"},"hover":{"color":"CT_CSS_SKIP_RULEDEFAULT"}},"pageExcerptFont":{"family":"Default","variation":"Default","size":"CT_CSS_SKIP_RULE","line-height":"CT_CSS_SKIP_RULE","letter-spacing":"CT_CSS_SKIP_RULE","text-transform":"CT_CSS_SKIP_RULE","text-decoration":"CT_CSS_SKIP_RULE"},"pageExcerptColor":{"default":{"color":"CT_CSS_SKIP_RULEDEFAULT"}},"breadcrumbsFont":{"family":"Default","variation":"Default","size":"CT_CSS_SKIP_RULE","line-height":"CT_CSS_SKIP_RULE","letter-spacing":"CT_CSS_SKIP_RULE","text-transform":"CT_CSS_SKIP_RULE","text-decoration":"CT_CSS_SKIP_RULE"},"breadcrumbsFontColor":{"default":{"color":"CT_CSS_SKIP_RULEDEFAULT"},"initial":{"color":"CT_CSS_SKIP_RULEDEFAULT"},"hover":{"color":"CT_CSS_SKIP_RULEDEFAULT"}},"acf_field_hero_elements":"","typography":{"family":"Default","variation":"Default","size":"CT_CSS_SKIP_RULE","line-height":"CT_CSS_SKIP_RULE","letter-spacing":"CT_CSS_SKIP_RULE","text-transform":"CT_CSS_SKIP_RULE","text-decoration":"CT_CSS_SKIP_RULE"},"color":{"default":{"color":"CT_CSS_SKIP_RULEDEFAULT"},"hover":{"color":"CT_CSS_SKIP_RULEDEFAULT"}},"metabox_field_hero_elements":"","toolset_field_hero_elements":"","jetengine_field_hero_elements":"","custom_field_hero_elements":"","pageTitleOverlay":{"background_type":"color","background_pattern":"type-1","background_image":{"attachment_id":null,"x":0,"y":0},"gradient":"linear-gradient(135deg,rgba(6,147,227,1) 0%,rgb(155,81,224) 100%)","background_repeat":"repeat","background_size":"auto","background_attachment":"scroll","patternColor":{"default":{"color":"#e5e7ea"}},"overlayColor":{"default":{"color":"CT_CSS_SKIP_RULE"}},"backgroundColor":{"default":{"color":"CT_CSS_SKIP_RULE"}}},"pageTitleBackground":{"background_type":"color","background_pattern":"type-1","background_image":{"attachment_id":null,"x":0,"y":0},"gradient":"linear-gradient(135deg,rgba(6,147,227,1) 0%,rgb(155,81,224) 100%)","background_repeat":"repeat","background_size":"auto","background_attachment":"scroll","patternColor":{"default":{"color":"#e5e7ea"}},"overlayColor":{"default":{"color":"CT_CSS_SKIP_RULE"}},"backgroundColor":{"default":{"color":"var(--theme-palette-color-6)"}}},"pageTitlePadding":{"top":"50px","bottom":"50px","left":"auto","right":"auto","linked":true},"0ab8c5958b4f30dc5e235f6dfdc4ea32":"","page_structure_type":"type-4","2ebdf9231c4793da4520f85cf6276d44":"","content_style_source":"custom","content_style":{"0":"w","1":"i","2":"d","3":"e","desktop":"boxed","tablet":"boxed","mobile":"boxed","__changed":[]},"vertical_spacing_source":"inherit","content_area_spacing":"both","background":{"desktop":{"background_type":"color","background_pattern":"type-1","background_image":{"attachment_id":null,"x":0,"y":0},"gradient":"linear-gradient(135deg,rgba(6,147,227,1) 0%,rgb(155,81,224) 100%)","background_repeat":"repeat","background_size":"auto","background_attachment":"scroll","patternColor":{"default":{"color":"#e5e7ea"}},"overlayColor":{"default":{"color":"CT_CSS_SKIP_RULE"}},"backgroundColor":{"default":{"color":"#FAFBFC"}}},"tablet":{"background_type":"color","background_pattern":"type-1","background_image":{"attachment_id":null,"x":0,"y":0},"gradient":"linear-gradient(135deg,rgba(6,147,227,1) 0%,rgb(155,81,224) 100%)","background_repeat":"repeat","background_size":"auto","background_attachment":"scroll","patternColor":{"default":{"color":"#e5e7ea"}},"overlayColor":{"default":{"color":"CT_CSS_SKIP_RULE"}},"backgroundColor":{"default":{"color":"#FAFBFC"}}},"mobile":{"background_type":"color","background_pattern":"type-1","background_image":{"attachment_id":null,"x":0,"y":0},"gradient":"linear-gradient(135deg,rgba(6,147,227,1) 0%,rgb(155,81,224) 100%)","background_repeat":"repeat","background_size":"auto","background_attachment":"scroll","patternColor":{"default":{"color":"#e5e7ea"}},"overlayColor":{"default":{"color":"CT_CSS_SKIP_RULE"}},"backgroundColor":{"default":{"color":"#FAFBFC"}}},"__changed":[]},"content_background":{"desktop":{"background_type":"color","background_pattern":"type-1","background_image":{"attachment_id":null,"x":0,"y":0},"gradient":"linear-gradient(135deg,rgba(6,147,227,1) 0%,rgb(155,81,224) 100%)","background_repeat":"repeat","background_size":"auto","background_attachment":"scroll","patternColor":{"default":{"color":"#e5e7ea"}},"overlayColor":{"default":{"color":"CT_CSS_SKIP_RULE"}},"backgroundColor":{"default":{"color":"var(--theme-palette-color-8)"}}},"tablet":{"background_type":"color","background_pattern":"type-1","background_image":{"attachment_id":null,"x":0,"y":0},"gradient":"linear-gradient(135deg,rgba(6,147,227,1) 0%,rgb(155,81,224) 100%)","background_repeat":"repeat","background_size":"auto","background_attachment":"scroll","patternColor":{"default":{"color":"#e5e7ea"}},"overlayColor":{"default":{"color":"CT_CSS_SKIP_RULE"}},"backgroundColor":{"default":{"color":"var(--theme-palette-color-8)"}}},"mobile":{"background_type":"color","background_pattern":"type-1","background_image":{"attachment_id":null,"x":0,"y":0},"gradient":"linear-gradient(135deg,rgba(6,147,227,1) 0%,rgb(155,81,224) 100%)","background_repeat":"repeat","background_size":"auto","background_attachment":"scroll","patternColor":{"default":{"color":"#e5e7ea"}},"overlayColor":{"default":{"color":"CT_CSS_SKIP_RULE"}},"backgroundColor":{"default":{"color":"var(--theme-palette-color-8)"}}},"__changed":[]},"content_boxed_shadow":{"inherit":false,"blur":18,"spread":-6,"v_offset":12,"h_offset":0,"inset":false,"enable":true,"color":{"color":"rgba(34, 56, 101, 0.04)"}},"content_boxed_border":{"width":1,"style":"none","color":{"color":"rgba(44,62,80,0.2)"}},"content_boxed_radius":{"top":"3px","bottom":"3px","left":"3px","right":"3px","linked":true},"boxed_content_spacing":{"desktop":{"top":"40px","bottom":"40px","left":"40px","right":"40px","linked":true},"tablet":{"top":"35px","bottom":"35px","left":"35px","right":"35px","linked":true},"mobile":{"top":"20px","bottom":"20px","left":"20px","right":"20px","linked":true}},"db7bd6f7ca372964e98947532b42f1df":"","disable_featured_image":"no","disable_share_box":"no","disable_header":"no","disable_footer":"no","8fa33f181653e70590634b090b35af25":"","c331a382e1d9caadd5cd6192d5a6c626":"","51f3940864e3eac1b34e35c8d3709a18":"","f948edd9db660e4ce2b39d9037f950a1":"","62e0047a34f5228217562c0bf29d0d09":"","4ef381fd56f635a0020bd5df8b38d3a5":"","4f4b9933445f487ac13a66d4a8bc937f":"","b74949faec3d4666bf1b2af7d73555bf":""},"featured_image_src":"","featured_image_src_square":false,"rbea_author_info":{"display_name":"Victorien Diaz","author_link":"https:\/\/cobe.fr\/es\/author\/victorien\/"},"rbea_excerpt_info":"L&rsquo;agence CoBe s&rsquo;est implant\u00e9e au Portugal en 2017. Cette installation est venue concr\u00e9tiser une collaboration engag\u00e9e d\u00e8s 2009 avec des architectes franco-portugais.&nbsp; L\u2019agence localis\u00e9e \u00e0 Porto s\u2019est inscrite depuis dans le contexte local en d\u00e9veloppant de nombreux liens avec les entit\u00e9s et partenaires portugais comme avec les instances fran\u00e7aises repr\u00e9sentatives : Municipalit\u00e9s, services techniques, bureaux [&hellip;]","_links":{"self":[{"href":"https:\/\/cobe.fr\/es\/wp-json\/wp\/v2\/pages\/6664","targetHints":{"allow":["GET"]}}],"collection":[{"href":"https:\/\/cobe.fr\/es\/wp-json\/wp\/v2\/pages"}],"about":[{"href":"https:\/\/cobe.fr\/es\/wp-json\/wp\/v2\/types\/page"}],"author":[{"embeddable":true,"href":"https:\/\/cobe.fr\/es\/wp-json\/wp\/v2\/users\/2"}],"replies":[{"embeddable":true,"href":"https:\/\/cobe.fr\/es\/wp-json\/wp\/v2\/comments?post=6664"}],"version-history":[{"count":1,"href":"https:\/\/cobe.fr\/es\/wp-json\/wp\/v2\/pages\/6664\/revisions"}],"predecessor-version":[{"id":13556,"href":"https:\/\/cobe.fr\/es\/wp-json\/wp\/v2\/pages\/6664\/revisions\/13556"}],"up":[{"embeddable":true,"href":"https:\/\/cobe.fr\/es\/wp-json\/wp\/v2\/pages\/2982"}],"wp:featuredmedia":[{"embeddable":true,"href":"https:\/\/cobe.fr\/es\/wp-json\/"}],"wp:attachment":[{"href":"https:\/\/cobe.fr\/es\/wp-json\/wp\/v2\/media?parent=6664"}],"curies":[{"name":"wp","href":"https:\/\/api.w.org\/{rel}","templated":true}]}}