{"id":4904,"date":"2020-01-13T11:58:21","date_gmt":"2020-01-13T10:58:21","guid":{"rendered":"https:\/\/www.cobe.fr\/?page_id=4904"},"modified":"2026-03-30T18:36:45","modified_gmt":"2026-03-30T16:36:45","slug":"cobe-a-paris","status":"publish","type":"page","link":"https:\/\/cobe.fr\/es\/agence\/cobe-a-paris\/","title":{"rendered":"CoBe en Par\u00eds"},"content":{"rendered":"<div class=\"wp-block-responsive-block-editor-addons-advance-columns alignwide block-18b3dc3e-8570-4db5-a85d-176952bfec02 responsive-block-editor-addons-advanced-column-outer-wrap wide\"><div class=\"responsive-block-editor-addons-advanced-column alignwide\"><div class=\"responsive-columns-wrap responsive-block-editor-addons-block-columns responsive-columns__gap-default responsive-columns__stack-mobile responsive-columns__content-width-custom overlay-type-color linear\"><div class=\"responsive-columns-inner-wrap responsive-columns-columns-1\">\n<div class=\"wp-block-responsive-block-editor-addons-column responsive-block-editor-addons-advanced-column-child block-2b46196e-f908-4648-addf-b5cd0985fa3d\"><div class=\"responsive-column-wrap responsive-block-editor-addons-block-column\"><div class=\"responsive-column-inner-wrap overlay-type-color linear\">\n<h2 class=\"wp-block-heading has-palette-color-8-color has-text-color has-x-large-font-size\"><strong>Par\u00eds<\/strong><\/h2>\n<\/div><\/div><\/div>\n<\/div><\/div><\/div><\/div>\n\n\n\n<div class=\"wp-block-responsive-block-editor-addons-advance-columns block-7bc41675-c427-4109-bf18-ff72bb887654 responsive-block-editor-addons-advanced-column-outer-wrap undefined\"><div class=\"responsive-block-editor-addons-advanced-column alignundefined\"><div class=\"responsive-columns-wrap responsive-block-editor-addons-block-columns responsive-columns__gap-default responsive-columns__stack-mobile responsive-columns__content-width-custom overlay-type-color linear\"><div class=\"responsive-columns-inner-wrap responsive-columns-columns-1\">\n<div class=\"wp-block-responsive-block-editor-addons-column responsive-block-editor-addons-advanced-column-child block-d10214fe-c385-4c77-a096-e220e1289130\"><div class=\"responsive-column-wrap responsive-block-editor-addons-block-column\"><div class=\"responsive-column-inner-wrap overlay-type-color linear\">\n<figure class=\"wp-block-image alignwide size-full\"><img loading=\"lazy\" decoding=\"async\" width=\"1200\" height=\"801\" src=\"https:\/\/cobe.fr\/wp-content\/uploads\/2022\/07\/1_SIEGE-DE-COBE-13230.jpg\" alt=\"Fachada Agencia CoBe Par\u00eds\" class=\"wp-image-8092\" srcset=\"https:\/\/cobe.fr\/wp-content\/uploads\/2022\/07\/1_SIEGE-DE-COBE-13230.jpg 1200w, https:\/\/cobe.fr\/wp-content\/uploads\/2022\/07\/1_SIEGE-DE-COBE-13230-300x200.jpg 300w, https:\/\/cobe.fr\/wp-content\/uploads\/2022\/07\/1_SIEGE-DE-COBE-13230-1024x684.jpg 1024w, https:\/\/cobe.fr\/wp-content\/uploads\/2022\/07\/1_SIEGE-DE-COBE-13230-768x513.jpg 768w, https:\/\/cobe.fr\/wp-content\/uploads\/2022\/07\/1_SIEGE-DE-COBE-13230-18x12.jpg 18w\" sizes=\"auto, (max-width: 1200px) 100vw, 1200px\" \/><\/figure>\n<\/div><\/div><\/div>\n<\/div><\/div><\/div><\/div>\n\n\n\n<div class=\"wp-block-responsive-block-editor-addons-advance-columns alignwide block-1fa3b5d3-bcda-44cc-943d-d2fe1f738491 responsive-block-editor-addons-advanced-column-outer-wrap wide\"><div class=\"responsive-block-editor-addons-advanced-column alignwide\"><div class=\"responsive-columns-wrap responsive-block-editor-addons-block-columns responsive-columns__gap-wide responsive-columns__stack-mobile responsive-columns__content-width-custom overlay-type-color linear\"><div class=\"responsive-columns-inner-wrap responsive-columns-columns-2\">\n<div class=\"wp-block-responsive-block-editor-addons-column responsive-block-editor-addons-advanced-column-child block-34d37f28-2df3-4725-afe5-e9b48276c086\"><div class=\"responsive-column-wrap responsive-block-editor-addons-block-column\"><div class=\"responsive-column-inner-wrap overlay-type-color linear\">\n<figure class=\"wp-block-image alignleft size-full\"><img loading=\"lazy\" decoding=\"async\" width=\"600\" height=\"870\" src=\"https:\/\/cobe.fr\/wp-content\/uploads\/2022\/07\/CoBe-Paris-3.jpg\" alt=\"En las oficinas de CoBe, Par\u00eds\" class=\"wp-image-8093\" srcset=\"https:\/\/cobe.fr\/wp-content\/uploads\/2022\/07\/CoBe-Paris-3.jpg 600w, https:\/\/cobe.fr\/wp-content\/uploads\/2022\/07\/CoBe-Paris-3-207x300.jpg 207w, https:\/\/cobe.fr\/wp-content\/uploads\/2022\/07\/CoBe-Paris-3-8x12.jpg 8w\" sizes=\"auto, (max-width: 600px) 100vw, 600px\" \/><\/figure>\n<\/div><\/div><\/div>\n\n\n\n<div class=\"wp-block-responsive-block-editor-addons-column responsive-block-editor-addons-advanced-column-child block-216228f4-6763-4c80-ba30-6a3e3762a621\"><div class=\"responsive-column-wrap responsive-block-editor-addons-block-column\"><div class=\"responsive-column-inner-wrap overlay-type-color linear\">\n<figure class=\"wp-block-image alignright size-full\"><img loading=\"lazy\" decoding=\"async\" width=\"600\" height=\"401\" src=\"https:\/\/cobe.fr\/wp-content\/uploads\/2022\/07\/SIEGE-DE-COBE-Paris-1.jpg\" alt=\"En el trabajo - CoBe, Par\u00eds\" class=\"wp-image-8094\" srcset=\"https:\/\/cobe.fr\/wp-content\/uploads\/2022\/07\/SIEGE-DE-COBE-Paris-1.jpg 600w, https:\/\/cobe.fr\/wp-content\/uploads\/2022\/07\/SIEGE-DE-COBE-Paris-1-300x201.jpg 300w, https:\/\/cobe.fr\/wp-content\/uploads\/2022\/07\/SIEGE-DE-COBE-Paris-1-18x12.jpg 18w\" sizes=\"auto, (max-width: 600px) 100vw, 600px\" \/><\/figure>\n\n\n\n<div style=\"height:15px\" aria-hidden=\"true\" class=\"wp-block-spacer\"><\/div>\n\n\n\n<figure class=\"wp-block-image alignright size-full\"><img loading=\"lazy\" decoding=\"async\" width=\"600\" height=\"401\" src=\"https:\/\/cobe.fr\/wp-content\/uploads\/2022\/07\/SIEGE-DE-COBE-paris2.jpg\" alt=\"Oficina de trabajo de CoBe, Par\u00eds\" class=\"wp-image-8095\" srcset=\"https:\/\/cobe.fr\/wp-content\/uploads\/2022\/07\/SIEGE-DE-COBE-paris2.jpg 600w, https:\/\/cobe.fr\/wp-content\/uploads\/2022\/07\/SIEGE-DE-COBE-paris2-300x201.jpg 300w, https:\/\/cobe.fr\/wp-content\/uploads\/2022\/07\/SIEGE-DE-COBE-paris2-18x12.jpg 18w\" sizes=\"auto, (max-width: 600px) 100vw, 600px\" \/><\/figure>\n<\/div><\/div><\/div>\n<\/div><\/div><\/div><\/div>\n\n\n\n<h3 class=\"wp-block-heading has-text-align-center\"><strong>Los asociados<\/strong><\/h3>\n\n\n\n<div class=\"wp-block-columns is-layout-flex wp-container-core-columns-is-layout-28f84493 wp-block-columns-is-layout-flex\">\n<div class=\"wp-block-column is-layout-flow wp-block-column-is-layout-flow\">\n<figure class=\"wp-block-image aligncenter size-full\"><img loading=\"lazy\" decoding=\"async\" width=\"300\" height=\"334\" src=\"https:\/\/cobe.fr\/wp-content\/uploads\/2022\/07\/RAPH-1.jpg\" alt=\"CoBe Rapha\u00ebl Denis\" class=\"wp-image-8112\" srcset=\"https:\/\/cobe.fr\/wp-content\/uploads\/2022\/07\/RAPH-1.jpg 300w, https:\/\/cobe.fr\/wp-content\/uploads\/2022\/07\/RAPH-1-269x300.jpg 269w, https:\/\/cobe.fr\/wp-content\/uploads\/2022\/07\/RAPH-1-11x12.jpg 11w\" sizes=\"auto, (max-width: 300px) 100vw, 300px\" \/><figcaption class=\"wp-element-caption\"><strong>Rapha\u00ebl Denis<\/strong><br>Desarrollo comercial<\/figcaption><\/figure>\n<\/div>\n\n\n\n<div class=\"wp-block-column is-layout-flow wp-block-column-is-layout-flow\">\n<figure class=\"wp-block-image aligncenter size-full\"><img loading=\"lazy\" decoding=\"async\" width=\"300\" height=\"334\" src=\"https:\/\/cobe.fr\/wp-content\/uploads\/2022\/07\/MARTIN-1.jpg\" alt=\"Martin Lemerre CoBe\" class=\"wp-image-8137\" srcset=\"https:\/\/cobe.fr\/wp-content\/uploads\/2022\/07\/MARTIN-1.jpg 300w, https:\/\/cobe.fr\/wp-content\/uploads\/2022\/07\/MARTIN-1-269x300.jpg 269w, https:\/\/cobe.fr\/wp-content\/uploads\/2022\/07\/MARTIN-1-11x12.jpg 11w\" sizes=\"auto, (max-width: 300px) 100vw, 300px\" \/><figcaption class=\"wp-element-caption\"><strong>Martin Lemerre<\/strong><br>\u00c1rea de Arquitectura<\/figcaption><\/figure>\n<\/div>\n\n\n\n<div class=\"wp-block-column is-layout-flow wp-block-column-is-layout-flow\">\n<figure class=\"wp-block-image aligncenter size-full\"><img loading=\"lazy\" decoding=\"async\" width=\"300\" height=\"334\" src=\"https:\/\/cobe.fr\/wp-content\/uploads\/2024\/01\/05-Luc-MONEGER-BD.jpg\" alt=\"CoBe - Luc Mon\u00e9ger paisajista asociado - director del departamento de urbanismo y paisaje\" class=\"wp-image-11562\" srcset=\"https:\/\/cobe.fr\/wp-content\/uploads\/2024\/01\/05-Luc-MONEGER-BD.jpg 300w, https:\/\/cobe.fr\/wp-content\/uploads\/2024\/01\/05-Luc-MONEGER-BD-269x300.jpg 269w, https:\/\/cobe.fr\/wp-content\/uploads\/2024\/01\/05-Luc-MONEGER-BD-11x12.jpg 11w\" sizes=\"auto, (max-width: 300px) 100vw, 300px\" \/><figcaption class=\"wp-element-caption\"><strong>Luc Mon\u00e9ger<br><\/strong>\u00c1rea de Urbanismo y Paisaje<\/figcaption><\/figure>\n<\/div>\n\n\n\n<div class=\"wp-block-column is-layout-flow wp-block-column-is-layout-flow\">\n<figure class=\"wp-block-image aligncenter size-full\"><img loading=\"lazy\" decoding=\"async\" width=\"300\" height=\"334\" src=\"https:\/\/cobe.fr\/wp-content\/uploads\/2022\/07\/FTAIL-1.jpg\" alt=\"Fabrice Taillandier CoBe\" class=\"wp-image-8110\" srcset=\"https:\/\/cobe.fr\/wp-content\/uploads\/2022\/07\/FTAIL-1.jpg 300w, https:\/\/cobe.fr\/wp-content\/uploads\/2022\/07\/FTAIL-1-269x300.jpg 269w, https:\/\/cobe.fr\/wp-content\/uploads\/2022\/07\/FTAIL-1-11x12.jpg 11w\" sizes=\"auto, (max-width: 300px) 100vw, 300px\" \/><figcaption class=\"wp-element-caption\"><strong>Fabrice Taillandier<br><\/strong>\u00c1rea de Ejecuci\u00f3n<\/figcaption><\/figure>\n<\/div>\n<\/div>\n\n\n\n<h3 class=\"wp-block-heading has-text-align-center\"><strong>El equipo<\/strong><\/h3>\n\n\n\n<h4 class=\"wp-block-heading has-text-align-center has-medium-font-size\">Urbanismo y Paisajismo<\/h4>\n\n\n\n<p class=\"has-text-align-center\">Laure REYDELLET - Directora de proyectos paisaj\u00edsticos<br>Camille RAYNAUD -Jefe de proyecto<br>Alice ROLFE - Gestora de proyectos<br>Nina JOLY - Gestora de proyectos<br>Oscar SCHLUMBERGER - Jefe de proyecto<br>Jonathan MATHIEU - Jefe de proyecto<br>Clarisse CARLIER - Jefa de proyecto<br>Zo\u00e9 FARINI - Gestora de proyectos<br>Denise SAADE - Gestora de proyectos<br>Christopher DOCHE - Jefe de proyecto<\/p>\n\n\n\n<h4 class=\"wp-block-heading has-text-align-center has-medium-font-size\">Arquitectura<\/h4>\n\n\n\n<p class=\"has-text-align-center\">Marie-Alexandra WATTIN - Directora del proyecto<br>Alexis CHARLOT-ETIENNE - Director de proyecto<br>Aurore DAVID - Responsable de proyectos transversales<br>Victoria VERRET - Gestora de proyectos<\/p>\n\n\n\n<h4 class=\"wp-block-heading has-text-align-center has-medium-font-size\">Construcci\u00f3n<\/h4>\n\n\n\n<p class=\"has-text-align-center\">Fran\u00e7ois ROUSSEAU - Director t\u00e9cnico<br>Mathilde SERIN - Directora de Obras<br>Emmanuelle CANUT - Asistente t\u00e9cnico<br>Agathe HEMARD - Jefa de proyecto<br>Chirine EL HAMMOUTI - Contratista principal<\/p>\n\n\n\n<h4 class=\"wp-block-heading has-text-align-center has-medium-font-size\">Dise\u00f1o<\/h4>\n\n\n\n<p class=\"has-text-align-center\">Mathieu GALARD - Director de Dise\u00f1o y Comunicaci\u00f3n<\/p>\n\n\n\n<h4 class=\"wp-block-heading has-text-align-center has-medium-font-size\">Desarrollo comercial<\/h4>\n\n\n\n<p class=\"has-text-align-center\">Rosario PEREZ - Responsable de licitaciones<\/p>\n\n\n\n<h4 class=\"wp-block-heading has-text-align-center has-medium-font-size\">Administraci\u00f3n<\/h4>\n\n\n\n<p class=\"has-text-align-center\">Dominique COTTERAU \u2013 Asistente de direcci\u00f3n<\/p>\n\n\n\n<h4 class=\"wp-block-heading has-text-align-center has-medium-font-size\">Comunicaci\u00f3n<\/h4>\n\n\n\n<p class=\"has-text-align-center\">Mathieu GALARD - Director de Dise\u00f1o y Comunicaci\u00f3n<\/p>\n\n\n\n<h4 class=\"wp-block-heading has-text-align-center has-medium-font-size\">Contabilidad<\/h4>\n\n\n\n<p class=\"has-text-align-center\">Cyril BOURDIN \u2013 Director administrativo y financiero <br>Faty MBOUP - Contable general<\/p>\n\n\n\n<h4 class=\"wp-block-heading has-text-align-center has-medium-font-size\">Recursos Humanos<\/h4>\n\n\n\n<p class=\"has-text-align-center\">Rapha\u00ebl DENIS<\/p>\n\n\n\n<h3 class=\"wp-block-heading has-text-align-center\"><strong>P\u00f3ngase en contacto con<\/strong><\/h3>\n\n\n\n<p class=\"has-text-align-center\">30 boulevard Saint-Jacques<br>75014 Par\u00eds, Francia<br>Tel : +331 43 66 38 30<br>contact@cobe.fr<\/p>\n\n\n\n<div style=\"height:39px\" aria-hidden=\"true\" class=\"wp-block-spacer\"><\/div>","protected":false},"excerpt":{"rendered":"<p>Les associ\u00e9s L\u2019\u00e9quipe Urbanisme &amp; Paysage Laure REYDELLET &#8211; Dir. de projet paysageCamille RAYNAUD -Cheffe de projetAlice ROLFE &#8211; Chef de projetNina JOLY &#8211; Cheffe de projetOscar SCHLUMBERGER &#8211; Chef de projetJonathan MATHIEU &#8211; Chef de projetClarisse CARLIER &#8211; Cheffe de projetZo\u00e9 FARINI &#8211; Cheffe de projetDenise SAADE &#8211; Charg\u00e9e de projetChristopher DOCHE &#8211; Charg\u00e9 [&hellip;]<\/p>\n","protected":false},"author":2,"featured_media":0,"parent":2982,"menu_order":0,"comment_status":"closed","ping_status":"closed","template":"","meta":{"_seopress_robots_primary_cat":"","_seopress_titles_title":"","_seopress_titles_desc":"D\u00e9couvrez l'agence et l'\u00e9quipe parisienne de CoBe","_seopress_robots_index":"","_vp_format_video_url":"","_vp_image_focal_point":[],"footnotes":""},"class_list":["post-4904","page","type-page","status-publish","hentry"],"blocksy_meta":{"styles_descriptor":{"styles":{"desktop":"[data-prefix=\"single_page\"] {background-color:var(--theme-palette-color-7);background-image:none;}","tablet":"","mobile":""},"google_fonts":[],"version":6},"page_title_panel":"","has_hero_section":"disabled","79e8aaa1e32057182a105196919a334d":"","hero_section":"type-1","hero_elements":[{"id":"custom_title","enabled":true,"heading_tag":"h1","title":"Inicio"},{"id":"custom_description","enabled":true,"description_visibility":{"desktop":true,"tablet":true,"mobile":false}},{"id":"custom_meta","enabled":false,"meta_elements":[{"id":"author","enabled":true,"label":"Par","has_author_avatar":"yes","avatar_size":25},{"id":"post_date","enabled":true,"label":"Sur","date_format_source":"default","date_format":"M j, Y"},{"id":"updated_date","enabled":false,"label":"Sur","date_format_source":"default","date_format":"M j, Y"},{"id":"categories","enabled":false,"label":"Dans","style":"simple"},{"id":"comments","enabled":true}],"page_meta_elements":{"joined":true,"articles_count":true,"comments":true}},{"id":"breadcrumbs","enabled":false}],"876ff57455f77188434548156b1ce83c":"","hero_alignment1":"CT_CSS_SKIP_RULE","hero_margin":40,"hero_alignment2":"center","hero_vertical_alignment":"center","e85a61d22634a564c06b11ce0caff68b":"","hero_structure":"narrow","a2493c86b53d71eb930a8eeb971bf6ec":"","page_title_bg_type":"featured_image","custom_hero_background":{"attachment_id":null},"page_title_image_size":"full","parallax":{"desktop":false,"tablet":false,"mobile":false},"f192da96e4adfc923ff100ebc2265114":"","hero_height":"250px","pageTitleFont":{"family":"Default","variation":"Default","size":"30px","line-height":"CT_CSS_SKIP_RULE","letter-spacing":"CT_CSS_SKIP_RULE","text-transform":"CT_CSS_SKIP_RULE","text-decoration":"CT_CSS_SKIP_RULE"},"pageTitleFontColor":{"default":{"color":"CT_CSS_SKIP_RULEDEFAULT"}},"pageMetaFont":{"family":"Default","variation":"n6","size":"12px","line-height":"1.3","letter-spacing":"CT_CSS_SKIP_RULE","text-transform":"uppercase","text-decoration":"CT_CSS_SKIP_RULE"},"pageMetaFontColor":{"default":{"color":"CT_CSS_SKIP_RULEDEFAULT"},"hover":{"color":"CT_CSS_SKIP_RULEDEFAULT"}},"page_meta_button_type_font_colors":{"default":{"color":"CT_CSS_SKIP_RULEDEFAULT"},"hover":{"color":"CT_CSS_SKIP_RULEDEFAULT"}},"page_meta_button_type_background_colors":{"default":{"color":"CT_CSS_SKIP_RULEDEFAULT"},"hover":{"color":"CT_CSS_SKIP_RULEDEFAULT"}},"pageExcerptFont":{"family":"Default","variation":"Default","size":"CT_CSS_SKIP_RULE","line-height":"CT_CSS_SKIP_RULE","letter-spacing":"CT_CSS_SKIP_RULE","text-transform":"CT_CSS_SKIP_RULE","text-decoration":"CT_CSS_SKIP_RULE"},"pageExcerptColor":{"default":{"color":"CT_CSS_SKIP_RULEDEFAULT"}},"breadcrumbsFont":{"family":"Default","variation":"Default","size":"CT_CSS_SKIP_RULE","line-height":"CT_CSS_SKIP_RULE","letter-spacing":"CT_CSS_SKIP_RULE","text-transform":"CT_CSS_SKIP_RULE","text-decoration":"CT_CSS_SKIP_RULE"},"breadcrumbsFontColor":{"default":{"color":"CT_CSS_SKIP_RULEDEFAULT"},"initial":{"color":"CT_CSS_SKIP_RULEDEFAULT"},"hover":{"color":"CT_CSS_SKIP_RULEDEFAULT"}},"acf_field_hero_elements":"","typography":{"family":"Default","variation":"Default","size":"CT_CSS_SKIP_RULE","line-height":"CT_CSS_SKIP_RULE","letter-spacing":"CT_CSS_SKIP_RULE","text-transform":"CT_CSS_SKIP_RULE","text-decoration":"CT_CSS_SKIP_RULE"},"color":{"default":{"color":"CT_CSS_SKIP_RULEDEFAULT"},"hover":{"color":"CT_CSS_SKIP_RULEDEFAULT"}},"metabox_field_hero_elements":"","toolset_field_hero_elements":"","jetengine_field_hero_elements":"","custom_field_hero_elements":"","pageTitleOverlay":{"background_type":"color","background_pattern":"type-1","background_image":{"attachment_id":null,"x":0,"y":0},"gradient":"linear-gradient(135deg,rgba(6,147,227,1) 0%,rgb(155,81,224) 100%)","background_repeat":"repeat","background_size":"auto","background_attachment":"scroll","patternColor":{"default":{"color":"#e5e7ea"}},"overlayColor":{"default":{"color":"CT_CSS_SKIP_RULE"}},"backgroundColor":{"default":{"color":"CT_CSS_SKIP_RULE"}}},"pageTitleBackground":{"background_type":"color","background_pattern":"type-1","background_image":{"attachment_id":null,"x":0,"y":0},"gradient":"linear-gradient(135deg,rgba(6,147,227,1) 0%,rgb(155,81,224) 100%)","background_repeat":"repeat","background_size":"auto","background_attachment":"scroll","patternColor":{"default":{"color":"#e5e7ea"}},"overlayColor":{"default":{"color":"CT_CSS_SKIP_RULE"}},"backgroundColor":{"default":{"color":"var(--theme-palette-color-6)"}}},"pageTitlePadding":{"top":"50px","bottom":"50px","left":"auto","right":"auto","linked":true},"cc12da3a2dacfbce5b6cd59ca6c6f969":"","page_structure_type":"type-4","8742f030629b8284bc5af70f3be32eb9":"","content_style_source":"inherit","content_style":"wide","vertical_spacing_source":"inherit","content_area_spacing":"both","background":{"desktop":{"background_type":"color","background_pattern":"type-1","background_image":{"attachment_id":null,"x":0,"y":0},"gradient":"linear-gradient(135deg,rgba(6,147,227,1) 0%,rgb(155,81,224) 100%)","background_repeat":"repeat","background_size":"auto","background_attachment":"scroll","patternColor":{"default":{"color":"#e5e7ea"}},"overlayColor":{"default":{"color":"CT_CSS_SKIP_RULE"}},"backgroundColor":{"default":{"color":"var(--theme-palette-color-7)"}}},"tablet":{"background_type":"color","background_pattern":"type-1","background_image":{"attachment_id":null,"x":0,"y":0},"gradient":"linear-gradient(135deg,rgba(6,147,227,1) 0%,rgb(155,81,224) 100%)","background_repeat":"repeat","background_size":"auto","background_attachment":"scroll","patternColor":{"default":{"color":"#e5e7ea"}},"overlayColor":{"default":{"color":"CT_CSS_SKIP_RULE"}},"backgroundColor":{"default":{"color":"var(--theme-palette-color-7)"}}},"mobile":{"background_type":"color","background_pattern":"type-1","background_image":{"attachment_id":null,"x":0,"y":0},"gradient":"linear-gradient(135deg,rgba(6,147,227,1) 0%,rgb(155,81,224) 100%)","background_repeat":"repeat","background_size":"auto","background_attachment":"scroll","patternColor":{"default":{"color":"#e5e7ea"}},"overlayColor":{"default":{"color":"CT_CSS_SKIP_RULE"}},"backgroundColor":{"default":{"color":"var(--theme-palette-color-7)"}}},"__changed":[]},"content_background":{"background_type":"color","background_pattern":"type-1","background_image":{"attachment_id":null,"x":0,"y":0},"gradient":"linear-gradient(135deg,rgba(6,147,227,1) 0%,rgb(155,81,224) 100%)","background_repeat":"repeat","background_size":"auto","background_attachment":"scroll","patternColor":{"default":{"color":"#e5e7ea"}},"overlayColor":{"default":{"color":"CT_CSS_SKIP_RULE"}},"backgroundColor":{"default":{"color":"var(--theme-palette-color-8)"}}},"content_boxed_shadow":{"inherit":false,"blur":18,"spread":-6,"v_offset":12,"h_offset":0,"inset":false,"enable":true,"color":{"color":"rgba(34, 56, 101, 0.04)"}},"content_boxed_border":{"width":1,"style":"none","color":{"color":"rgba(44,62,80,0.2)"}},"content_boxed_radius":{"top":"3px","bottom":"3px","left":"3px","right":"3px","linked":true},"boxed_content_spacing":{"desktop":{"top":"40px","bottom":"40px","left":"40px","right":"40px","linked":true},"tablet":{"top":"35px","bottom":"35px","left":"35px","right":"35px","linked":true},"mobile":{"top":"20px","bottom":"20px","left":"20px","right":"20px","linked":true}},"2ff284d74e0f36c6770315e7b35c5235":"","disable_featured_image":"no","disable_share_box":"no","disable_header":"no","disable_footer":"no","5f297c3f366471d32b80e4c2ce97f7a6":"","8086d7569ce891cad525adc618292d0f":"","2a6923b35c9313d369220b14339212c1":"","30f015e84e29d28e1376f45d7071b178":"","caa2744602d50e2a19086db7d1b08b8e":"","3934679e47c311113038aee275f7bb9f":"","696aff01fc2df1f8f96b901b04dfa2fb":"","ac4a261e475e32c4776f757a99d1e76b":""},"featured_image_src":"","featured_image_src_square":false,"rbea_author_info":{"display_name":"Victorien Diaz","author_link":"https:\/\/cobe.fr\/es\/author\/victorien\/"},"rbea_excerpt_info":"Les associ\u00e9s L\u2019\u00e9quipe Urbanisme &amp; Paysage Laure REYDELLET &#8211; Dir. de projet paysageCamille RAYNAUD -Cheffe de projetAlice ROLFE &#8211; Chef de projetNina JOLY &#8211; Cheffe de projetOscar SCHLUMBERGER &#8211; Chef de projetJonathan MATHIEU &#8211; Chef de projetClarisse CARLIER &#8211; Cheffe de projetZo\u00e9 FARINI &#8211; Cheffe de projetDenise SAADE &#8211; Charg\u00e9e de projetChristopher DOCHE &#8211; Charg\u00e9 [&hellip;]","_links":{"self":[{"href":"https:\/\/cobe.fr\/es\/wp-json\/wp\/v2\/pages\/4904","targetHints":{"allow":["GET"]}}],"collection":[{"href":"https:\/\/cobe.fr\/es\/wp-json\/wp\/v2\/pages"}],"about":[{"href":"https:\/\/cobe.fr\/es\/wp-json\/wp\/v2\/types\/page"}],"author":[{"embeddable":true,"href":"https:\/\/cobe.fr\/es\/wp-json\/wp\/v2\/users\/2"}],"replies":[{"embeddable":true,"href":"https:\/\/cobe.fr\/es\/wp-json\/wp\/v2\/comments?post=4904"}],"version-history":[{"count":9,"href":"https:\/\/cobe.fr\/es\/wp-json\/wp\/v2\/pages\/4904\/revisions"}],"predecessor-version":[{"id":13550,"href":"https:\/\/cobe.fr\/es\/wp-json\/wp\/v2\/pages\/4904\/revisions\/13550"}],"up":[{"embeddable":true,"href":"https:\/\/cobe.fr\/es\/wp-json\/wp\/v2\/pages\/2982"}],"wp:attachment":[{"href":"https:\/\/cobe.fr\/es\/wp-json\/wp\/v2\/media?parent=4904"}],"curies":[{"name":"wp","href":"https:\/\/api.w.org\/{rel}","templated":true}]}}