{"id":6640,"date":"2021-12-09T10:13:57","date_gmt":"2021-12-09T09:13:57","guid":{"rendered":"https:\/\/www.vie-digitale.com\/cobe\/?page_id=6640"},"modified":"2026-03-30T18:38:58","modified_gmt":"2026-03-30T16:38:58","slug":"cobe-a-porto","status":"publish","type":"page","link":"https:\/\/cobe.fr\/en\/agence\/cobe-a-porto\/","title":{"rendered":"CoBe in Porto"},"content":{"rendered":"<div class=\"wp-block-responsive-block-editor-addons-advance-columns alignwide block-9d1f3bab-1d28-4c9d-85da-bd6e4cad750a responsive-block-editor-addons-advanced-column-outer-wrap wide\"><div class=\"responsive-block-editor-addons-advanced-column alignwide\"><div class=\"responsive-columns-wrap responsive-block-editor-addons-block-columns responsive-columns__gap-default responsive-columns__stack-mobile responsive-columns__content-width-custom overlay-type-color linear\"><div class=\"responsive-columns-inner-wrap responsive-columns-columns-1\">\n<div class=\"wp-block-responsive-block-editor-addons-column responsive-block-editor-addons-advanced-column-child block-6f167597-bf0c-46bc-ab76-6024d1dc5710\"><div class=\"responsive-column-wrap responsive-block-editor-addons-block-column\"><div class=\"responsive-column-inner-wrap overlay-type-color linear\">\n<h2 class=\"wp-block-heading has-text-align-center has-palette-color-8-color has-text-color has-x-large-font-size\"><strong>Porto<\/strong><\/h2>\n<\/div><\/div><\/div>\n<\/div><\/div><\/div><\/div>\n\n\n\n<figure class=\"wp-block-image size-full is-resized\"><img loading=\"lazy\" decoding=\"async\" width=\"1096\" height=\"825\" src=\"https:\/\/cobe.fr\/wp-content\/uploads\/2022\/07\/cobe-porto-1.jpg\" alt=\"CoBe Agency, POrto\" class=\"wp-image-8133\" style=\"width:1260px;height:undefinedpx\" srcset=\"https:\/\/cobe.fr\/wp-content\/uploads\/2022\/07\/cobe-porto-1.jpg 1096w, https:\/\/cobe.fr\/wp-content\/uploads\/2022\/07\/cobe-porto-1-300x226.jpg 300w, https:\/\/cobe.fr\/wp-content\/uploads\/2022\/07\/cobe-porto-1-1024x771.jpg 1024w, https:\/\/cobe.fr\/wp-content\/uploads\/2022\/07\/cobe-porto-1-768x578.jpg 768w, https:\/\/cobe.fr\/wp-content\/uploads\/2022\/07\/cobe-porto-1-16x12.jpg 16w\" sizes=\"auto, (max-width: 1096px) 100vw, 1096px\" \/><\/figure>\n\n\n\n<div class=\"wp-block-responsive-block-editor-addons-advance-columns alignwide block-b05431cc-0054-47ac-a8eb-4056cd351999 responsive-block-editor-addons-advanced-column-outer-wrap wide\"><div class=\"responsive-block-editor-addons-advanced-column alignwide\"><div class=\"responsive-columns-wrap responsive-block-editor-addons-block-columns responsive-columns__gap-wide responsive-columns__stack-mobile responsive-columns__content-width-custom overlay-type-color linear\"><div class=\"responsive-columns-inner-wrap responsive-columns-columns-2\">\n<div class=\"wp-block-responsive-block-editor-addons-column responsive-block-editor-addons-advanced-column-child block-b572c4c7-3e03-4667-80b2-af1c961d4931\"><div class=\"responsive-column-wrap responsive-block-editor-addons-block-column\"><div class=\"responsive-column-inner-wrap overlay-type-color linear\">\n<figure class=\"wp-block-image alignleft size-full\"><img loading=\"lazy\" decoding=\"async\" width=\"540\" height=\"720\" src=\"https:\/\/cobe.fr\/wp-content\/uploads\/2022\/07\/architectes-CoBe-Porto.jpg\" alt=\"CoBe Porto\" class=\"wp-image-8134\" srcset=\"https:\/\/cobe.fr\/wp-content\/uploads\/2022\/07\/architectes-CoBe-Porto.jpg 540w, https:\/\/cobe.fr\/wp-content\/uploads\/2022\/07\/architectes-CoBe-Porto-225x300.jpg 225w, https:\/\/cobe.fr\/wp-content\/uploads\/2022\/07\/architectes-CoBe-Porto-9x12.jpg 9w\" sizes=\"auto, (max-width: 540px) 100vw, 540px\" \/><\/figure>\n<\/div><\/div><\/div>\n\n\n\n<div class=\"wp-block-responsive-block-editor-addons-column responsive-block-editor-addons-advanced-column-child block-89cfd0fc-fd0f-40dc-a335-9ec76f1ee4bc\"><div class=\"responsive-column-wrap responsive-block-editor-addons-block-column\"><div class=\"responsive-column-inner-wrap overlay-type-color linear\">\n<figure class=\"wp-block-image alignright size-full\"><img alt=\"\" loading=\"lazy\" decoding=\"async\" width=\"540\" height=\"350\" src=\"https:\/\/cobe.fr\/wp-content\/uploads\/2022\/07\/CoBe-Porto-architecture-paysage.jpg\" class=\"wp-image-8135\" srcset=\"https:\/\/cobe.fr\/wp-content\/uploads\/2022\/07\/CoBe-Porto-architecture-paysage.jpg 540w, https:\/\/cobe.fr\/wp-content\/uploads\/2022\/07\/CoBe-Porto-architecture-paysage-300x194.jpg 300w, https:\/\/cobe.fr\/wp-content\/uploads\/2022\/07\/CoBe-Porto-architecture-paysage-18x12.jpg 18w\" sizes=\"auto, (max-width: 540px) 100vw, 540px\" \/><\/figure>\n\n\n\n<figure class=\"wp-block-image alignright size-full\"><img loading=\"lazy\" decoding=\"async\" width=\"540\" height=\"350\" src=\"https:\/\/cobe.fr\/wp-content\/uploads\/2022\/07\/Portugal-Porto-Architecture-CoBe.jpg\" alt=\"CoBe Porto\" class=\"wp-image-8136\" srcset=\"https:\/\/cobe.fr\/wp-content\/uploads\/2022\/07\/Portugal-Porto-Architecture-CoBe.jpg 540w, https:\/\/cobe.fr\/wp-content\/uploads\/2022\/07\/Portugal-Porto-Architecture-CoBe-300x194.jpg 300w, https:\/\/cobe.fr\/wp-content\/uploads\/2022\/07\/Portugal-Porto-Architecture-CoBe-18x12.jpg 18w\" sizes=\"auto, (max-width: 540px) 100vw, 540px\" \/><\/figure>\n<\/div><\/div><\/div>\n<\/div><\/div><\/div><\/div>\n\n\n\n<div style=\"height:51px\" aria-hidden=\"true\" class=\"wp-block-spacer\"><\/div>\n\n\n\n<p class=\"has-text-align-center has-small-font-size\">CoBe set up in Portugal in 2017. The move was the culmination of a collaboration with Franco-Portuguese architects that began in 2009.&nbsp;<\/p>\n\n\n\n<p class=\"has-text-align-center has-small-font-size\">Since then, the Porto-based agency has become part of the local context, developing numerous links with Portuguese entities and partners, as well as with representative French bodies: local authorities, technical services, consultancy firms, the Chamber of Commerce, the embassy, etc.<\/p>\n\n\n\n<p class=\"has-text-align-center has-small-font-size\">The 25 architects, graphic artists and designers, most of whom are now French-speaking, work with the CoBe teams in France. This organisation, which is part of a corporate culture that is open to the world, also provides a real capacity for intervention on the Iberian peninsula.<\/p>\n\n\n\n<p class=\"has-text-align-center has-small-font-size\">Since 2021, in parallel with the regional approach in France, a branch has been set up in Lisbon to better meet the needs of clients and contractors in southern Portugal.<\/p>\n\n\n\n<p class=\"has-text-align-center has-small-font-size\">Today, the agency is involved in programmes that are popular with local and foreign investors in Portugal and Spain, through the design of family housing, student and senior housing, hotels, offices and interior fittings.<\/p>\n\n\n\n<p class=\"has-text-align-center has-small-font-size\">Against this backdrop, we remain particularly committed to societal issues specific to the peninsula, such as the shortage of housing accessible to the most vulnerable and the need to respond to the ageing of the population.&nbsp;<\/p>\n\n\n\n<div style=\"height:51px\" aria-hidden=\"true\" class=\"wp-block-spacer\"><\/div>\n\n\n\n<h3 class=\"wp-block-heading has-text-align-center\"><strong>The partners<\/strong><\/h3>\n\n\n\n<p><\/p>\n\n\n\n<div class=\"wp-block-columns is-layout-flex wp-container-core-columns-is-layout-28f84493 wp-block-columns-is-layout-flex\">\n<div class=\"wp-block-column is-layout-flow wp-block-column-is-layout-flow\">\n<figure class=\"wp-block-image aligncenter size-full is-resized\"><img loading=\"lazy\" decoding=\"async\" width=\"300\" height=\"334\" src=\"https:\/\/cobe.fr\/wp-content\/uploads\/2022\/07\/MARTIN-1.jpg\" alt=\"Martin Lemerre CoBe\" class=\"wp-image-8137\" style=\"width:200px;height:undefinedpx\" srcset=\"https:\/\/cobe.fr\/wp-content\/uploads\/2022\/07\/MARTIN-1.jpg 300w, https:\/\/cobe.fr\/wp-content\/uploads\/2022\/07\/MARTIN-1-269x300.jpg 269w, https:\/\/cobe.fr\/wp-content\/uploads\/2022\/07\/MARTIN-1-11x12.jpg 11w\" sizes=\"auto, (max-width: 300px) 100vw, 300px\" \/><figcaption class=\"wp-element-caption\"><strong>Martin Lemerre<\/strong><\/figcaption><\/figure>\n<\/div>\n\n\n\n<div class=\"wp-block-column is-layout-flow wp-block-column-is-layout-flow\">\n<figure class=\"wp-block-image aligncenter size-full is-resized\"><img decoding=\"async\" src=\"https:\/\/cobe.fr\/wp-content\/uploads\/2022\/07\/Jean-Michel-MARQUES_CoBe-Porto.jpg\" alt=\"Jean-Michel Marques, CoBe, Porto\" class=\"wp-image-8139\" style=\"width:200px;height:undefinedpx\"\/><figcaption class=\"wp-element-caption\"><strong>Jean-Michel Marques<\/strong><\/figcaption><\/figure>\n<\/div>\n\n\n\n<div class=\"wp-block-column is-layout-flow wp-block-column-is-layout-flow\">\n<figure class=\"wp-block-image aligncenter size-full is-resized\"><img loading=\"lazy\" decoding=\"async\" width=\"300\" height=\"334\" src=\"https:\/\/cobe.fr\/wp-content\/uploads\/2022\/07\/Thierry-RAMOS_CoBe-Porto.jpg\" alt=\"Thierry Ramos, CoBe\" class=\"wp-image-8138\" style=\"width:200px;height:undefinedpx\" srcset=\"https:\/\/cobe.fr\/wp-content\/uploads\/2022\/07\/Thierry-RAMOS_CoBe-Porto.jpg 300w, https:\/\/cobe.fr\/wp-content\/uploads\/2022\/07\/Thierry-RAMOS_CoBe-Porto-269x300.jpg 269w, https:\/\/cobe.fr\/wp-content\/uploads\/2022\/07\/Thierry-RAMOS_CoBe-Porto-11x12.jpg 11w\" sizes=\"auto, (max-width: 300px) 100vw, 300px\" \/><figcaption class=\"wp-element-caption\"><strong>Thierry Ramos<\/strong><\/figcaption><\/figure>\n<\/div>\n<\/div>\n\n\n\n<h3 class=\"wp-block-heading has-text-align-center\"><strong>The team<\/strong><\/h3>\n\n\n\n<h4 class=\"wp-block-heading has-text-align-center has-medium-font-size\">Architecture<\/h4>\n\n\n\n<p class=\"has-text-align-center\">Catia TEIXEIRA<br>Miguel SOUSA<br>Jo\u00e3o-Miguel FELGUEIRAS<br>Marina RISTO<br>Filipe VIEIRA<br>Sara AMORIM<br>Jos\u00e9 SANTOS<br>Rui PINTO<br>Maria CASTRO<br>Ana FUNDO<br>Mariana MATOS<br>Beatriz SARAIVA<br>Livya ROBLES<br>Vitor ALMEIDA<\/p>\n\n\n\n<h4 class=\"wp-block-heading has-text-align-center has-medium-font-size\">Administration<\/h4>\n\n\n\n<p class=\"has-text-align-center\">Perrine WEISBUCH<br>Afonso CAIADO<\/p>\n\n\n\n<h3 class=\"wp-block-heading has-text-align-center\"><strong>Contact<\/strong><\/h3>\n\n\n\n<p class=\"has-text-align-center\">Rua Fran\u00e7a Junior, 168<br>4450-132 Matosinhos, Portugal<br>Tel: +351 229 382 608<br>geral@cobe.pt<\/p>","protected":false},"excerpt":{"rendered":"<p>L&rsquo;agence CoBe s&rsquo;est implant\u00e9e au Portugal en 2017. Cette installation est venue concr\u00e9tiser une collaboration engag\u00e9e d\u00e8s 2009 avec des architectes franco-portugais.&nbsp; L\u2019agence localis\u00e9e \u00e0 Porto s\u2019est inscrite depuis dans le contexte local en d\u00e9veloppant de nombreux liens avec les entit\u00e9s et partenaires portugais comme avec les instances fran\u00e7aises repr\u00e9sentatives : Municipalit\u00e9s, services techniques, bureaux [&hellip;]<\/p>\n","protected":false},"author":2,"featured_media":0,"parent":2982,"menu_order":0,"comment_status":"closed","ping_status":"closed","template":"","meta":{"_seopress_robots_primary_cat":"","_seopress_titles_title":"%%post_title%%","_seopress_titles_desc":"D\u00e9couvrez l'agence et l'\u00e9quipe de CoBe Porto","_seopress_robots_index":"","_vp_format_video_url":"","_vp_image_focal_point":[],"footnotes":""},"class_list":["post-6640","page","type-page","status-publish","hentry"],"blocksy_meta":{"styles_descriptor":{"styles":{"desktop":"[data-prefix=\"single_page\"] {background-color:var(--theme-palette-color-7);background-image:none;}","tablet":"","mobile":""},"google_fonts":[],"version":6},"page_title_panel":"","has_hero_section":"disabled","e976652026131f3af68a464eb586111e":"","hero_section":"type-1","hero_elements":[{"id":"custom_title","enabled":true,"heading_tag":"h1","title":"Home"},{"id":"custom_description","enabled":true,"description_visibility":{"desktop":true,"tablet":true,"mobile":false}},{"id":"custom_meta","enabled":false,"meta_elements":[{"id":"author","enabled":true,"label":"Par","has_author_avatar":"yes","avatar_size":25},{"id":"post_date","enabled":true,"label":"Sur","date_format_source":"default","date_format":"M j, Y"},{"id":"updated_date","enabled":false,"label":"Sur","date_format_source":"default","date_format":"M j, Y"},{"id":"categories","enabled":false,"label":"Dans","style":"simple"},{"id":"comments","enabled":true}],"page_meta_elements":{"joined":true,"articles_count":true,"comments":true}},{"id":"breadcrumbs","enabled":false}],"822fd8de767ed7cb15bbd86d2cd2345e":"","hero_alignment1":"CT_CSS_SKIP_RULE","hero_margin":40,"hero_alignment2":"center","hero_vertical_alignment":"center","8b3486c442f6e565e25efae72a1a650d":"","hero_structure":"narrow","07a5f1c9d10c6fb057dbfa1649324f05":"","page_title_bg_type":"featured_image","custom_hero_background":{"attachment_id":null},"page_title_image_size":"full","parallax":{"desktop":false,"tablet":false,"mobile":false},"db5174bcd7e7a12688e991f79b252463":"","hero_height":"250px","pageTitleFont":{"family":"Default","variation":"Default","size":"30px","line-height":"CT_CSS_SKIP_RULE","letter-spacing":"CT_CSS_SKIP_RULE","text-transform":"CT_CSS_SKIP_RULE","text-decoration":"CT_CSS_SKIP_RULE"},"pageTitleFontColor":{"default":{"color":"CT_CSS_SKIP_RULEDEFAULT"}},"pageMetaFont":{"family":"Default","variation":"n6","size":"12px","line-height":"1.3","letter-spacing":"CT_CSS_SKIP_RULE","text-transform":"uppercase","text-decoration":"CT_CSS_SKIP_RULE"},"pageMetaFontColor":{"default":{"color":"CT_CSS_SKIP_RULEDEFAULT"},"hover":{"color":"CT_CSS_SKIP_RULEDEFAULT"}},"page_meta_button_type_font_colors":{"default":{"color":"CT_CSS_SKIP_RULEDEFAULT"},"hover":{"color":"CT_CSS_SKIP_RULEDEFAULT"}},"page_meta_button_type_background_colors":{"default":{"color":"CT_CSS_SKIP_RULEDEFAULT"},"hover":{"color":"CT_CSS_SKIP_RULEDEFAULT"}},"pageExcerptFont":{"family":"Default","variation":"Default","size":"CT_CSS_SKIP_RULE","line-height":"CT_CSS_SKIP_RULE","letter-spacing":"CT_CSS_SKIP_RULE","text-transform":"CT_CSS_SKIP_RULE","text-decoration":"CT_CSS_SKIP_RULE"},"pageExcerptColor":{"default":{"color":"CT_CSS_SKIP_RULEDEFAULT"}},"breadcrumbsFont":{"family":"Default","variation":"Default","size":"CT_CSS_SKIP_RULE","line-height":"CT_CSS_SKIP_RULE","letter-spacing":"CT_CSS_SKIP_RULE","text-transform":"CT_CSS_SKIP_RULE","text-decoration":"CT_CSS_SKIP_RULE"},"breadcrumbsFontColor":{"default":{"color":"CT_CSS_SKIP_RULEDEFAULT"},"initial":{"color":"CT_CSS_SKIP_RULEDEFAULT"},"hover":{"color":"CT_CSS_SKIP_RULEDEFAULT"}},"acf_field_hero_elements":"","typography":{"family":"Default","variation":"Default","size":"CT_CSS_SKIP_RULE","line-height":"CT_CSS_SKIP_RULE","letter-spacing":"CT_CSS_SKIP_RULE","text-transform":"CT_CSS_SKIP_RULE","text-decoration":"CT_CSS_SKIP_RULE"},"color":{"default":{"color":"CT_CSS_SKIP_RULEDEFAULT"},"hover":{"color":"CT_CSS_SKIP_RULEDEFAULT"}},"metabox_field_hero_elements":"","toolset_field_hero_elements":"","jetengine_field_hero_elements":"","custom_field_hero_elements":"","pageTitleOverlay":{"background_type":"color","background_pattern":"type-1","background_image":{"attachment_id":null,"x":0,"y":0},"gradient":"linear-gradient(135deg,rgba(6,147,227,1) 0%,rgb(155,81,224) 100%)","background_repeat":"repeat","background_size":"auto","background_attachment":"scroll","patternColor":{"default":{"color":"#e5e7ea"}},"overlayColor":{"default":{"color":"CT_CSS_SKIP_RULE"}},"backgroundColor":{"default":{"color":"CT_CSS_SKIP_RULE"}}},"pageTitleBackground":{"background_type":"color","background_pattern":"type-1","background_image":{"attachment_id":null,"x":0,"y":0},"gradient":"linear-gradient(135deg,rgba(6,147,227,1) 0%,rgb(155,81,224) 100%)","background_repeat":"repeat","background_size":"auto","background_attachment":"scroll","patternColor":{"default":{"color":"#e5e7ea"}},"overlayColor":{"default":{"color":"CT_CSS_SKIP_RULE"}},"backgroundColor":{"default":{"color":"var(--theme-palette-color-6)"}}},"pageTitlePadding":{"top":"50px","bottom":"50px","left":"auto","right":"auto","linked":true},"7effe5ecdfae2693413c6bd43a0bc2bb":"","page_structure_type":"default","7cf295697edde5dbd176350fdaf5b03b":"","content_style_source":"inherit","content_style":"wide","vertical_spacing_source":"inherit","content_area_spacing":"both","background":{"desktop":{"background_type":"color","background_pattern":"type-1","background_image":{"attachment_id":null,"x":0,"y":0},"gradient":"linear-gradient(135deg,rgba(6,147,227,1) 0%,rgb(155,81,224) 100%)","background_repeat":"repeat","background_size":"auto","background_attachment":"scroll","patternColor":{"default":{"color":"#e5e7ea"}},"overlayColor":{"default":{"color":"CT_CSS_SKIP_RULE"}},"backgroundColor":{"default":{"color":"var(--theme-palette-color-7)"}}},"tablet":{"background_type":"color","background_pattern":"type-1","background_image":{"attachment_id":null,"x":0,"y":0},"gradient":"linear-gradient(135deg,rgba(6,147,227,1) 0%,rgb(155,81,224) 100%)","background_repeat":"repeat","background_size":"auto","background_attachment":"scroll","patternColor":{"default":{"color":"#e5e7ea"}},"overlayColor":{"default":{"color":"CT_CSS_SKIP_RULE"}},"backgroundColor":{"default":{"color":"var(--theme-palette-color-7)"}}},"mobile":{"background_type":"color","background_pattern":"type-1","background_image":{"attachment_id":null,"x":0,"y":0},"gradient":"linear-gradient(135deg,rgba(6,147,227,1) 0%,rgb(155,81,224) 100%)","background_repeat":"repeat","background_size":"auto","background_attachment":"scroll","patternColor":{"default":{"color":"#e5e7ea"}},"overlayColor":{"default":{"color":"CT_CSS_SKIP_RULE"}},"backgroundColor":{"default":{"color":"var(--theme-palette-color-7)"}}},"__changed":[]},"content_background":{"background_type":"color","background_pattern":"type-1","background_image":{"attachment_id":null,"x":0,"y":0},"gradient":"linear-gradient(135deg,rgba(6,147,227,1) 0%,rgb(155,81,224) 100%)","background_repeat":"repeat","background_size":"auto","background_attachment":"scroll","patternColor":{"default":{"color":"#e5e7ea"}},"overlayColor":{"default":{"color":"CT_CSS_SKIP_RULE"}},"backgroundColor":{"default":{"color":"var(--theme-palette-color-8)"}}},"content_boxed_shadow":{"inherit":false,"blur":18,"spread":-6,"v_offset":12,"h_offset":0,"inset":false,"enable":true,"color":{"color":"rgba(34, 56, 101, 0.04)"}},"content_boxed_border":{"width":1,"style":"none","color":{"color":"rgba(44,62,80,0.2)"}},"content_boxed_radius":{"top":"3px","bottom":"3px","left":"3px","right":"3px","linked":true},"boxed_content_spacing":{"desktop":{"top":"40px","bottom":"40px","left":"40px","right":"40px","linked":true},"tablet":{"top":"35px","bottom":"35px","left":"35px","right":"35px","linked":true},"mobile":{"top":"20px","bottom":"20px","left":"20px","right":"20px","linked":true}},"d17efe964651cdad1a372bece65a10eb":"","disable_featured_image":"no","disable_share_box":"no","disable_header":"no","disable_footer":"no"},"featured_image_src":"","featured_image_src_square":false,"rbea_author_info":{"display_name":"Victorien Diaz","author_link":"https:\/\/cobe.fr\/en\/author\/victorien\/"},"rbea_excerpt_info":"L&rsquo;agence CoBe s&rsquo;est implant\u00e9e au Portugal en 2017. Cette installation est venue concr\u00e9tiser une collaboration engag\u00e9e d\u00e8s 2009 avec des architectes franco-portugais.&nbsp; L\u2019agence localis\u00e9e \u00e0 Porto s\u2019est inscrite depuis dans le contexte local en d\u00e9veloppant de nombreux liens avec les entit\u00e9s et partenaires portugais comme avec les instances fran\u00e7aises repr\u00e9sentatives : Municipalit\u00e9s, services techniques, bureaux [&hellip;]","_links":{"self":[{"href":"https:\/\/cobe.fr\/en\/wp-json\/wp\/v2\/pages\/6640","targetHints":{"allow":["GET"]}}],"collection":[{"href":"https:\/\/cobe.fr\/en\/wp-json\/wp\/v2\/pages"}],"about":[{"href":"https:\/\/cobe.fr\/en\/wp-json\/wp\/v2\/types\/page"}],"author":[{"embeddable":true,"href":"https:\/\/cobe.fr\/en\/wp-json\/wp\/v2\/users\/2"}],"replies":[{"embeddable":true,"href":"https:\/\/cobe.fr\/en\/wp-json\/wp\/v2\/comments?post=6640"}],"version-history":[{"count":4,"href":"https:\/\/cobe.fr\/en\/wp-json\/wp\/v2\/pages\/6640\/revisions"}],"predecessor-version":[{"id":13555,"href":"https:\/\/cobe.fr\/en\/wp-json\/wp\/v2\/pages\/6640\/revisions\/13555"}],"up":[{"embeddable":true,"href":"https:\/\/cobe.fr\/en\/wp-json\/wp\/v2\/pages\/2982"}],"wp:attachment":[{"href":"https:\/\/cobe.fr\/en\/wp-json\/wp\/v2\/media?parent=6640"}],"curies":[{"name":"wp","href":"https:\/\/api.w.org\/{rel}","templated":true}]}}