{"id":2233,"date":"2018-01-15T19:15:51","date_gmt":"2018-01-15T18:15:51","guid":{"rendered":"http:\/\/www.cobe.fr\/?page_id=2233"},"modified":"2025-12-11T11:42:03","modified_gmt":"2025-12-11T10:42:03","slug":"endorsements","status":"publish","type":"page","link":"https:\/\/cobe.fr\/en\/mentions-legales\/","title":{"rendered":"Terms of use"},"content":{"rendered":"\n<p><b>Mentions l\u00e9gales<\/b><\/p>\n\n\n\n<p><span style=\"font-weight: 400;\">Conform\u00e9ment aux dispositions de l&rsquo;article 6 III-1 de la loi n\u00b0 2004-575 du 21 juin 2004 pour la confiance dans l&rsquo;\u00e9conomie num\u00e9rique, cette page reprend les mentions l\u00e9gales et conditions g\u00e9n\u00e9rales d&rsquo;utilisation du site.<\/span><\/p>\n\n\n\n<p><b>Editeur du site :<\/b><\/p>\n\n\n\n<p><span style=\"font-weight: 400;\">Le pr\u00e9sent site est la propri\u00e9t\u00e9 de <\/span><b>CoBe Architecture et Paysage<\/b><b><br><\/b><span style=\"font-weight: 400;\">Immatricul\u00e9e au Registre du Commerce et des Soci\u00e9t\u00e9s de Paris sous le num\u00e9ro <\/span><b>442&nbsp;889&nbsp;135<\/b><span style=\"font-weight: 400;\"><br><\/span><span style=\"font-weight: 400;\">Si\u00e8ge social : <\/span><b>30 boulevard Saint-Jaqcues 75014 Paris<\/b><span style=\"font-weight: 400;\"><br><\/span><span style=\"font-weight: 400;\">Courriel : <\/span><a href=\"mailto:contact@cobe.fr\"><b>contact@cobe.fr<\/b><b><br><\/b><\/a><span style=\"font-weight: 400;\">T\u00e9l\u00e9phone : <\/span><b>01 43 66 38 30<\/b><\/p>\n\n\n\n<p><span style=\"font-weight: 400;\">DIRECTEUR DE LA PUBLICATION : <\/span><span style=\"font-weight: 400;\"><br><\/span><span style=\"font-weight: 400;\">Le directeur de la publication du site web est <strong>Victorien DIAZ<\/strong><\/span><\/p>\n\n\n\n<p><b>H\u00e9bergement, cr\u00e9ation :<\/b><\/p>\n\n\n\n<p>Ce site Internet a \u00e9t\u00e9 r\u00e9alis\u00e9e par <a href=\"https:\/\/vie-digitale.com\" target=\"_blank\" rel=\"noopener\"><strong>C\u00e9cile Gendre, webmaster&nbsp;Wordpress et Chef de projet digital<\/strong>&nbsp;<\/a>: <a href=\"mailto:cecile@vie-digitale.com\">cecile@vie-digitale.com<\/a><\/p>\n\n\n\n<p>Il est h\u00e9berg\u00e9 chez OVH<br>2 rue Kellermann<br>59 100 Roubaix<br>France<\/p>\n\n\n\n<p><span style=\"font-weight: 400;\">Copyright \u00a9 <\/span><\/p>\n\n\n\n<p><b>Donn\u00e9es personnelles<\/b><\/p>\n\n\n\n<p><span style=\"font-weight: 400;\">Les donn\u00e9es personnelles des internautes collect\u00e9es par le biais du site internet <\/span><b>[www.cobe.fr]<\/b><span style=\"font-weight: 400;\"> sont collect\u00e9es et trait\u00e9es dans le respect des dispositions de la loi n\u00b078-17 du 6 janvier 1978, dite Loi Informatique et Libert\u00e9s. Le responsable du traitement est l&rsquo;\u00e9diteur du site tel qu&rsquo;identifi\u00e9 ci-dessus. Les donn\u00e9es personnelles collect\u00e9es sur <\/span><b>[www.cobe.fr]<\/b><span style=\"font-weight: 400;\"> sont exclusivement destin\u00e9es \u00e0 l&rsquo;\u00e9diteur du site. Aucune donn\u00e9e personnelle n&rsquo;est c\u00e9d\u00e9e ou communiqu\u00e9e \u00e0 un tiers. Ces donn\u00e9es ont pour finalit\u00e9 le traitement des messages re\u00e7us pass\u00e9s par l&rsquo;internaute sur le site <\/span><b>[www.cobe.fr]<\/b><span style=\"font-weight: 400;\">. Les donn\u00e9es collect\u00e9es pourront \u00e9galement \u00eatre utilis\u00e9es pour adresser \u00e0 l&rsquo;internaute les offres promotionnelles et newsletters du site et de ses partenaires, ce d\u00e8s lors que l&rsquo;internaute a fait part de son accord. Conform\u00e9ment \u00e0 la loi pr\u00e9cit\u00e9e, l&rsquo;internaute dispose d&rsquo;un droit d&rsquo;acc\u00e8s, de rectification, de suppression des donn\u00e9es personnelles le concernant. Pour exercer ce droit, l&rsquo;internaute peut adresser sa demande :<\/span><span style=\"font-weight: 400;\"><br><\/span><span style=\"font-weight: 400;\">&#8211; par courriel : <a href=\"mailto:contact@cobe.fr\"><strong>contact@cobe.fr<\/strong><\/a><\/span><a href=\"https:\/\/cobe.fr\/contact\/\"><b><br><\/b><\/a><b>&#8211; <\/b><span style=\"font-weight: 400;\">ou par courrier \u00e0 : <\/span><b>30 boulevard Saint-Jacques 75014 paris<\/b><b><br><\/b><span style=\"font-weight: 400;\">L&rsquo;internaute dispose \u00e9galement d&rsquo;un droit d&rsquo;opposition \u00e0 la collecte de ses donn\u00e9es. L&rsquo;internaute est toutefois inform\u00e9 que les donn\u00e9es communiqu\u00e9es par le biais des formulaires pr\u00e9sents sur le site&nbsp;<\/span><b>[www.cobe.fr]<\/b><span style=\"font-weight: 400;\"> et identifi\u00e9es comme obligatoires sont n\u00e9cessaires \u00e0 CoBe Architecture et Paysage pour le traitement et la r\u00e9ponse aux messages re\u00e7us. Le traitement des messages ne pourra en cons\u00e9quence \u00eatre effectu\u00e9 si ces donn\u00e9es ne sont pas renseign\u00e9es par l&rsquo;internaute.<\/span><\/p>\n\n\n\n<p><b>Cookies (si vous les utilisez)<\/b><\/p>\n\n\n\n<p><span style=\"font-weight: 400;\">L&rsquo;utilisateur est inform\u00e9 que, lors de ses visites sur le site, un cookie peut s&rsquo;installer automatiquement sur son logiciel de navigation. Le cookie est un bloc de donn\u00e9es qui ne permet pas d&rsquo;identifier les utilisateurs mais sert \u00e0 enregistrer des informations relatives \u00e0 la navigation de celui-ci sur le site. Le param\u00e9trage du logiciel de navigation permet d&rsquo;informer de la pr\u00e9sence de cookie et \u00e9ventuellement de la refuser de la mani\u00e8re d\u00e9crite sur le site de la CNIL (www.cnil.fr). L&rsquo;utilisateur dispose d&rsquo;un droit d&rsquo;acc\u00e8s, de retrait et de modification des donn\u00e9es personnelles communiqu\u00e9es par le biais des cookies dans les conditions indiqu\u00e9es ci-dessus.<\/span><\/p>\n\n\n\n<p><b>Propri\u00e9t\u00e9 intellectuelle<\/b><\/p>\n\n\n\n<p><span style=\"font-weight: 400;\">Le site internet exploit\u00e9 \u00e0 l&rsquo;adresse&nbsp;<\/span><b>[www.cobe.fr]<\/b><span style=\"font-weight: 400;\"> est la propri\u00e9t\u00e9 de la soci\u00e9t\u00e9 CoBe Architecture et Paysage. Ce site est en outre une \u0153uvre prot\u00e9g\u00e9e par le droit de la propri\u00e9t\u00e9 intellectuelle. Il comporte des textes, images, photographies, illustrations, logos, eux-m\u00eames prot\u00e9g\u00e9s par des droits de propri\u00e9t\u00e9s industrielle et intellectuelle. L&rsquo;usage par l&rsquo;internaute du site&nbsp;[Adresse site internet] est strictement r\u00e9serv\u00e9 \u00e0 un usage priv\u00e9- le droit d&rsquo;utilisation par l&rsquo;internaute \u00e9tant limit\u00e9 \u00e0 la consultation des informations figurant sur le site. Toute utilisation, reproduction, t\u00e9l\u00e9chargement total ou partiel du site <\/span><b>[www.cobe.fr]<\/b><span style=\"font-weight: 400;\">. ou de l&rsquo;un de ses \u00e9l\u00e9ments textes, images, photographies illustrations, logos sans l&rsquo;accord de son propri\u00e9taire ou du titulaire des droits est en cons\u00e9quence interdite, \u00e0 l&rsquo;exception de la copie priv\u00e9e r\u00e9alis\u00e9e \u00e0 des fins personnelles et non commerciales. Toute infraction au pr\u00e9sent article est susceptible d&rsquo;\u00eatre p\u00e9nalement et civilement sanctionn\u00e9e, notamment au titre de la contrefa\u00e7on et entra\u00eenera le cas \u00e9ch\u00e9ant le versement de dommages et int\u00e9r\u00eats.<\/span><\/p>\n","protected":false},"excerpt":{"rendered":"<p>Mentions l\u00e9gales Conform\u00e9ment aux dispositions de l&rsquo;article 6 III-1 de la loi n\u00b0 2004-575 du 21 juin 2004 pour la confiance dans l&rsquo;\u00e9conomie num\u00e9rique, cette page reprend les mentions l\u00e9gales et conditions g\u00e9n\u00e9rales d&rsquo;utilisation du site. Editeur du site : Le pr\u00e9sent site est la propri\u00e9t\u00e9 de CoBe Architecture et PaysageImmatricul\u00e9e au Registre du Commerce [&hellip;]<\/p>\n","protected":false},"author":2,"featured_media":16,"parent":0,"menu_order":0,"comment_status":"closed","ping_status":"closed","template":"","meta":{"_seopress_robots_primary_cat":"","_seopress_titles_title":"","_seopress_titles_desc":"","_seopress_robots_index":"","_vp_format_video_url":"","_vp_image_focal_point":[],"footnotes":""},"class_list":["post-2233","page","type-page","status-publish","has-post-thumbnail","hentry"],"blocksy_meta":{"styles_descriptor":{"styles":{"desktop":"","tablet":"","mobile":""},"google_fonts":[],"version":6}},"featured_image_src":"","featured_image_src_square":false,"rbea_author_info":{"display_name":"Victorien Diaz","author_link":"https:\/\/cobe.fr\/en\/author\/victorien\/"},"rbea_excerpt_info":"Mentions l\u00e9gales Conform\u00e9ment aux dispositions de l&rsquo;article 6 III-1 de la loi n\u00b0 2004-575 du 21 juin 2004 pour la confiance dans l&rsquo;\u00e9conomie num\u00e9rique, cette page reprend les mentions l\u00e9gales et conditions g\u00e9n\u00e9rales d&rsquo;utilisation du site. Editeur du site : Le pr\u00e9sent site est la propri\u00e9t\u00e9 de CoBe Architecture et PaysageImmatricul\u00e9e au Registre du Commerce [&hellip;]","_links":{"self":[{"href":"https:\/\/cobe.fr\/en\/wp-json\/wp\/v2\/pages\/2233","targetHints":{"allow":["GET"]}}],"collection":[{"href":"https:\/\/cobe.fr\/en\/wp-json\/wp\/v2\/pages"}],"about":[{"href":"https:\/\/cobe.fr\/en\/wp-json\/wp\/v2\/types\/page"}],"author":[{"embeddable":true,"href":"https:\/\/cobe.fr\/en\/wp-json\/wp\/v2\/users\/2"}],"replies":[{"embeddable":true,"href":"https:\/\/cobe.fr\/en\/wp-json\/wp\/v2\/comments?post=2233"}],"version-history":[{"count":2,"href":"https:\/\/cobe.fr\/en\/wp-json\/wp\/v2\/pages\/2233\/revisions"}],"predecessor-version":[{"id":12965,"href":"https:\/\/cobe.fr\/en\/wp-json\/wp\/v2\/pages\/2233\/revisions\/12965"}],"wp:featuredmedia":[{"embeddable":true,"href":"https:\/\/cobe.fr\/en\/wp-json\/"}],"wp:attachment":[{"href":"https:\/\/cobe.fr\/en\/wp-json\/wp\/v2\/media?parent=2233"}],"curies":[{"name":"wp","href":"https:\/\/api.w.org\/{rel}","templated":true}]}}