{"id":13021,"date":"2026-01-22T10:32:25","date_gmt":"2026-01-22T09:32:25","guid":{"rendered":"https:\/\/cobe.fr\/?page_id=13021"},"modified":"2026-04-16T16:36:06","modified_gmt":"2026-04-16T14:36:06","slug":"a-propos","status":"publish","type":"page","link":"https:\/\/cobe.fr\/en\/a-propos\/","title":{"rendered":"About us"},"content":{"rendered":"<div style=\"height:30px\" aria-hidden=\"true\" class=\"wp-block-spacer\"><\/div>\n\n\n\n<p class=\"has-text-align-center has-medium-font-size\"><strong>\u00ab\u00a0<em>We are boldly and carefully committed to the sustainable transformation of cities and regions<\/em>.\u00a0\u00bb<\/strong><\/p>\n\n\n\n<p class=\"has-text-align-center\">Throughout Europe, the agency brings together architects, town planners, landscape architects, designers and engineers around a single conviction:<br>the coherence of a project is based on the cross-fertilisation of disciplines and listening to the players involved.<\/p>\n\n\n\n<p class=\"has-text-align-center\">This approach makes it possible to design projects in which the urban environment, buildings, soil, water and living organisms are considered together.<br>Each project combines technical requirements, environmental challenges and attention to use.<\/p>\n\n\n\n<p class=\"has-text-align-center\">Cross-functionality structures the agency's practices. <br>It allows us to link different scales, from kilometre to millimetre, from territory to detail, and to ensure continuity between intention and realisation.<\/p>\n\n\n\n<p class=\"has-text-align-center\">In this way, CoBe is asserting its ability to support the transformation of local areas by developing coherent, sustainable and evolving projects.<\/p>\n\n\n\n<div style=\"height:30px\" aria-hidden=\"true\" class=\"wp-block-spacer\"><\/div>\n\n\n\n<div class=\"wp-block-responsive-block-editor-addons-container responsive-block-editor-addons-block-5cdd6e88-de96-4c7e-9141-ada128a108aa block-5cdd6e88-de96-4c7e-9141-ada128a108aa alignwide responsive-block-editor-addons-is-root-container\">\n<div class=\"wp-block-responsive-block-editor-addons-container responsive-block-editor-addons-block-4bd92caf-080a-488b-b70c-3c58eb9fc0a6 block-4bd92caf-080a-488b-b70c-3c58eb9fc0a6\">\n<h3 class=\"wp-block-heading has-text-align-center\" style=\"font-size:clamp(14px, 0.875rem + ((1vw - 3.2px) * 0.156), 16px);\">Architecture &amp; Design<\/h3>\n\n\n\n<figure class=\"wp-block-image size-full\"><a href=\"https:\/\/cobe.fr\/en\/projects-2\/#architecture-design-13287\"><img loading=\"lazy\" decoding=\"async\" width=\"300\" height=\"300\" src=\"https:\/\/cobe.fr\/wp-content\/uploads\/2026\/02\/PAU_2023_CoBe.jpg\" alt=\"pau b\u00e2tiement architecture cobe\" class=\"wp-image-13180\" srcset=\"https:\/\/cobe.fr\/wp-content\/uploads\/2026\/02\/PAU_2023_CoBe.jpg 300w, https:\/\/cobe.fr\/wp-content\/uploads\/2026\/02\/PAU_2023_CoBe-150x150.jpg 150w, https:\/\/cobe.fr\/wp-content\/uploads\/2026\/02\/PAU_2023_CoBe-12x12.jpg 12w\" sizes=\"auto, (max-width: 300px) 100vw, 300px\" \/><\/a><\/figure>\n<\/div>\n\n\n\n<div class=\"wp-block-responsive-block-editor-addons-container responsive-block-editor-addons-block-2c436aff-c498-4f04-9ce5-ab999caa7221 block-2c436aff-c498-4f04-9ce5-ab999caa7221\">\n<h3 class=\"wp-block-heading has-text-align-center\" style=\"font-size:clamp(14px, 0.875rem + ((1vw - 3.2px) * 0.156), 16px);\">Urban Planning &amp; Landscaping<\/h3>\n\n\n\n<figure class=\"wp-block-image size-full\"><a href=\"https:\/\/cobe.fr\/en\/projects-2\/#urbanisme-paysage-13287\"><img loading=\"lazy\" decoding=\"async\" width=\"300\" height=\"300\" src=\"https:\/\/cobe.fr\/wp-content\/uploads\/2026\/02\/epinay-sous-senart-cobe.jpg\" alt=\"epinay sous senart CoBe\" class=\"wp-image-13181\" srcset=\"https:\/\/cobe.fr\/wp-content\/uploads\/2026\/02\/epinay-sous-senart-cobe.jpg 300w, https:\/\/cobe.fr\/wp-content\/uploads\/2026\/02\/epinay-sous-senart-cobe-150x150.jpg 150w, https:\/\/cobe.fr\/wp-content\/uploads\/2026\/02\/epinay-sous-senart-cobe-12x12.jpg 12w\" sizes=\"auto, (max-width: 300px) 100vw, 300px\" \/><\/a><\/figure>\n<\/div>\n\n\n\n<div class=\"wp-block-responsive-block-editor-addons-container responsive-block-editor-addons-block-ef29b7b0-6c3e-42db-b7af-09e0137b119f block-ef29b7b0-6c3e-42db-b7af-09e0137b119f\">\n<h2 class=\"wp-block-heading has-text-align-center\" style=\"font-size:clamp(14px, 0.875rem + ((1vw - 3.2px) * 0.156), 16px);\">Project management<\/h2>\n\n\n\n<figure class=\"wp-block-image size-full\"><a href=\"https:\/\/cobe.fr\/en\/projects-2\/#maitrise-doeuvre-dexecution-13287\"><img alt=\"agence architecture,Urbanisme et paysage,Ma\u00eetrise d&#039;oeuvre et d&#039;ex\u00e9cution,Agence architecture europ\u00e9enne,architecture France\" loading=\"lazy\" decoding=\"async\" width=\"300\" height=\"300\" src=\"https:\/\/cobe.fr\/wp-content\/uploads\/2026\/02\/chantier-bagneux2.jpg\" class=\"wp-image-13182\" srcset=\"https:\/\/cobe.fr\/wp-content\/uploads\/2026\/02\/chantier-bagneux2.jpg 300w, https:\/\/cobe.fr\/wp-content\/uploads\/2026\/02\/chantier-bagneux2-150x150.jpg 150w, https:\/\/cobe.fr\/wp-content\/uploads\/2026\/02\/chantier-bagneux2-12x12.jpg 12w\" sizes=\"auto, (max-width: 300px) 100vw, 300px\" \/><\/a><\/figure>\n<\/div>\n\n\n\n<div class=\"wp-block-responsive-block-editor-addons-container responsive-block-editor-addons-block-aeb3dc7f-2b61-4ba6-891e-2365a5940622 block-aeb3dc7f-2b61-4ba6-891e-2365a5940622\">\n<h2 class=\"wp-block-heading has-text-align-center\" style=\"font-size:clamp(14px, 0.875rem + ((1vw - 3.2px) * 0.156), 16px);\">Perspectives<\/h2>\n\n\n\n<figure class=\"wp-block-image size-full\"><img alt=\"agence architecture,Urbanisme et paysage,Ma\u00eetrise d&#039;oeuvre et d&#039;ex\u00e9cution,Agence architecture europ\u00e9enne,architecture France\" loading=\"lazy\" decoding=\"async\" width=\"300\" height=\"300\" src=\"https:\/\/cobe.fr\/wp-content\/uploads\/2026\/02\/casa-do-mel-1.jpg\" class=\"wp-image-13183\" srcset=\"https:\/\/cobe.fr\/wp-content\/uploads\/2026\/02\/casa-do-mel-1.jpg 300w, https:\/\/cobe.fr\/wp-content\/uploads\/2026\/02\/casa-do-mel-1-150x150.jpg 150w, https:\/\/cobe.fr\/wp-content\/uploads\/2026\/02\/casa-do-mel-1-12x12.jpg 12w\" sizes=\"auto, (max-width: 300px) 100vw, 300px\" \/><\/figure>\n<\/div>\n<\/div>\n\n\n\n<div style=\"height:30px\" aria-hidden=\"true\" class=\"wp-block-spacer\"><\/div>\n\n\n\n<h2 class=\"wp-block-heading has-text-align-center\">The partners<\/h2>\n\n\n\n<div style=\"height:20px\" aria-hidden=\"true\" class=\"wp-block-spacer\"><\/div>\n\n\n\n<div class=\"wp-block-responsive-block-editor-addons-container responsive-block-editor-addons-block-5eadfc4b-36eb-4700-a02e-f2a7821a154a block-5eadfc4b-36eb-4700-a02e-f2a7821a154a alignfull responsive-block-editor-addons-is-root-container\">\n<div class=\"wp-block-responsive-block-editor-addons-container responsive-block-editor-addons-block-c4b04cb8-a4ad-414f-aea0-1c044b359b7a block-c4b04cb8-a4ad-414f-aea0-1c044b359b7a\">\n<figure class=\"wp-block-image aligncenter size-full\"><img loading=\"lazy\" decoding=\"async\" width=\"300\" height=\"334\" src=\"https:\/\/cobe.fr\/wp-content\/uploads\/2022\/07\/FTAIL-1.jpg\" alt=\"Fabrice Taillandier CoBe\" class=\"wp-image-8110\" style=\"object-fit:cover\" srcset=\"https:\/\/cobe.fr\/wp-content\/uploads\/2022\/07\/FTAIL-1.jpg 300w, https:\/\/cobe.fr\/wp-content\/uploads\/2022\/07\/FTAIL-1-269x300.jpg 269w, https:\/\/cobe.fr\/wp-content\/uploads\/2022\/07\/FTAIL-1-11x12.jpg 11w\" sizes=\"auto, (max-width: 300px) 100vw, 300px\" \/><figcaption class=\"wp-element-caption\"><strong>Fabrice TAILLANDIER<\/strong><br>Project Management Department<\/figcaption><\/figure>\n<\/div>\n\n\n\n<div class=\"wp-block-responsive-block-editor-addons-container responsive-block-editor-addons-block-14e03948-bf95-4250-8c69-53bc5508bf5e block-14e03948-bf95-4250-8c69-53bc5508bf5e\">\n<figure class=\"wp-block-image aligncenter size-full\"><img loading=\"lazy\" decoding=\"async\" width=\"300\" height=\"334\" src=\"https:\/\/cobe.fr\/wp-content\/uploads\/2024\/01\/05-Luc-MONEGER-BD.jpg\" alt=\"CoBe - Luc Mon\u00e9ger associate landscape designer - director of the urban planning and landscape department\" class=\"wp-image-11562\" srcset=\"https:\/\/cobe.fr\/wp-content\/uploads\/2024\/01\/05-Luc-MONEGER-BD.jpg 300w, https:\/\/cobe.fr\/wp-content\/uploads\/2024\/01\/05-Luc-MONEGER-BD-269x300.jpg 269w, https:\/\/cobe.fr\/wp-content\/uploads\/2024\/01\/05-Luc-MONEGER-BD-11x12.jpg 11w\" sizes=\"auto, (max-width: 300px) 100vw, 300px\" \/><figcaption class=\"wp-element-caption\"><strong>Luc MONEGER<\/strong><br>Urban Planning &amp; Landscape Division<br><em>France and Spain<\/em><\/figcaption><\/figure>\n\n\n\n<figure class=\"wp-block-image size-full\"><img loading=\"lazy\" decoding=\"async\" width=\"300\" height=\"334\" src=\"https:\/\/cobe.fr\/wp-content\/uploads\/2022\/07\/Jean-Michel-MARQUES_CoBe-Porto.jpg\" alt=\"Jean-Michel Marques, CoBe, Porto\" class=\"wp-image-8139\" srcset=\"https:\/\/cobe.fr\/wp-content\/uploads\/2022\/07\/Jean-Michel-MARQUES_CoBe-Porto.jpg 300w, https:\/\/cobe.fr\/wp-content\/uploads\/2022\/07\/Jean-Michel-MARQUES_CoBe-Porto-269x300.jpg 269w, https:\/\/cobe.fr\/wp-content\/uploads\/2022\/07\/Jean-Michel-MARQUES_CoBe-Porto-11x12.jpg 11w\" sizes=\"auto, (max-width: 300px) 100vw, 300px\" \/><figcaption class=\"wp-element-caption\"><strong>Jean-Michel MARQUES<\/strong><br>Porto subsidiary<\/figcaption><\/figure>\n\n\n\n<p class=\"has-small-font-size\"><\/p>\n<\/div>\n\n\n\n<div class=\"wp-block-responsive-block-editor-addons-container responsive-block-editor-addons-block-b5aed714-524e-4388-bd55-dfe3ea9aed05 block-b5aed714-524e-4388-bd55-dfe3ea9aed05\">\n<figure class=\"wp-block-image size-full\"><img loading=\"lazy\" decoding=\"async\" width=\"300\" height=\"334\" src=\"https:\/\/cobe.fr\/wp-content\/uploads\/2022\/07\/MARTIN-1.jpg\" alt=\"Martin Lemerre CoBe\" class=\"wp-image-8137\" srcset=\"https:\/\/cobe.fr\/wp-content\/uploads\/2022\/07\/MARTIN-1.jpg 300w, https:\/\/cobe.fr\/wp-content\/uploads\/2022\/07\/MARTIN-1-269x300.jpg 269w, https:\/\/cobe.fr\/wp-content\/uploads\/2022\/07\/MARTIN-1-11x12.jpg 11w\" sizes=\"auto, (max-width: 300px) 100vw, 300px\" \/><figcaption class=\"wp-element-caption\"><strong>Martin LEMERRE<\/strong><br>Architecture Division<br><em>France and Portugal<\/em><\/figcaption><\/figure>\n\n\n\n<figure class=\"wp-block-image size-full\"><img loading=\"lazy\" decoding=\"async\" width=\"300\" height=\"334\" src=\"https:\/\/cobe.fr\/wp-content\/uploads\/2022\/07\/Thierry-RAMOS_CoBe-Porto.jpg\" alt=\"Thierry Ramos, CoBe\" class=\"wp-image-8138\" srcset=\"https:\/\/cobe.fr\/wp-content\/uploads\/2022\/07\/Thierry-RAMOS_CoBe-Porto.jpg 300w, https:\/\/cobe.fr\/wp-content\/uploads\/2022\/07\/Thierry-RAMOS_CoBe-Porto-269x300.jpg 269w, https:\/\/cobe.fr\/wp-content\/uploads\/2022\/07\/Thierry-RAMOS_CoBe-Porto-11x12.jpg 11w\" sizes=\"auto, (max-width: 300px) 100vw, 300px\" \/><figcaption class=\"wp-element-caption\"><strong>Thierry RAMOS<\/strong><br>Porto subsidiary<\/figcaption><\/figure>\n\n\n\n<p class=\"has-small-font-size\"><\/p>\n<\/div>\n\n\n\n<div class=\"wp-block-responsive-block-editor-addons-container responsive-block-editor-addons-block-b7c3ef06-8518-442d-a8ab-124392464a48 block-b7c3ef06-8518-442d-a8ab-124392464a48\">\n<figure class=\"wp-block-image size-full\"><img loading=\"lazy\" decoding=\"async\" width=\"300\" height=\"334\" src=\"https:\/\/cobe.fr\/wp-content\/uploads\/2022\/07\/RAPH-1.jpg\" alt=\"CoBe Rapha\u00ebl Denis\" class=\"wp-image-8112\" srcset=\"https:\/\/cobe.fr\/wp-content\/uploads\/2022\/07\/RAPH-1.jpg 300w, https:\/\/cobe.fr\/wp-content\/uploads\/2022\/07\/RAPH-1-269x300.jpg 269w, https:\/\/cobe.fr\/wp-content\/uploads\/2022\/07\/RAPH-1-11x12.jpg 11w\" sizes=\"auto, (max-width: 300px) 100vw, 300px\" \/><figcaption class=\"wp-element-caption\"><strong>Rapha\u00ebl DENIS<\/strong><br>Chairman SAS Comp\u00e8re<\/figcaption><\/figure>\n<\/div>\n<\/div>\n\n\n\n<div class=\"wp-block-responsive-block-editor-addons-container responsive-block-editor-addons-block-8e2ceb17-8472-4b2a-8d6a-ba34260c3e59 block-8e2ceb17-8472-4b2a-8d6a-ba34260c3e59 alignfull responsive-block-editor-addons-is-root-container\">\n<div class=\"wp-block-responsive-block-editor-addons-container responsive-block-editor-addons-block-9bd6e63b-e066-4599-b5b0-af6d415c774c block-9bd6e63b-e066-4599-b5b0-af6d415c774c\">\n<figure class=\"wp-block-image aligncenter size-full\"><img loading=\"lazy\" decoding=\"async\" width=\"300\" height=\"334\" src=\"https:\/\/cobe.fr\/wp-content\/uploads\/2022\/07\/FTAIL-1.jpg\" alt=\"Fabrice Taillandier CoBe\" class=\"wp-image-8110\" style=\"object-fit:cover\" srcset=\"https:\/\/cobe.fr\/wp-content\/uploads\/2022\/07\/FTAIL-1.jpg 300w, https:\/\/cobe.fr\/wp-content\/uploads\/2022\/07\/FTAIL-1-269x300.jpg 269w, https:\/\/cobe.fr\/wp-content\/uploads\/2022\/07\/FTAIL-1-11x12.jpg 11w\" sizes=\"auto, (max-width: 300px) 100vw, 300px\" \/><figcaption class=\"wp-element-caption\"><strong>Fabrice TAILLANDIER<\/strong><br>Project Management Department<\/figcaption><\/figure>\n<\/div>\n\n\n\n<div class=\"wp-block-responsive-block-editor-addons-container responsive-block-editor-addons-block-e2bd3961-bb7b-4d57-9354-5329960dbbf2 block-e2bd3961-bb7b-4d57-9354-5329960dbbf2\">\n<figure class=\"wp-block-image aligncenter size-full\"><img loading=\"lazy\" decoding=\"async\" width=\"300\" height=\"334\" src=\"https:\/\/cobe.fr\/wp-content\/uploads\/2024\/01\/05-Luc-MONEGER-BD.jpg\" alt=\"CoBe - Luc Mon\u00e9ger associate landscape designer - director of the urban planning and landscape department\" class=\"wp-image-11562\" srcset=\"https:\/\/cobe.fr\/wp-content\/uploads\/2024\/01\/05-Luc-MONEGER-BD.jpg 300w, https:\/\/cobe.fr\/wp-content\/uploads\/2024\/01\/05-Luc-MONEGER-BD-269x300.jpg 269w, https:\/\/cobe.fr\/wp-content\/uploads\/2024\/01\/05-Luc-MONEGER-BD-11x12.jpg 11w\" sizes=\"auto, (max-width: 300px) 100vw, 300px\" \/><figcaption class=\"wp-element-caption\"><strong>Luc MONEGER<\/strong><br>Urban Planning &amp; Landscape Division<br><em>France and Spain<\/em><\/figcaption><\/figure>\n\n\n\n<p class=\"has-small-font-size\"><\/p>\n<\/div>\n\n\n\n<div class=\"wp-block-responsive-block-editor-addons-container responsive-block-editor-addons-block-fc19b67e-11d9-49f0-bc5c-3f13b5191074 block-fc19b67e-11d9-49f0-bc5c-3f13b5191074\">\n<figure class=\"wp-block-image size-full\"><img loading=\"lazy\" decoding=\"async\" width=\"300\" height=\"334\" src=\"https:\/\/cobe.fr\/wp-content\/uploads\/2022\/07\/MARTIN-1.jpg\" alt=\"Martin Lemerre CoBe\" class=\"wp-image-8137\" srcset=\"https:\/\/cobe.fr\/wp-content\/uploads\/2022\/07\/MARTIN-1.jpg 300w, https:\/\/cobe.fr\/wp-content\/uploads\/2022\/07\/MARTIN-1-269x300.jpg 269w, https:\/\/cobe.fr\/wp-content\/uploads\/2022\/07\/MARTIN-1-11x12.jpg 11w\" sizes=\"auto, (max-width: 300px) 100vw, 300px\" \/><figcaption class=\"wp-element-caption\"><strong>Martin LEMERRE<\/strong><br>Architecture Division<br><em>France and Portugal<\/em><\/figcaption><\/figure>\n\n\n\n<p class=\"has-small-font-size\"><\/p>\n<\/div>\n\n\n\n<div class=\"wp-block-responsive-block-editor-addons-container responsive-block-editor-addons-block-ac72c659-388b-427b-9934-d8433b2befe4 block-ac72c659-388b-427b-9934-d8433b2befe4\">\n<figure class=\"wp-block-image size-full\"><img loading=\"lazy\" decoding=\"async\" width=\"300\" height=\"334\" src=\"https:\/\/cobe.fr\/wp-content\/uploads\/2022\/07\/RAPH-1.jpg\" alt=\"CoBe Rapha\u00ebl Denis\" class=\"wp-image-8112\" srcset=\"https:\/\/cobe.fr\/wp-content\/uploads\/2022\/07\/RAPH-1.jpg 300w, https:\/\/cobe.fr\/wp-content\/uploads\/2022\/07\/RAPH-1-269x300.jpg 269w, https:\/\/cobe.fr\/wp-content\/uploads\/2022\/07\/RAPH-1-11x12.jpg 11w\" sizes=\"auto, (max-width: 300px) 100vw, 300px\" \/><figcaption class=\"wp-element-caption\"><strong>Rapha\u00ebl DENIS<\/strong><br>Chairman SAS Comp\u00e8re<\/figcaption><\/figure>\n<\/div>\n<\/div>\n\n\n\n<div class=\"wp-block-responsive-block-editor-addons-container responsive-block-editor-addons-block-c26a2dea-c429-46d9-9c96-a6c811681231 block-c26a2dea-c429-46d9-9c96-a6c811681231 alignfull responsive-block-editor-addons-is-root-container\">\n<div class=\"wp-block-responsive-block-editor-addons-container responsive-block-editor-addons-block-d3a23339-ca84-4988-9a60-4c509d638b25 block-d3a23339-ca84-4988-9a60-4c509d638b25\">\n<figure class=\"wp-block-image size-full\"><img loading=\"lazy\" decoding=\"async\" width=\"300\" height=\"334\" src=\"https:\/\/cobe.fr\/wp-content\/uploads\/2022\/07\/Jean-Michel-MARQUES_CoBe-Porto.jpg\" alt=\"Jean-Michel Marques, CoBe, Porto\" class=\"wp-image-8139\" srcset=\"https:\/\/cobe.fr\/wp-content\/uploads\/2022\/07\/Jean-Michel-MARQUES_CoBe-Porto.jpg 300w, https:\/\/cobe.fr\/wp-content\/uploads\/2022\/07\/Jean-Michel-MARQUES_CoBe-Porto-269x300.jpg 269w, https:\/\/cobe.fr\/wp-content\/uploads\/2022\/07\/Jean-Michel-MARQUES_CoBe-Porto-11x12.jpg 11w\" sizes=\"auto, (max-width: 300px) 100vw, 300px\" \/><figcaption class=\"wp-element-caption\"><strong>Jean-Michel MARQUES<\/strong><br>Porto subsidiary<\/figcaption><\/figure>\n<\/div>\n\n\n\n<div class=\"wp-block-responsive-block-editor-addons-container responsive-block-editor-addons-block-4ae76bc7-4513-4dce-979c-88741edf1aab block-4ae76bc7-4513-4dce-979c-88741edf1aab\">\n<figure class=\"wp-block-image size-full\"><img loading=\"lazy\" decoding=\"async\" width=\"300\" height=\"334\" src=\"https:\/\/cobe.fr\/wp-content\/uploads\/2022\/07\/Thierry-RAMOS_CoBe-Porto.jpg\" alt=\"Thierry Ramos, CoBe\" class=\"wp-image-8138\" srcset=\"https:\/\/cobe.fr\/wp-content\/uploads\/2022\/07\/Thierry-RAMOS_CoBe-Porto.jpg 300w, https:\/\/cobe.fr\/wp-content\/uploads\/2022\/07\/Thierry-RAMOS_CoBe-Porto-269x300.jpg 269w, https:\/\/cobe.fr\/wp-content\/uploads\/2022\/07\/Thierry-RAMOS_CoBe-Porto-11x12.jpg 11w\" sizes=\"auto, (max-width: 300px) 100vw, 300px\" \/><figcaption class=\"wp-element-caption\"><strong>Thierry RAMOS<\/strong><br>Porto subsidiary<\/figcaption><\/figure>\n<\/div>\n<\/div>\n\n\n\n<div style=\"height:30px\" aria-hidden=\"true\" class=\"wp-block-spacer\"><\/div>\n\n\n\n<h2 class=\"wp-block-heading has-text-align-center\">The teams<\/h2>\n\n\n\n<div style=\"height:20px\" aria-hidden=\"true\" class=\"wp-block-spacer\"><\/div>\n\n\n\n<div class=\"wp-block-responsive-block-editor-addons-container responsive-block-editor-addons-block-d3b0f502-4f59-42e5-8469-9f3efaafdbac block-d3b0f502-4f59-42e5-8469-9f3efaafdbac alignfull responsive-block-editor-addons-is-root-container\"><div class=\"responsive-block-editor-addons-container-inner-blocks-wrap\">\n<div class=\"wp-block-responsive-block-editor-addons-container responsive-block-editor-addons-block-b124f83e-a5db-47f3-8ecb-c4ca551094b4 block-b124f83e-a5db-47f3-8ecb-c4ca551094b4\">\n<p><strong>Architecture &amp; Design<\/strong><\/p>\n\n\n\n<p class=\"has-text-align-left has-small-font-size\"><br>Martin LEMERRE<br>Agathe CHEVALIER<br>Alexis CHARLOT-ETIENNE<br>Ana FUNDO<br>Allison AUGUSTIN<br>Astrid CHAMPENOIS<br>Beatriz SARAIVA<br>Catia TEIXEIRA<br>Claudie MAHO<br>Clo\u00e9 MARTINE<br>Damien GROLEAU<br>Filipe VIEIRA<br>Gabriella MEDINA<br>Jean-Michel MARQUES<br>Jo\u00e3o-Miguel FELGUEIRAS<br>Jos\u00e9 SANTOS<br>Lauriane TROUSSELLE<br>Livya ROBLES<br>Marilyne BRANGEON<br>Mathieu GALARD<br>Mathieu BERNARDIN<br>Miguel SOUSA<br>Rui PINTO<br>Sara AMORIM<br>Sara AZEVEDO<br>Victoria VERRET<br>Vitor ALMEIDA<br><\/p>\n<\/div>\n\n\n\n<div class=\"wp-block-responsive-block-editor-addons-container responsive-block-editor-addons-block-34c679a1-bbb1-4752-aed6-0813123236b9 block-34c679a1-bbb1-4752-aed6-0813123236b9\">\n<p class=\"has-text-align-left\"><strong>Urban Planning &amp; Landscaping<\/strong><\/p>\n\n\n\n<p class=\"has-text-align-left has-small-font-size\"><br>Luc MONEGER<br>Alice ROLFE<br>Alvaro FABRA SIMON<br>Aurore DAVID<br>Christopher DOCHE<br>Clarisse CARLIER<br>Denise SAADE<br>Laia SALORT<br>Laure REYDELLET<br>Marianna VETTORETTI<br>Marina RISTO<br>Nina JOLY<br>Oscar SCHLUMBERGER<br>Pauline MECCHI<br>Raquel SANCHEZ<br>Zo\u00e9 FARINI<\/p>\n<\/div>\n\n\n\n<div class=\"wp-block-responsive-block-editor-addons-container responsive-block-editor-addons-block-e6c035ba-80ec-4e6b-a806-6309c96a6a15 block-e6c035ba-80ec-4e6b-a806-6309c96a6a15\">\n<p class=\"has-text-align-left\"><strong>Project Manager<br>Execution<\/strong><\/p>\n\n\n\n<p class=\"has-text-align-left has-small-font-size\">Fabrice TAILLANDIER<br>Agathe HEMARD<br>Chirine EL HAMMOUTI<br>Emmanuelle CANUT<br>Fran\u00e7ois ROUSSEAU<br>Mathilde SERIN<br>Yohan BOURDOIS<\/p>\n\n\n\n<p><strong>Business Development<\/strong><\/p>\n\n\n\n<p class=\"has-text-align-left has-small-font-size\">Rapha\u00ebl DENIS<br>Fabrice TAILLANDIER<br>Luc MONEGER<br>Martin LEMERRE<br>Joaquim FERREIRA<br><\/p>\n<\/div>\n\n\n\n<div class=\"wp-block-responsive-block-editor-addons-container responsive-block-editor-addons-block-791be14d-a054-4321-bc94-829238277805 block-791be14d-a054-4321-bc94-829238277805\">\n<p class=\"has-text-align-left\"><strong>Administrative and Financial Department<\/strong><\/p>\n\n\n\n<p class=\"has-text-align-left has-small-font-size\">Cyril BOURDIN<br>Faty MBOUP<br>Francis SUFFO<br>Marie-Alexandra WATTIN<br><\/p>\n\n\n\n<p class=\"has-text-align-left\"><strong>Administration<\/strong><\/p>\n\n\n\n<p class=\"has-text-align-left has-small-font-size\">Am\u00e9lie BISCOU<br>Christel LE QUELLEC<br>Perrine WEISBUCH<\/p>\n<\/div>\n<\/div><\/div>\n\n\n\n<div style=\"height:30px\" aria-hidden=\"true\" class=\"wp-block-spacer\"><\/div>\n\n\n\n<h2 class=\"wp-block-heading has-text-align-center\">The Workshops<\/h2>\n\n\n\n<div style=\"height:20px\" aria-hidden=\"true\" class=\"wp-block-spacer\"><\/div>\n\n\n\n<div class=\"wp-block-responsive-block-editor-addons-container responsive-block-editor-addons-block-adcd5ab2-725a-47ae-80b9-8d8e3e6f2e7e block-adcd5ab2-725a-47ae-80b9-8d8e3e6f2e7e alignfull responsive-block-editor-addons-is-root-container\">\n<div class=\"wp-block-responsive-block-editor-addons-container responsive-block-editor-addons-block-f35bffb4-5e4c-4cf7-a3a7-4ed7226c0eb5 block-f35bffb4-5e4c-4cf7-a3a7-4ed7226c0eb5\">\n<p class=\"has-small-font-size\"><strong>Paris<\/strong><br>30 boulevard Saint-Jacques<br>75014 Paris, France<br>Tel: <a href=\"tel:330143663830\">+33 (0) 1 43 66 38 30<\/a><br><a href=\"mailto:contact@cobe.fr\">contact@cobe.fr<\/a><\/p>\n<\/div>\n\n\n\n<div class=\"wp-block-responsive-block-editor-addons-container responsive-block-editor-addons-block-75b7535e-5129-4928-8043-929761a9ced5 block-75b7535e-5129-4928-8043-929761a9ced5\">\n<p class=\"has-small-font-size\"><strong>Bordeaux<\/strong><br>51 rue de la Compagnie du Midi<br>33800 Bordeaux, France<br>Tel: <a href=\"tel:33556243957\" data-type=\"tel\" data-id=\"tel:33556243957\">+33 (0) 5 56 24 39 57<\/a><br><a href=\"mailto:contact@cobe.fr\">contact@cobe.fr<\/a><br><br><br><strong>Branch Manager<\/strong><br>Agathe CHEVALIER<\/p>\n<\/div>\n\n\n\n<div class=\"wp-block-responsive-block-editor-addons-container responsive-block-editor-addons-block-85c10e8f-1523-4dc8-a2af-854fb8467711 block-85c10e8f-1523-4dc8-a2af-854fb8467711\">\n<p class=\"has-small-font-size\"><strong>Lorient<\/strong><br>20 bis avenue de la Perri\u00e8re<br>56100 Lorient<br>Tel: <a href=\"tel:33297592788\" data-type=\"tel\" data-id=\"tel:33297592788\">+33 (0) 2 97 59 27 88<\/a><br><a href=\"mailto:contact@architectes-compere.fr\">contact@architectes-compere.fr<\/a><\/p>\n<\/div>\n\n\n\n<div class=\"wp-block-responsive-block-editor-addons-container responsive-block-editor-addons-block-a38bdf84-34a6-40a4-903f-d13a531a0214 block-a38bdf84-34a6-40a4-903f-d13a531a0214\">\n<p class=\"has-small-font-size\"><strong>Porto<\/strong><br>Rua Fran\u00e7a Junior, 168<br>4450-132 Matosinhos, Portugal<br>Tel: <a href=\"tel:351229382608\" data-type=\"tel\" data-id=\"tel:351229382608\">+351 229 382 608<\/a><br><a href=\"mailto:geral@cobe.pt\">geral@cobe.pt<\/a><\/p>\n\n\n\n<p class=\"has-small-font-size\"><strong>Lisbon<\/strong><br>Av. da Liberdade, 9 - 7o<br>1250-139 Lisbon, Portugal<br>Tel: <a href=\"tel:351229382608\">+351 229 382 608<\/a><br><a href=\"mailto:geral@cobe.pt\">geral@cobe.pt<\/a><\/p>\n<\/div>\n\n\n\n<div class=\"wp-block-responsive-block-editor-addons-container responsive-block-editor-addons-block-2bc5b785-6c7c-47b1-9398-87fae4ce46c6 block-2bc5b785-6c7c-47b1-9398-87fae4ce46c6\">\n<p class=\"has-small-font-size\"><strong>Valencia<\/strong><br>R C\/ des Cronista Carreres<br>Ciutat Vella, 46003 Val\u00e8ncia, Spain<br>tel :<a href=\"tel:33780906668\">+33 7 80 90 66 68<\/a><br><a href=\"mailto:contact@cobe.fr\">contact@cobe.fr<\/a> <\/p>\n\n\n\n<p class=\"has-small-font-size\"><strong>Branch Manager<\/strong><br>Marianna VETTORETTI<\/p>\n<\/div>\n<\/div>\n\n\n\n<p><\/p>","protected":false},"excerpt":{"rendered":"<p>\u00ab\u00a0Nous sommes engag\u00e9s avec audace et attention dans la transformation durable des villes et des territoires.\u00a0\u00bb L\u2019agence r\u00e9unit \u00e0 travers l&rsquo;Europe, architectes, urbanistes, paysagistes, designers et ing\u00e9nieurs autour d\u2019une conviction :la coh\u00e9rence d\u2019un projet repose sur le croisement des disciplines et l\u2019\u00e9coute des acteurs. Cette approche permet de concevoir des projets o\u00f9 l&rsquo;urbain, le b\u00e2ti, [&hellip;]<\/p>\n","protected":false},"author":1,"featured_media":0,"parent":0,"menu_order":0,"comment_status":"closed","ping_status":"closed","template":"","meta":{"_seopress_robots_primary_cat":"","_seopress_titles_title":"L'agence | CoBe, Architecture,Urbanisme & Paysagisme","_seopress_titles_desc":"L\u2019agence CoBe r\u00e9unit \u00e0 travers l'Europe, architectes, urbanistes, paysagistes, designers et ing\u00e9nieurs pour des projets coh\u00e9rents.","_seopress_robots_index":"","_vp_format_video_url":"","_vp_image_focal_point":[],"footnotes":""},"class_list":["post-13021","page","type-page","status-publish","hentry"],"blocksy_meta":{"has_hero_section":"disabled","styles_descriptor":{"styles":{"desktop":"","tablet":"","mobile":""},"google_fonts":[],"version":6}},"featured_image_src":"","featured_image_src_square":false,"rbea_author_info":{"display_name":"cecile.g","author_link":"https:\/\/cobe.fr\/en\/author\/cecile-g\/"},"rbea_excerpt_info":"\u00ab\u00a0Nous sommes engag\u00e9s avec audace et attention dans la transformation durable des villes et des territoires.\u00a0\u00bb L\u2019agence r\u00e9unit \u00e0 travers l&rsquo;Europe, architectes, urbanistes, paysagistes, designers et ing\u00e9nieurs autour d\u2019une conviction :la coh\u00e9rence d\u2019un projet repose sur le croisement des disciplines et l\u2019\u00e9coute des acteurs. Cette approche permet de concevoir des projets o\u00f9 l&rsquo;urbain, le b\u00e2ti, [&hellip;]","_links":{"self":[{"href":"https:\/\/cobe.fr\/en\/wp-json\/wp\/v2\/pages\/13021","targetHints":{"allow":["GET"]}}],"collection":[{"href":"https:\/\/cobe.fr\/en\/wp-json\/wp\/v2\/pages"}],"about":[{"href":"https:\/\/cobe.fr\/en\/wp-json\/wp\/v2\/types\/page"}],"author":[{"embeddable":true,"href":"https:\/\/cobe.fr\/en\/wp-json\/wp\/v2\/users\/1"}],"replies":[{"embeddable":true,"href":"https:\/\/cobe.fr\/en\/wp-json\/wp\/v2\/comments?post=13021"}],"version-history":[{"count":71,"href":"https:\/\/cobe.fr\/en\/wp-json\/wp\/v2\/pages\/13021\/revisions"}],"predecessor-version":[{"id":13794,"href":"https:\/\/cobe.fr\/en\/wp-json\/wp\/v2\/pages\/13021\/revisions\/13794"}],"wp:attachment":[{"href":"https:\/\/cobe.fr\/en\/wp-json\/wp\/v2\/media?parent=13021"}],"curies":[{"name":"wp","href":"https:\/\/api.w.org\/{rel}","templated":true}]}}