{"id":12704,"date":"2016-02-18T14:20:29","date_gmt":"2016-02-18T13:20:29","guid":{"rendered":"https:\/\/cobe.fr\/?page_id=12704"},"modified":"2025-11-17T12:47:24","modified_gmt":"2025-11-17T11:47:24","slug":"discover-the-cobe-agency-portfolios","status":"publish","type":"page","link":"https:\/\/cobe.fr\/en\/decouvrez-les-portfolios-de-lagence-cobe\/","title":{"rendered":"Portfolio"},"content":{"rendered":"<h2 class=\"wp-block-heading has-text-align-center has-medium-font-size\"><a href=\"https:\/\/cobe.fr\/wp-content\/uploads\/2024\/11\/BOOK_2024_web_11-2024.pdf\" target=\"_blank\" rel=\"noreferrer noopener\">Download our portfolio of 2025 references<\/a><\/h2>\n\n\n\n<div class=\"wp-block-responsive-block-editor-addons-icons-list vertical responsive-block-editor-addons-icon-list__outer-wrap responsive-block-editor-addons-icon-list__layout-vertical responsive-block-editor-addons-icon-list__no-label responsive-block-editor-addons-ff43ed4f-ae38-4d87-925b-9a118e8896e6\"><div class=\"responsive-block-editor-addons-icon-wrap-ff43ed4f-ae38-4d87-925b-9a118e8896e6 responsive-block-editor-addons-icon-list__wrap\">\n<div class=\"wp-block-responsive-block-editor-addons-icons-list-child responsive-block-editor-addons-icon-list-repeater responsive-block-editor-addons-icon-list__wrapper responsive-block-editor-addons-f26fcc4e-db2e-49cd-89d2-67f5828ffcba\"><div class=\"responsive-block-editor-addons-icon-f26fcc4e-db2e-49cd-89d2-67f5828ffcba responsive-block-editor-addons-icon-list__content-wrap\"><span class=\"responsive-block-editor-addons-icon-list__source-wrap\"><span class=\"responsive-block-editor-addons-icon-list__source-icon\"><svg xmlns=\"http:\/\/www.w3.org\/2000\/svg\" viewbox=\"0 0 512 512\"><path d=\"M504 256c0 137-111 248-248 248S8 393 8 256 119 8 256 8s248 111 248 248zm-143.6-28.9L288 302.6V120c0-13.3-10.7-24-24-24h-16c-13.3 0-24 10.7-24 24v182.6l-72.4-75.5c-9.3-9.7-24.8-9.9-34.3-.4l-10.9 11c-9.4 9.4-9.4 24.6 0 33.9L239 404.3c9.4 9.4 24.6 9.4 33.9 0l132.7-132.7c9.4-9.4 9.4-24.6 0-33.9l-10.9-11c-9.5-9.5-25-9.3-34.3.4z\"><\/path><\/svg><\/span><\/span><\/div><\/div>\n<\/div><\/div>\n\n\n\n<figure class=\"wp-block-image aligncenter size-full is-resized\"><a href=\"https:\/\/cobe.fr\/wp-content\/uploads\/2024\/11\/BOOK_2024_web_11-2024.pdf\" target=\"_blank\" rel=\"noreferrer noopener\"><img loading=\"lazy\" decoding=\"async\" width=\"712\" height=\"917\" src=\"https:\/\/cobe.fr\/wp-content\/uploads\/2022\/07\/Book-CoBe.jpg\" alt=\"Book CoBe\" class=\"wp-image-8155\" style=\"aspect-ratio:0.7757774140752864;width:323px;height:auto\" srcset=\"https:\/\/cobe.fr\/wp-content\/uploads\/2022\/07\/Book-CoBe.jpg 712w, https:\/\/cobe.fr\/wp-content\/uploads\/2022\/07\/Book-CoBe-233x300.jpg 233w, https:\/\/cobe.fr\/wp-content\/uploads\/2022\/07\/Book-CoBe-9x12.jpg 9w\" sizes=\"auto, (max-width: 712px) 100vw, 712px\" \/><\/a><\/figure>\n\n\n\n<div style=\"height:70px\" aria-hidden=\"true\" class=\"wp-block-spacer\"><\/div>\n\n\n\n<div class=\"wp-block-columns is-layout-flex wp-container-core-columns-is-layout-28f84493 wp-block-columns-is-layout-flex\">\n<div class=\"wp-block-column is-layout-flow wp-block-column-is-layout-flow\">\n<figure class=\"wp-block-image size-large is-resized\"><a href=\"https:\/\/cobe.fr\/wp-content\/uploads\/2025\/07\/CoBe_BOOK_Logements_avril2025.pdf\"><img loading=\"lazy\" decoding=\"async\" width=\"724\" height=\"1024\" src=\"https:\/\/cobe.fr\/wp-content\/uploads\/2025\/06\/Books-couvertures-site-web-architecture-724x1024.jpg\" alt=\"book CoBe Urbanisme 2024 - 2025\" class=\"wp-image-12752\" style=\"width:190px\" srcset=\"https:\/\/cobe.fr\/wp-content\/uploads\/2025\/06\/Books-couvertures-site-web-architecture-724x1024.jpg 724w, https:\/\/cobe.fr\/wp-content\/uploads\/2025\/06\/Books-couvertures-site-web-architecture-212x300.jpg 212w, https:\/\/cobe.fr\/wp-content\/uploads\/2025\/06\/Books-couvertures-site-web-architecture-768x1086.jpg 768w, https:\/\/cobe.fr\/wp-content\/uploads\/2025\/06\/Books-couvertures-site-web-architecture-8x12.jpg 8w, https:\/\/cobe.fr\/wp-content\/uploads\/2025\/06\/Books-couvertures-site-web-architecture-500x707.jpg 500w, https:\/\/cobe.fr\/wp-content\/uploads\/2025\/06\/Books-couvertures-site-web-architecture.jpg 794w\" sizes=\"auto, (max-width: 724px) 100vw, 724px\" \/><\/a><\/figure>\n<\/div>\n\n\n\n<div class=\"wp-block-column is-layout-flow wp-block-column-is-layout-flow\">\n<figure class=\"wp-block-image size-large is-resized\"><a href=\"https:\/\/cobe.fr\/wp-content\/uploads\/2025\/07\/BOOK2024_URBAPAYSAGE_2024-11_compressed.pdf\"><img loading=\"lazy\" decoding=\"async\" width=\"724\" height=\"1024\" src=\"https:\/\/cobe.fr\/wp-content\/uploads\/2025\/06\/Books-couvertures-site-web-urba-et-paysage-724x1024.jpg\" alt=\"Book CoBe Urban planning and landscape\" class=\"wp-image-12736\" style=\"width:190px\" srcset=\"https:\/\/cobe.fr\/wp-content\/uploads\/2025\/06\/Books-couvertures-site-web-urba-et-paysage-724x1024.jpg 724w, https:\/\/cobe.fr\/wp-content\/uploads\/2025\/06\/Books-couvertures-site-web-urba-et-paysage-212x300.jpg 212w, https:\/\/cobe.fr\/wp-content\/uploads\/2025\/06\/Books-couvertures-site-web-urba-et-paysage-768x1086.jpg 768w, https:\/\/cobe.fr\/wp-content\/uploads\/2025\/06\/Books-couvertures-site-web-urba-et-paysage-8x12.jpg 8w, https:\/\/cobe.fr\/wp-content\/uploads\/2025\/06\/Books-couvertures-site-web-urba-et-paysage-500x707.jpg 500w, https:\/\/cobe.fr\/wp-content\/uploads\/2025\/06\/Books-couvertures-site-web-urba-et-paysage.jpg 794w\" sizes=\"auto, (max-width: 724px) 100vw, 724px\" \/><\/a><\/figure>\n<\/div>\n\n\n\n<div class=\"wp-block-column is-layout-flow wp-block-column-is-layout-flow\">\n<figure class=\"wp-block-image size-large is-resized\"><a href=\"https:\/\/cobe.fr\/wp-content\/uploads\/2025\/07\/BOOK_DESIGN_2024_11_compressed.pdf\"><img loading=\"lazy\" decoding=\"async\" width=\"724\" height=\"1024\" src=\"https:\/\/cobe.fr\/wp-content\/uploads\/2025\/06\/Books-couvertures-site-web-design-724x1024.jpg\" alt=\"Book CoBe Design\" class=\"wp-image-12738\" style=\"width:190px\" srcset=\"https:\/\/cobe.fr\/wp-content\/uploads\/2025\/06\/Books-couvertures-site-web-design-724x1024.jpg 724w, https:\/\/cobe.fr\/wp-content\/uploads\/2025\/06\/Books-couvertures-site-web-design-212x300.jpg 212w, https:\/\/cobe.fr\/wp-content\/uploads\/2025\/06\/Books-couvertures-site-web-design-768x1086.jpg 768w, https:\/\/cobe.fr\/wp-content\/uploads\/2025\/06\/Books-couvertures-site-web-design-8x12.jpg 8w, https:\/\/cobe.fr\/wp-content\/uploads\/2025\/06\/Books-couvertures-site-web-design-500x707.jpg 500w, https:\/\/cobe.fr\/wp-content\/uploads\/2025\/06\/Books-couvertures-site-web-design.jpg 794w\" sizes=\"auto, (max-width: 724px) 100vw, 724px\" \/><\/a><\/figure>\n<\/div>\n\n\n\n<div class=\"wp-block-column is-layout-flow wp-block-column-is-layout-flow\">\n<figure class=\"wp-block-image size-large is-resized\"><a href=\"https:\/\/cobe.fr\/wp-content\/uploads\/2025\/07\/BOOK2021_V10.2_EXE_220719_compressed.pdf\"><img loading=\"lazy\" decoding=\"async\" width=\"724\" height=\"1024\" src=\"https:\/\/cobe.fr\/wp-content\/uploads\/2025\/06\/Books-couvertures-site-web-execution-724x1024.jpg\" alt=\"Book CoBe Execution\" class=\"wp-image-12737\" style=\"width:190px\" srcset=\"https:\/\/cobe.fr\/wp-content\/uploads\/2025\/06\/Books-couvertures-site-web-execution-724x1024.jpg 724w, https:\/\/cobe.fr\/wp-content\/uploads\/2025\/06\/Books-couvertures-site-web-execution-212x300.jpg 212w, https:\/\/cobe.fr\/wp-content\/uploads\/2025\/06\/Books-couvertures-site-web-execution-768x1086.jpg 768w, https:\/\/cobe.fr\/wp-content\/uploads\/2025\/06\/Books-couvertures-site-web-execution-8x12.jpg 8w, https:\/\/cobe.fr\/wp-content\/uploads\/2025\/06\/Books-couvertures-site-web-execution-500x707.jpg 500w, https:\/\/cobe.fr\/wp-content\/uploads\/2025\/06\/Books-couvertures-site-web-execution.jpg 794w\" sizes=\"auto, (max-width: 724px) 100vw, 724px\" \/><\/a><\/figure>\n<\/div>\n<\/div>\n\n\n\n<div style=\"height:40px\" aria-hidden=\"true\" class=\"wp-block-spacer\"><\/div>\n\n\n\n<p><\/p>","protected":false},"excerpt":{"rendered":"<p>Download our portfolio of 2025 references<\/p>","protected":false},"author":1,"featured_media":0,"parent":0,"menu_order":0,"comment_status":"closed","ping_status":"closed","template":"","meta":{"_seopress_robots_primary_cat":"","_seopress_titles_title":"","_seopress_titles_desc":"D\u00e9couvrez les Portfolios de l'agence CoBe","_seopress_robots_index":"","_vp_format_video_url":"","_vp_image_focal_point":[],"footnotes":""},"class_list":["post-12704","page","type-page","status-publish","hentry"],"blocksy_meta":{"styles_descriptor":{"styles":{"desktop":"[data-prefix=\"single_page\"] .entry-header .page-title {--theme-font-size:30px;} [data-prefix=\"single_page\"] .entry-header .entry-meta {--theme-font-weight:600;--theme-text-transform:uppercase;--theme-font-size:12px;--theme-line-height:1.3;} [data-prefix=\"single_page\"] .hero-section[data-type=\"type-2\"] {background-color:var(--theme-palette-color-8);background-image:none;--container-padding:50px 0;} [data-prefix=\"single_page\"] {background-color:var(--theme-palette-color-7);background-image:none;}","tablet":"","mobile":""},"google_fonts":{"Montserrat":["n4","n6"]},"version":6},"page_title_panel":"","has_hero_section":"enabled","43ab47c68e60e01c2303fc963c0d5f6f":"","hero_section":"type-2","hero_elements":[{"id":"custom_title","enabled":true,"heading_tag":"h1","title":"Home","__id":"T_FVMBvldprH1_0HA8bqL"},{"id":"custom_description","enabled":false,"description_visibility":{"desktop":true,"tablet":true,"mobile":false},"__id":"wJOzTBdNwZOGtO63-l98l"},{"id":"custom_meta","enabled":false,"meta_elements":[{"id":"author","enabled":true,"label":"Par","has_author_avatar":"yes","avatar_size":25},{"id":"post_date","enabled":true,"label":"Sur","date_format_source":"default","date_format":"M j, Y"},{"id":"updated_date","enabled":false,"label":"Sur","date_format_source":"default","date_format":"M j, Y"},{"id":"categories","enabled":false,"label":"Dans","style":"simple"},{"id":"comments","enabled":true}],"page_meta_elements":{"joined":true,"articles_count":true,"comments":true},"__id":"zjZcJ7Kp4pdkzSBYLRb9A"},{"id":"breadcrumbs","enabled":false,"__id":"URRUk1xnMUA01U4HtqHM6"}],"fc79a70f97db57d3a19c934081b0c750":"","hero_alignment1":"CT_CSS_SKIP_RULE","hero_margin":40,"hero_alignment2":"center","hero_vertical_alignment":"center","8c603e74baf96b595858ca40fdeba3ed":"","hero_structure":"narrow","7ff69ab09cf4c457aa75e054198f90e3":"","page_title_bg_type":"featured_image","custom_hero_background":{"attachment_id":null},"page_title_image_size":"full","parallax":{"desktop":false,"tablet":false,"mobile":false},"a1b8bb9a02e1ea3c9e72a94b57f15d9b":"","hero_height":"250px","pageTitleFont":{"family":"Default","variation":"Default","size":"30px","line-height":"CT_CSS_SKIP_RULE","letter-spacing":"CT_CSS_SKIP_RULE","text-transform":"CT_CSS_SKIP_RULE","text-decoration":"CT_CSS_SKIP_RULE"},"pageTitleFontColor":{"default":{"color":"CT_CSS_SKIP_RULEDEFAULT"}},"pageMetaFont":{"family":"Default","variation":"n6","size":"12px","line-height":"1.3","letter-spacing":"CT_CSS_SKIP_RULE","text-transform":"uppercase","text-decoration":"CT_CSS_SKIP_RULE"},"pageMetaFontColor":{"default":{"color":"CT_CSS_SKIP_RULEDEFAULT"},"hover":{"color":"CT_CSS_SKIP_RULEDEFAULT"}},"page_meta_button_type_font_colors":{"default":{"color":"CT_CSS_SKIP_RULEDEFAULT"},"hover":{"color":"CT_CSS_SKIP_RULEDEFAULT"}},"page_meta_button_type_background_colors":{"default":{"color":"CT_CSS_SKIP_RULEDEFAULT"},"hover":{"color":"CT_CSS_SKIP_RULEDEFAULT"}},"pageExcerptFont":{"family":"Default","variation":"Default","size":"CT_CSS_SKIP_RULE","line-height":"CT_CSS_SKIP_RULE","letter-spacing":"CT_CSS_SKIP_RULE","text-transform":"CT_CSS_SKIP_RULE","text-decoration":"CT_CSS_SKIP_RULE"},"pageExcerptColor":{"default":{"color":"CT_CSS_SKIP_RULEDEFAULT"}},"breadcrumbsFont":{"family":"Default","variation":"Default","size":"CT_CSS_SKIP_RULE","line-height":"CT_CSS_SKIP_RULE","letter-spacing":"CT_CSS_SKIP_RULE","text-transform":"CT_CSS_SKIP_RULE","text-decoration":"CT_CSS_SKIP_RULE"},"breadcrumbsFontColor":{"default":{"color":"CT_CSS_SKIP_RULEDEFAULT"},"initial":{"color":"CT_CSS_SKIP_RULEDEFAULT"},"hover":{"color":"CT_CSS_SKIP_RULEDEFAULT"}},"acf_field_hero_elements":"","typography":{"family":"Default","variation":"Default","size":"CT_CSS_SKIP_RULE","line-height":"CT_CSS_SKIP_RULE","letter-spacing":"CT_CSS_SKIP_RULE","text-transform":"CT_CSS_SKIP_RULE","text-decoration":"CT_CSS_SKIP_RULE"},"color":{"default":{"color":"CT_CSS_SKIP_RULEDEFAULT"},"hover":{"color":"CT_CSS_SKIP_RULEDEFAULT"}},"metabox_field_hero_elements":"","toolset_field_hero_elements":"","jetengine_field_hero_elements":"","custom_field_hero_elements":"","pageTitleOverlay":{"background_type":"color","background_pattern":"type-1","background_image":{"attachment_id":null,"x":0,"y":0},"gradient":"linear-gradient(135deg,rgba(6,147,227,1) 0%,rgb(155,81,224) 100%)","background_repeat":"repeat","background_size":"auto","background_attachment":"scroll","patternColor":{"default":{"color":"#e5e7ea"}},"overlayColor":{"default":{"color":"CT_CSS_SKIP_RULE"}},"backgroundColor":{"default":{"color":"CT_CSS_SKIP_RULE"}}},"pageTitleBackground":{"background_type":"color","background_pattern":"type-1","background_image":{"attachment_id":null,"x":0,"y":0},"gradient":"linear-gradient(135deg,rgba(6,147,227,1) 0%,rgb(155,81,224) 100%)","background_repeat":"repeat","background_size":"auto","background_attachment":"scroll","patternColor":{"default":{"color":"#e5e7ea"}},"overlayColor":{"default":{"color":"CT_CSS_SKIP_RULE"}},"backgroundColor":{"default":{"color":"var(--theme-palette-color-8)"}}},"pageTitlePadding":{"top":"50px","bottom":"50px","left":"auto","right":"auto","linked":true},"bf415892217ef82d7a547225edccdec1":"","page_structure_type":"default","f23fa84f85984a7fd0625707ebdcd55d":"","content_style_source":"inherit","content_style":"wide","vertical_spacing_source":"inherit","content_area_spacing":"both","background":{"background_type":{"background_type":"color","background_pattern":"type-1","background_image":{"attachment_id":null,"x":0,"y":0},"gradient":"linear-gradient(135deg,rgba(6,147,227,1) 0%,rgb(155,81,224) 100%)","background_repeat":"repeat","background_size":"auto","background_attachment":"scroll","patternColor":{"default":{"color":"#e5e7ea"}},"overlayColor":{"default":{"color":"CT_CSS_SKIP_RULE"}},"backgroundColor":{"default":{"color":"var(--theme-palette-color-7)"}}},"background_pattern":{"background_type":"color","background_pattern":"type-1","background_image":{"attachment_id":null,"x":0,"y":0},"gradient":"linear-gradient(135deg,rgba(6,147,227,1) 0%,rgb(155,81,224) 100%)","background_repeat":"repeat","background_size":"auto","background_attachment":"scroll","patternColor":{"default":{"color":"#e5e7ea"}},"overlayColor":{"default":{"color":"CT_CSS_SKIP_RULE"}},"backgroundColor":{"default":{"color":"var(--theme-palette-color-7)"}}},"background_image":{"background_type":"color","background_pattern":"type-1","background_image":{"attachment_id":null,"x":0,"y":0},"gradient":"linear-gradient(135deg,rgba(6,147,227,1) 0%,rgb(155,81,224) 100%)","background_repeat":"repeat","background_size":"auto","background_attachment":"scroll","patternColor":{"default":{"color":"#e5e7ea"}},"overlayColor":{"default":{"color":"CT_CSS_SKIP_RULE"}},"backgroundColor":{"default":{"color":"var(--theme-palette-color-7)"}}},"gradient":{"background_type":"color","background_pattern":"type-1","background_image":{"attachment_id":null,"x":0,"y":0},"gradient":"linear-gradient(135deg,rgba(6,147,227,1) 0%,rgb(155,81,224) 100%)","background_repeat":"repeat","background_size":"auto","background_attachment":"scroll","patternColor":{"default":{"color":"#e5e7ea"}},"overlayColor":{"default":{"color":"CT_CSS_SKIP_RULE"}},"backgroundColor":{"default":{"color":"var(--theme-palette-color-7)"}}},"background_repeat":{"background_type":"color","background_pattern":"type-1","background_image":{"attachment_id":null,"x":0,"y":0},"gradient":"linear-gradient(135deg,rgba(6,147,227,1) 0%,rgb(155,81,224) 100%)","background_repeat":"repeat","background_size":"auto","background_attachment":"scroll","patternColor":{"default":{"color":"#e5e7ea"}},"overlayColor":{"default":{"color":"CT_CSS_SKIP_RULE"}},"backgroundColor":{"default":{"color":"var(--theme-palette-color-7)"}}},"background_size":{"background_type":"color","background_pattern":"type-1","background_image":{"attachment_id":null,"x":0,"y":0},"gradient":"linear-gradient(135deg,rgba(6,147,227,1) 0%,rgb(155,81,224) 100%)","background_repeat":"repeat","background_size":"auto","background_attachment":"scroll","patternColor":{"default":{"color":"#e5e7ea"}},"overlayColor":{"default":{"color":"CT_CSS_SKIP_RULE"}},"backgroundColor":{"default":{"color":"var(--theme-palette-color-7)"}}},"background_attachment":{"background_type":"color","background_pattern":"type-1","background_image":{"attachment_id":null,"x":0,"y":0},"gradient":"linear-gradient(135deg,rgba(6,147,227,1) 0%,rgb(155,81,224) 100%)","background_repeat":"repeat","background_size":"auto","background_attachment":"scroll","patternColor":{"default":{"color":"#e5e7ea"}},"overlayColor":{"default":{"color":"CT_CSS_SKIP_RULE"}},"backgroundColor":{"default":{"color":"var(--theme-palette-color-7)"}}},"patternColor":{"background_type":"color","background_pattern":"type-1","background_image":{"attachment_id":null,"x":0,"y":0},"gradient":"linear-gradient(135deg,rgba(6,147,227,1) 0%,rgb(155,81,224) 100%)","background_repeat":"repeat","background_size":"auto","background_attachment":"scroll","patternColor":{"default":{"color":"#e5e7ea"}},"overlayColor":{"default":{"color":"CT_CSS_SKIP_RULE"}},"backgroundColor":{"default":{"color":"var(--theme-palette-color-7)"}}},"overlayColor":{"background_type":"color","background_pattern":"type-1","background_image":{"attachment_id":null,"x":0,"y":0},"gradient":"linear-gradient(135deg,rgba(6,147,227,1) 0%,rgb(155,81,224) 100%)","background_repeat":"repeat","background_size":"auto","background_attachment":"scroll","patternColor":{"default":{"color":"#e5e7ea"}},"overlayColor":{"default":{"color":"CT_CSS_SKIP_RULE"}},"backgroundColor":{"default":{"color":"var(--theme-palette-color-7)"}}},"backgroundColor":{"background_type":"color","background_pattern":"type-1","background_image":{"attachment_id":null,"x":0,"y":0},"gradient":"linear-gradient(135deg,rgba(6,147,227,1) 0%,rgb(155,81,224) 100%)","background_repeat":"repeat","background_size":"auto","background_attachment":"scroll","patternColor":{"default":{"color":"#e5e7ea"}},"overlayColor":{"default":{"color":"CT_CSS_SKIP_RULE"}},"backgroundColor":{"default":{"color":"var(--theme-palette-color-7)"}}},"desktop":{"background_type":"color","background_pattern":"type-1","background_image":{"attachment_id":null,"x":0,"y":0},"gradient":"linear-gradient(135deg,rgba(6,147,227,1) 0%,rgb(155,81,224) 100%)","background_repeat":"repeat","background_size":"auto","background_attachment":"scroll","patternColor":{"default":{"color":"#e5e7ea"}},"overlayColor":{"default":{"color":"CT_CSS_SKIP_RULE"}},"backgroundColor":{"default":{"color":"var(--theme-palette-color-7)"}}},"tablet":{"background_type":"color","background_pattern":"type-1","background_image":{"attachment_id":null,"x":0,"y":0},"gradient":"linear-gradient(135deg,rgba(6,147,227,1) 0%,rgb(155,81,224) 100%)","background_repeat":"repeat","background_size":"auto","background_attachment":"scroll","patternColor":{"default":{"color":"#e5e7ea"}},"overlayColor":{"default":{"color":"CT_CSS_SKIP_RULE"}},"backgroundColor":{"default":{"color":"var(--theme-palette-color-7)"}}},"mobile":{"background_type":"color","background_pattern":"type-1","background_image":{"attachment_id":null,"x":0,"y":0},"gradient":"linear-gradient(135deg,rgba(6,147,227,1) 0%,rgb(155,81,224) 100%)","background_repeat":"repeat","background_size":"auto","background_attachment":"scroll","patternColor":{"default":{"color":"#e5e7ea"}},"overlayColor":{"default":{"color":"CT_CSS_SKIP_RULE"}},"backgroundColor":{"default":{"color":"var(--theme-palette-color-7)"}}},"__changed":[]},"content_background":{"background_type":"color","background_pattern":"type-1","background_image":{"attachment_id":null,"x":0,"y":0},"gradient":"linear-gradient(135deg,rgba(6,147,227,1) 0%,rgb(155,81,224) 100%)","background_repeat":"repeat","background_size":"auto","background_attachment":"scroll","patternColor":{"default":{"color":"#e5e7ea"}},"overlayColor":{"default":{"color":"CT_CSS_SKIP_RULE"}},"backgroundColor":{"default":{"color":"var(--theme-palette-color-8)"}}},"content_boxed_shadow":{"inherit":false,"blur":18,"spread":-6,"v_offset":12,"h_offset":0,"inset":false,"enable":true,"color":{"color":"rgba(34, 56, 101, 0.04)"}},"content_boxed_border":{"width":1,"style":"none","color":{"color":"rgba(44,62,80,0.2)"}},"content_boxed_radius":{"top":"3px","bottom":"3px","left":"3px","right":"3px","linked":true},"boxed_content_spacing":{"desktop":{"top":"40px","bottom":"40px","left":"40px","right":"40px","linked":true},"tablet":{"top":"35px","bottom":"35px","left":"35px","right":"35px","linked":true},"mobile":{"top":"20px","bottom":"20px","left":"20px","right":"20px","linked":true}},"0fa7e5ccd365bb9c2d481b1eb028ff97":"","disable_featured_image":"no","disable_share_box":"no","disable_header":"no","disable_footer":"no","53add6c5fc4d87a7c862581aa1f153f3":"","532dd421c0cb7b8f6038002144852efd":"","3f9f9bc9c0723e273a6f125d500bc9c6":"","ff3d066bac01a3e1dfb678d436e9debc":"","56ed7bfd3f4db3936b60c8efd718ea63":"","3b11bf605995a43fd8825cb77cd7fa21":"","dd1c66ec6ac5e5c33f8f9e3c603909c3":"","ad9ff9c029842d449338c42108437c4f":"","92a2db16cf84242dbd93904b80b66704":"","3ad6e43b569e7a99b04a087be7dedf13":"","95d4ea4c9c5aa1431243840e54c88e4a":"","8680981a46da113c611bbceccd800a73":"","9c25f2d0effa46d6833c4eba4f732b22":"","1703cd61f2b9143f00c1049e7c9b1cac":"","2221283a054209515b3d8da914417eda":"","ab72f735fed10eb345bc84ffd0423d3e":""},"featured_image_src":"","featured_image_src_square":false,"rbea_author_info":{"display_name":"cecile.g","author_link":"https:\/\/cobe.fr\/en\/author\/cecile-g\/"},"rbea_excerpt_info":"T\u00e9l\u00e9chargez notre portfolio de r\u00e9f\u00e9rences 2025","_links":{"self":[{"href":"https:\/\/cobe.fr\/en\/wp-json\/wp\/v2\/pages\/12704","targetHints":{"allow":["GET"]}}],"collection":[{"href":"https:\/\/cobe.fr\/en\/wp-json\/wp\/v2\/pages"}],"about":[{"href":"https:\/\/cobe.fr\/en\/wp-json\/wp\/v2\/types\/page"}],"author":[{"embeddable":true,"href":"https:\/\/cobe.fr\/en\/wp-json\/wp\/v2\/users\/1"}],"replies":[{"embeddable":true,"href":"https:\/\/cobe.fr\/en\/wp-json\/wp\/v2\/comments?post=12704"}],"version-history":[{"count":19,"href":"https:\/\/cobe.fr\/en\/wp-json\/wp\/v2\/pages\/12704\/revisions"}],"predecessor-version":[{"id":12910,"href":"https:\/\/cobe.fr\/en\/wp-json\/wp\/v2\/pages\/12704\/revisions\/12910"}],"wp:attachment":[{"href":"https:\/\/cobe.fr\/en\/wp-json\/wp\/v2\/media?parent=12704"}],"curies":[{"name":"wp","href":"https:\/\/api.w.org\/{rel}","templated":true}]}}